{"id":9012,"date":"2018-11-17T04:41:46","date_gmt":"2018-11-17T04:41:46","guid":{"rendered":"https:\/\/drthair.com\/about-us\/"},"modified":"2026-01-02T00:10:19","modified_gmt":"2026-01-01T21:10:19","slug":"ueber-uns","status":"publish","type":"page","link":"https:\/\/drthair.com\/de\/ueber-uns\/","title":{"rendered":"\u00dcber Uns"},"content":{"rendered":"<div class=\"wpb-content-wrapper\"><p>[vc_row full_width=&#8221;stretch_row&#8221; content_placement=&#8221;middle&#8221; css=&#8221;.vc_custom_1706557272204{padding-top: 120px !important;padding-bottom: 60px !important;background-position: center !important;background-repeat: no-repeat !important;background-size: cover !important;}&#8221; el_class=&#8221;home1-about-sec&#8221;][vc_column width=&#8221;1\/2&#8243; css=&#8221;.vc_custom_1593255934050{margin-top: 0px !important;padding-right: 25px !important;}&#8221;][vc_single_image image=&#8221;11554&#8243; img_size=&#8221;full&#8221;][\/vc_column][vc_column width=&#8221;1\/2&#8243; css=&#8221;.vc_custom_1562234115025{padding-left: 40px !important;}&#8221;]\r\n        <div class=\"rs-heading style7  vc_custom_1594850461425  \">\r\n        \t<div class=\"title-inner\">\r\n        \t\t\r\n\t            \r\n\t            <h2 class=\"title title-upper\" style=\"color: #021b79\">Drt Hair<\/h2>\r\n\t        <\/div><\/div>[vc_column_text css=&#8221;&#8221;]DrT Hair ist eine international anerkannte Einrichtung, die sich auf Haartransplantationen in verschiedenen Regionen spezialisiert hat. Die DrT Hair Transplant Klinik wurde 1998 von Dr. Tayfun Oguzoglu in Ankara, T\u00fcrkei, gegr\u00fcndet. 2017 er\u00f6ffnete DrT Hair eine zweite Klinik in Kyrenia, Zypern. 2019 expandierte DrT Hair nach M\u00fcnchen, Deutschland. 2023 wurde eine Niederlassung in Wien er\u00f6ffnet.<\/p>\n<p>Wir bieten all unseren Patienten eine medizinische Versorgung auf h\u00f6chstem Niveau. Alle DrT Hair Transplant Kliniken sind von den zust\u00e4ndigen Gesundheitsbeh\u00f6rden offiziell zugelassen. Die DrT Hair Transplant Klinik in Ankara ist zudem JCI-zertifiziert. Auch die DrT Hair Klinik in Zypern erf\u00fcllt diese Anforderungen.<\/p>\n<p>Die DrT Hair Transplant Kliniken verfolgen ein exklusives Konzept. Wir f\u00fchren j\u00e4hrlich nur eine begrenzte Anzahl von Behandlungen durch, um unseren Patienten eine optimale Versorgung zu gew\u00e4hrleisten. DrT Hair arbeitet ausschlie\u00dflich mit \u00c4rzten zusammen, die \u00fcber internationale und nationale Qualifikationsnachweise verf\u00fcgen. Unsere \u00c4rzte sind stets auf dem neuesten Stand der Technik und setzen diese optimal ein, um jedem Patienten individuelle und perfekte Ergebnisse zu bieten.<\/p>\n<p>DrT Hair verf\u00fcgt \u00fcber die erforderlichen Lizenzen als Vermittlungsstelle sowie weitere nationale und internationale Zulassungen, darunter auch die Lizenzen der Tursab A-Gruppe f\u00fcr Gesundheitstourismus. Dadurch k\u00f6nnen wir unseren Patienten aus aller Welt All-inclusive-Pakete anbieten, die Leistungen wie Unterkunft, Flughafentransfer und \u00dcbersetzungsdienste etc. umfassen. DrT Hair ist somit eine vollst\u00e4ndig zertifizierte Einrichtung, die ihren Patienten in jeder Phase ihrer Behandlung h\u00f6chste Qualit\u00e4t bietet.[\/vc_column_text][\/vc_column][\/vc_row][vc_row css=&#8221;.vc_custom_1592722391145{padding-top: 0px !important;padding-bottom: 90px !important;}&#8221;][vc_column]\r\n        <div class=\"rs-heading style7  vc_custom_1767301779862  text-center\">\r\n        \t<div class=\"title-inner\">\r\n        \t\t\r\n\t            \r\n\t            <h2 class=\"title title-upper\" style=\"color: #021b79\"><span class=\"watermark\">Unser \u00c4rzteteam<\/span>Unser \u00c4rzteteam<\/h2>\r\n\t        <\/div><\/div>[vc_empty_space]<div class=\"rs-team-grid rs-team team-style5\">\n\t\t<div class=\"row\"><div class=\"col-lg-4 col-md-6 col-sm-6 team-style5\">\n\t\t\t\t\t\t<div class=\"team-item\">\n\t\t\t\t\t\t\t<div class=\"team-item-inner\">\n\t\t\t\t\t\t\t\t<a href=\"https:\/\/drthair.com\/de\/doctor\/dr-tayfun-oguzoglu\/\">\n\t\t\t\t\t\t\t\t\t<img decoding=\"async\" src=\"https:\/\/drthair.com\/wp-content\/uploads\/2018\/12\/drtaygunoguzoglu.jpg\" alt=\"Dr. Tayfun Oguzoglu\" \/>\n\t\t\t\t\t\t\t\t<\/a>\n\t\t\t\t\t\t\t\t<div class=\"normal-text\">\n\t\t\t\t\t\t\t\t\t<span class=\"person-name\"><a href=\"https:\/\/drthair.com\/de\/doctor\/dr-tayfun-oguzoglu\/\">Dr. Tayfun Oguzoglu<\/a><\/span>\n\t\t\t\t\t\t\t\t\t<span class=\"team-title\"><\/span>\n\t\t\t\t\t\t\t\t\t<p class=\"team-text\">Dr. Tayfun Oguzoglu schloss im Jahr 1990 sein Studium an der medizinischen Fakult\u00e4t der Gazi Universit\u00e4t in Ankara, T\u00fcrkei, ab. Er gr\u00fcndete 1998 die DrT Haartransplantationsklinik in der T\u00fcrkei.<\/p>\n\t\t\t\t\t\t\t\t\t<div class=\"social-icons\">\n\t\t\t\t\t\t\t\t\t\t\n\t\t\t\t\t\t\t\t\t\t\n\t\t\t\t\t\t\t\t\t\t\n\t\t\t\t\t\t\t\t\t\t\n\t\t\t\t\t\t\t        <\/div>\n\t\t\t\t\t\t\t\t<\/div>\n\t\t\t\t\t\t\t<\/div>\n\t\t\t\t\t  \t<\/div>\n\t\t  \t\t<\/div><\/div>\n\t   <div>\n\t <\/div>\n\t<\/div>[\/vc_column][\/vc_row][vc_row css=&#8221;.vc_custom_1592722391145{padding-top: 0px !important;padding-bottom: 90px !important;}&#8221;][vc_column]\r\n        <div class=\"rs-heading style7  vc_custom_1767301791569  text-center\">\r\n        \t<div class=\"title-inner\">\r\n        \t\t\r\n\t            \r\n\t            <h2 class=\"title title-upper\" style=\"color: #021b79\"><span class=\"watermark\">DrT Hair Ankara T\u00fcrkei<\/span>DrT Hair Ankara T\u00fcrkei<\/h2>\r\n\t        <\/div><\/div>[vc_empty_space][vc_row_inner][vc_column_inner width=&#8221;3\/4&#8243;][vc_images_carousel images=&#8221;11616,11612,11608,11604,11600,11596,11592,11588,11584,11580,11576,11572,11568,11564,11560&#8243; img_size=&#8221;full&#8221; speed=&#8221;2000&#8243; slides_per_view=&#8221;3&#8243; autoplay=&#8221;yes&#8221; hide_pagination_control=&#8221;yes&#8221; wrap=&#8221;yes&#8221;][\/vc_column_inner][vc_column_inner width=&#8221;1\/4&#8243;][vc_single_image image=&#8221;12021&#8243; img_size=&#8221;full&#8221; alignment=&#8221;center&#8221; onclick=&#8221;custom_link&#8221; img_link_target=&#8221;_blank&#8221; link=&#8221;https:\/\/youtube.com\/shorts\/-C_IMkE_Yqo?si=XYpfb27ARV8lo5x5&#8243;][\/vc_column_inner][\/vc_row_inner][\/vc_column][\/vc_row][vc_row css=&#8221;.vc_custom_1592722391145{padding-top: 0px !important;padding-bottom: 90px !important;}&#8221;][vc_column]\r\n        <div class=\"rs-heading style7  vc_custom_1767301803130  text-center\">\r\n        \t<div class=\"title-inner\">\r\n        \t\t\r\n\t            \r\n\t            <h2 class=\"title title-upper\" style=\"color: #021b79\"><span class=\"watermark\">DrT Hair Kyrenia Zypern<\/span>DrT Hair Kyrenia Zypern<\/h2>\r\n\t        <\/div><\/div>[vc_empty_space][vc_row_inner][vc_column_inner width=&#8221;3\/4&#8243;][vc_images_carousel images=&#8221;12043,12035,12031,12039&#8243; img_size=&#8221;full&#8221; speed=&#8221;2000&#8243; slides_per_view=&#8221;3&#8243; autoplay=&#8221;yes&#8221; hide_pagination_control=&#8221;yes&#8221; wrap=&#8221;yes&#8221;][\/vc_column_inner][vc_column_inner width=&#8221;1\/4&#8243;][vc_single_image image=&#8221;12047&#8243; img_size=&#8221;full&#8221; alignment=&#8221;center&#8221; onclick=&#8221;custom_link&#8221; img_link_target=&#8221;_blank&#8221; link=&#8221;https:\/\/www.youtube.com\/shorts\/-u1cNW-fyIQ&#8221;][\/vc_column_inner][\/vc_row_inner][\/vc_column][\/vc_row][vc_row css=&#8221;.vc_custom_1612172231509{padding-top: 0px !important;padding-bottom: 50px !important;background-image: url(https:\/\/drthair.com\/wp-content\/uploads\/2021\/02\/bglocation.jpg?id=9859) !important;background-position: center !important;background-repeat: no-repeat !important;background-size: contain !important;}&#8221;][vc_column]\r\n        <div class=\"rs-heading style7  vc_custom_1767301812544  text-center\">\r\n        \t<div class=\"title-inner\">\r\n        \t\t\r\n\t            \r\n\t            <h2 class=\"title title-upper\" style=\"color: #021b79\"><span class=\"watermark\">Unsere Standorte<\/span>Unsere Standorte<\/h2>\r\n\t        <\/div><\/div>[vc_empty_space][vc_row_inner][vc_column_inner width=&#8221;1\/3&#8243;]\r\n        <div class=\"rs-heading style7  vc_custom_1746826320287  text-center\">\r\n        \t<div class=\"title-inner\">\r\n        \t\t\r\n\t            \r\n\t            <h5 class=\"title title-upper\" style=\"color: #021b79\">DrT Hair Transplant Clinic<br \/>\nTurkey, Cyprus<\/h5>\r\n\t        <\/div><\/div>\r\n       <div class=\"rs-contact\">\r\n        <div class=\"contact-address    \"><div class=\"address-item\">\r\n                <div class=\"address-icon\">\r\n                    <i class=\"icon icon-basic-smartphone\"><\/i>\r\n                <\/div>\r\n                <div class=\"address-text\">\r\n                    <h3 class=\"contact-title\">Call Us<\/h3>\r\n                    <a href= \"tel:++905424706070\">+905424706070<\/a>\r\n                <\/div>\r\n            <\/div><div class=\"address-item\">\r\n                    <div class=\"address-icon\">\r\n                        <i class=\"icon icon-basic-mail-multiple\"><\/i>\r\n                    <\/div>\r\n                    <div class=\"address-text\">\r\n                        <h3 class=\"contact-title\">Mail Us<\/h3>\r\n                        <a href= \"mailto:info@drthair.com\">info@drthair.com<\/a>                   \r\n                    <\/div>\r\n                <\/div><div class=\"address-item\">\r\n                    <div class=\"address-icon\">\r\n                        <i class=\"icon icon-basic-geolocalize-01\"><\/i>\r\n                    <\/div>\r\n                    <div class=\"address-text\">\r\n                        <h3 class=\"contact-title\">Address<\/h3>\r\n                        Kaz\u0131m \u00d6zalp Mahallesi U\u011fur Mumcu Caddesi No : 8E : 1, 06680 \u00c7ankaya\/Ankara, T\u00fcrkiye\r\n                    <\/div>\r\n                <\/div><\/div><\/div>[\/vc_column_inner][vc_column_inner width=&#8221;1\/3&#8243;]\r\n        <div class=\"rs-heading style7  vc_custom_1706557223718  text-center\">\r\n        \t<div class=\"title-inner\">\r\n        \t\t\r\n\t            \r\n\t            <h5 class=\"title title-upper\" style=\"color: #021b79\">DrT Hair<br \/>\nGermany Office<\/h5>\r\n\t        <\/div><\/div>\r\n       <div class=\"rs-contact\">\r\n        <div class=\"contact-address    \"><div class=\"address-item\">\r\n                <div class=\"address-icon\">\r\n                    <i class=\"icon icon-basic-smartphone\"><\/i>\r\n                <\/div>\r\n                <div class=\"address-text\">\r\n                    <h3 class=\"contact-title\">Call Us<\/h3>\r\n                    <a href= \"tel:++4915224178832\">+4915224178832<\/a>\r\n                <\/div>\r\n            <\/div><div class=\"address-item\">\r\n                    <div class=\"address-icon\">\r\n                        <i class=\"icon icon-basic-mail-multiple\"><\/i>\r\n                    <\/div>\r\n                    <div class=\"address-text\">\r\n                        <h3 class=\"contact-title\">Mail Us<\/h3>\r\n                        <a href= \"mailto:efe@drthair.com\">efe@drthair.com<\/a>                   \r\n                    <\/div>\r\n                <\/div><div class=\"address-item\">\r\n                    <div class=\"address-icon\">\r\n                        <i class=\"icon icon-basic-geolocalize-01\"><\/i>\r\n                    <\/div>\r\n                    <div class=\"address-text\">\r\n                        <h3 class=\"contact-title\">Address<\/h3>\r\n                        Munich,\u00a0 Germany\r\n                    <\/div>\r\n                <\/div><\/div><\/div>[\/vc_column_inner][vc_column_inner width=&#8221;1\/3&#8243;]\r\n        <div class=\"rs-heading style7  vc_custom_1706557233220  text-center\">\r\n        \t<div class=\"title-inner\">\r\n        \t\t\r\n\t            \r\n\t            <h5 class=\"title title-upper\" style=\"color: #021b79\">DrT Hair<br \/>\nAustria Office<\/h5>\r\n\t        <\/div><\/div>\r\n       <div class=\"rs-contact\">\r\n        <div class=\"contact-address    \"><div class=\"address-item\">\r\n                <div class=\"address-icon\">\r\n                    <i class=\"icon icon-basic-smartphone\"><\/i>\r\n                <\/div>\r\n                <div class=\"address-text\">\r\n                    <h3 class=\"contact-title\">Call Us<\/h3>\r\n                    <a href= \"tel:++905497109503\">+905497109503<\/a>\r\n                <\/div>\r\n            <\/div><div class=\"address-item\">\r\n                    <div class=\"address-icon\">\r\n                        <i class=\"icon icon-basic-mail-multiple\"><\/i>\r\n                    <\/div>\r\n                    <div class=\"address-text\">\r\n                        <h3 class=\"contact-title\">Mail Us<\/h3>\r\n                        <a href= \"mailto:ebru@drthair.com\">ebru@drthair.com<\/a>                   \r\n                    <\/div>\r\n                <\/div><div class=\"address-item\">\r\n                    <div class=\"address-icon\">\r\n                        <i class=\"icon icon-basic-geolocalize-01\"><\/i>\r\n                    <\/div>\r\n                    <div class=\"address-text\">\r\n                        <h3 class=\"contact-title\">Address<\/h3>\r\n                        Vienna, Austria\r\n                    <\/div>\r\n                <\/div><\/div><\/div>[\/vc_column_inner][\/vc_row_inner][\/vc_column][\/vc_row]<\/p>\n<\/div>","protected":false},"excerpt":{"rendered":"<p>[vc_row full_width=&#8221;stretch_row&#8221; content_placement=&#8221;middle&#8221; css=&#8221;.vc_custom_1706557272204{padding-top: 120px !important;padding-bottom: 60px !important;background-position: center !important;background-repeat: no-repeat !important;background-size: cover !important;}&#8221; el_class=&#8221;home1-about-sec&#8221;][vc_column width=&#8221;1\/2&#8243; css=&#8221;.vc_custom_1593255934050{margin-top: 0px !important;padding-right: 25px !important;}&#8221;][vc_single_image image=&#8221;11554&#8243; img_size=&#8221;full&#8221;][\/vc_column][vc_column width=&#8221;1\/2&#8243; css=&#8221;.vc_custom_1562234115025{padding-left: 40px !important;}&#8221;][vc_column_text css=&#8221;&#8221;]DrT Hair ist eine international anerkannte Einrichtung, die sich auf Haartransplantationen in verschiedenen Regionen spezialisiert hat. Die DrT Hair Transplant Klinik wurde 1998 von Dr. Tayfun Oguzoglu in&#8230;<\/p>\n","protected":false},"author":1,"featured_media":0,"parent":0,"menu_order":0,"comment_status":"closed","ping_status":"closed","template":"","meta":{"footnotes":""},"class_list":["post-9012","page","type-page","status-publish","hentry"],"yoast_head":"<!-- This site is optimized with the Yoast SEO plugin v27.3 - https:\/\/yoast.com\/product\/yoast-seo-wordpress\/ -->\n<title>\u00dcber Uns - DrT Hair Best Hair Transplant<\/title>\n<meta name=\"robots\" content=\"index, follow, max-snippet:-1, max-image-preview:large, max-video-preview:-1\" \/>\n<link rel=\"canonical\" href=\"https:\/\/drthair.com\/de\/ueber-uns\/\" \/>\n<meta property=\"og:locale\" content=\"de_DE\" \/>\n<meta property=\"og:type\" content=\"article\" \/>\n<meta property=\"og:title\" content=\"\u00dcber Uns - DrT Hair Best Hair Transplant\" \/>\n<meta property=\"og:description\" content=\"[vc_row full_width=&#8221;stretch_row&#8221; content_placement=&#8221;middle&#8221; css=&#8221;.vc_custom_1706557272204{padding-top: 120px !important;padding-bottom: 60px !important;background-position: center !important;background-repeat: no-repeat !important;background-size: cover !important;}&#8221; el_class=&#8221;home1-about-sec&#8221;][vc_column width=&#8221;1\/2&#8243; css=&#8221;.vc_custom_1593255934050{margin-top: 0px !important;padding-right: 25px !important;}&#8221;][vc_single_image image=&#8221;11554&#8243; img_size=&#8221;full&#8221;][\/vc_column][vc_column width=&#8221;1\/2&#8243; css=&#8221;.vc_custom_1562234115025{padding-left: 40px !important;}&#8221;][vc_column_text css=&#8221;&#8221;]DrT Hair ist eine international anerkannte Einrichtung, die sich auf Haartransplantationen in verschiedenen Regionen spezialisiert hat. Die DrT Hair Transplant Klinik wurde 1998 von Dr. Tayfun Oguzoglu in...\" \/>\n<meta property=\"og:url\" content=\"https:\/\/drthair.com\/de\/ueber-uns\/\" \/>\n<meta property=\"og:site_name\" content=\"DrT Hair Best Hair Transplant\" \/>\n<meta property=\"article:publisher\" content=\"https:\/\/www.facebook.com\/hairtransplant.drt\" \/>\n<meta property=\"article:modified_time\" content=\"2026-01-01T21:10:19+00:00\" \/>\n<meta name=\"twitter:label1\" content=\"Gesch\u00e4tzte Lesezeit\" \/>\n\t<meta name=\"twitter:data1\" content=\"11\u00a0Minuten\" \/>\n<script type=\"application\/ld+json\" class=\"yoast-schema-graph\">{\"@context\":\"https:\\\/\\\/schema.org\",\"@graph\":[{\"@type\":\"WebPage\",\"@id\":\"https:\\\/\\\/drthair.com\\\/de\\\/ueber-uns\\\/\",\"url\":\"https:\\\/\\\/drthair.com\\\/de\\\/ueber-uns\\\/\",\"name\":\"\u00dcber Uns - DrT Hair Best Hair Transplant\",\"isPartOf\":{\"@id\":\"https:\\\/\\\/drthair.com\\\/#website\"},\"datePublished\":\"2018-11-17T04:41:46+00:00\",\"dateModified\":\"2026-01-01T21:10:19+00:00\",\"breadcrumb\":{\"@id\":\"https:\\\/\\\/drthair.com\\\/de\\\/ueber-uns\\\/#breadcrumb\"},\"inLanguage\":\"de\",\"potentialAction\":[{\"@type\":\"ReadAction\",\"target\":[\"https:\\\/\\\/drthair.com\\\/de\\\/ueber-uns\\\/\"]}]},{\"@type\":\"BreadcrumbList\",\"@id\":\"https:\\\/\\\/drthair.com\\\/de\\\/ueber-uns\\\/#breadcrumb\",\"itemListElement\":[{\"@type\":\"ListItem\",\"position\":1,\"name\":\"Home\",\"item\":\"https:\\\/\\\/drthair.com\\\/de\\\/\"},{\"@type\":\"ListItem\",\"position\":2,\"name\":\"\u00dcber Uns\"}]},{\"@type\":\"WebSite\",\"@id\":\"https:\\\/\\\/drthair.com\\\/#website\",\"url\":\"https:\\\/\\\/drthair.com\\\/\",\"name\":\"DrT Hair Best Hair Transplant\",\"description\":\"Best Hair Transplantation  in Turkey\",\"publisher\":{\"@id\":\"https:\\\/\\\/drthair.com\\\/#organization\"},\"potentialAction\":[{\"@type\":\"SearchAction\",\"target\":{\"@type\":\"EntryPoint\",\"urlTemplate\":\"https:\\\/\\\/drthair.com\\\/?s={search_term_string}\"},\"query-input\":{\"@type\":\"PropertyValueSpecification\",\"valueRequired\":true,\"valueName\":\"search_term_string\"}}],\"inLanguage\":\"de\"},{\"@type\":\"Organization\",\"@id\":\"https:\\\/\\\/drthair.com\\\/#organization\",\"name\":\"DrT Hair\",\"url\":\"https:\\\/\\\/drthair.com\\\/\",\"logo\":{\"@type\":\"ImageObject\",\"inLanguage\":\"de\",\"@id\":\"https:\\\/\\\/drthair.com\\\/#\\\/schema\\\/logo\\\/image\\\/\",\"url\":\"https:\\\/\\\/drthair.com\\\/wp-content\\\/uploads\\\/2020\\\/06\\\/logo-org.png\",\"contentUrl\":\"https:\\\/\\\/drthair.com\\\/wp-content\\\/uploads\\\/2020\\\/06\\\/logo-org.png\",\"width\":620,\"height\":95,\"caption\":\"DrT Hair\"},\"image\":{\"@id\":\"https:\\\/\\\/drthair.com\\\/#\\\/schema\\\/logo\\\/image\\\/\"},\"sameAs\":[\"https:\\\/\\\/www.facebook.com\\\/hairtransplant.drt\",\"https:\\\/\\\/www.instagram.com\\\/drthairtransplant\\\/\",\"https:\\\/\\\/www.youtube.com\\\/channel\\\/UCsQGjJoo4xatb74vRph7rcw\"]}]}<\/script>\n<!-- \/ Yoast SEO plugin. -->","yoast_head_json":{"title":"\u00dcber Uns - DrT Hair Best Hair Transplant","robots":{"index":"index","follow":"follow","max-snippet":"max-snippet:-1","max-image-preview":"max-image-preview:large","max-video-preview":"max-video-preview:-1"},"canonical":"https:\/\/drthair.com\/de\/ueber-uns\/","og_locale":"de_DE","og_type":"article","og_title":"\u00dcber Uns - DrT Hair Best Hair Transplant","og_description":"[vc_row full_width=&#8221;stretch_row&#8221; content_placement=&#8221;middle&#8221; css=&#8221;.vc_custom_1706557272204{padding-top: 120px !important;padding-bottom: 60px !important;background-position: center !important;background-repeat: no-repeat !important;background-size: cover !important;}&#8221; el_class=&#8221;home1-about-sec&#8221;][vc_column width=&#8221;1\/2&#8243; css=&#8221;.vc_custom_1593255934050{margin-top: 0px !important;padding-right: 25px !important;}&#8221;][vc_single_image image=&#8221;11554&#8243; img_size=&#8221;full&#8221;][\/vc_column][vc_column width=&#8221;1\/2&#8243; css=&#8221;.vc_custom_1562234115025{padding-left: 40px !important;}&#8221;][vc_column_text css=&#8221;&#8221;]DrT Hair ist eine international anerkannte Einrichtung, die sich auf Haartransplantationen in verschiedenen Regionen spezialisiert hat. Die DrT Hair Transplant Klinik wurde 1998 von Dr. Tayfun Oguzoglu in...","og_url":"https:\/\/drthair.com\/de\/ueber-uns\/","og_site_name":"DrT Hair Best Hair Transplant","article_publisher":"https:\/\/www.facebook.com\/hairtransplant.drt","article_modified_time":"2026-01-01T21:10:19+00:00","twitter_misc":{"Gesch\u00e4tzte Lesezeit":"11\u00a0Minuten"},"schema":{"@context":"https:\/\/schema.org","@graph":[{"@type":"WebPage","@id":"https:\/\/drthair.com\/de\/ueber-uns\/","url":"https:\/\/drthair.com\/de\/ueber-uns\/","name":"\u00dcber Uns - DrT Hair Best Hair Transplant","isPartOf":{"@id":"https:\/\/drthair.com\/#website"},"datePublished":"2018-11-17T04:41:46+00:00","dateModified":"2026-01-01T21:10:19+00:00","breadcrumb":{"@id":"https:\/\/drthair.com\/de\/ueber-uns\/#breadcrumb"},"inLanguage":"de","potentialAction":[{"@type":"ReadAction","target":["https:\/\/drthair.com\/de\/ueber-uns\/"]}]},{"@type":"BreadcrumbList","@id":"https:\/\/drthair.com\/de\/ueber-uns\/#breadcrumb","itemListElement":[{"@type":"ListItem","position":1,"name":"Home","item":"https:\/\/drthair.com\/de\/"},{"@type":"ListItem","position":2,"name":"\u00dcber Uns"}]},{"@type":"WebSite","@id":"https:\/\/drthair.com\/#website","url":"https:\/\/drthair.com\/","name":"DrT Hair Best Hair Transplant","description":"Best Hair Transplantation  in Turkey","publisher":{"@id":"https:\/\/drthair.com\/#organization"},"potentialAction":[{"@type":"SearchAction","target":{"@type":"EntryPoint","urlTemplate":"https:\/\/drthair.com\/?s={search_term_string}"},"query-input":{"@type":"PropertyValueSpecification","valueRequired":true,"valueName":"search_term_string"}}],"inLanguage":"de"},{"@type":"Organization","@id":"https:\/\/drthair.com\/#organization","name":"DrT Hair","url":"https:\/\/drthair.com\/","logo":{"@type":"ImageObject","inLanguage":"de","@id":"https:\/\/drthair.com\/#\/schema\/logo\/image\/","url":"https:\/\/drthair.com\/wp-content\/uploads\/2020\/06\/logo-org.png","contentUrl":"https:\/\/drthair.com\/wp-content\/uploads\/2020\/06\/logo-org.png","width":620,"height":95,"caption":"DrT Hair"},"image":{"@id":"https:\/\/drthair.com\/#\/schema\/logo\/image\/"},"sameAs":["https:\/\/www.facebook.com\/hairtransplant.drt","https:\/\/www.instagram.com\/drthairtransplant\/","https:\/\/www.youtube.com\/channel\/UCsQGjJoo4xatb74vRph7rcw"]}]}},"_links":{"self":[{"href":"https:\/\/drthair.com\/de\/wp-json\/wp\/v2\/pages\/9012","targetHints":{"allow":["GET"]}}],"collection":[{"href":"https:\/\/drthair.com\/de\/wp-json\/wp\/v2\/pages"}],"about":[{"href":"https:\/\/drthair.com\/de\/wp-json\/wp\/v2\/types\/page"}],"author":[{"embeddable":true,"href":"https:\/\/drthair.com\/de\/wp-json\/wp\/v2\/users\/1"}],"replies":[{"embeddable":true,"href":"https:\/\/drthair.com\/de\/wp-json\/wp\/v2\/comments?post=9012"}],"version-history":[{"count":8,"href":"https:\/\/drthair.com\/de\/wp-json\/wp\/v2\/pages\/9012\/revisions"}],"predecessor-version":[{"id":13350,"href":"https:\/\/drthair.com\/de\/wp-json\/wp\/v2\/pages\/9012\/revisions\/13350"}],"wp:attachment":[{"href":"https:\/\/drthair.com\/de\/wp-json\/wp\/v2\/media?parent=9012"}],"curies":[{"name":"wp","href":"https:\/\/api.w.org\/{rel}","templated":true}]}}