{"id":9027,"date":"2020-06-20T08:05:48","date_gmt":"2020-06-20T08:05:48","guid":{"rendered":"https:\/\/drthair.com\/aftercare\/"},"modified":"2021-08-15T22:01:08","modified_gmt":"2021-08-15T22:01:08","slug":"nachsorge","status":"publish","type":"page","link":"https:\/\/drthair.com\/de\/nachsorge\/","title":{"rendered":"Nachsorge"},"content":{"rendered":"<div class=\"wpb-content-wrapper\"><p>[vc_row css=&#8221;.vc_custom_1629064656431{padding-top: 8vh !important;padding-bottom: 2vh !important;}&#8221;][vc_column width=&#8221;1\/2&#8243;][vc_column_text]<\/p>\n<h2><strong>Wie w\u00e4scht man sein Haar nach einer Haartransplantation?<\/strong><\/h2>\n<h3>Eine Haarwiederherstellung ist ein heikles Verfahren. Die Pflege nach der Operation ist \u00e4u\u00dferst wichtig, um optimale Ergebnisse zu erzielen.<\/h3>\n<p>[\/vc_column_text][\/vc_column][vc_column width=&#8221;1\/2&#8243;][vc_single_image image=&#8221;10801&#8243; img_size=&#8221;medium&#8221; alignment=&#8221;center&#8221;][\/vc_column][\/vc_row][vc_row css=&#8221;.vc_custom_1629063422343{padding-top: 8vh !important;}&#8221;][vc_column][vc_column_text]<\/p>\n<h2 style=\"text-align: left;\"><strong>Anweisungen zur Haarw\u00e4sche in den ersten 14 Tagen<\/strong><\/h2>\n<p>[\/vc_column_text][\/vc_column][\/vc_row][vc_row][vc_column width=&#8221;1\/4&#8243;][vc_column_text]<strong>Schritt 1:<br \/>\nAuftragen der Nachsorgelotion<\/strong><\/p>\n<p>Unsere Nachsorgelotion f\u00fcr Haartransplantationen f\u00f6rdert die Regeneration der Hautzellen, befeuchtet die Haut und macht den Schorf weich. Diese Lotion sollte sowohl auf den Empf\u00e4nger- als auch auf den Spenderbereich aufgetragen werden.[\/vc_column_text][\/vc_column][vc_column width=&#8221;1\/4&#8243;][vc_column_text]<strong>Schritt 2:<br \/>\nAuftragen des medizinischen Shampoos<\/strong><\/p>\n<p>In den ersten 14 Tagen nach der Operation ist ein spezielles medizinisches Shampoo erforderlich. Nach dem Auftragen der Lotion k\u00f6nnen Sie das Shampoo sanft mit Ihren Fingerspitzen auftragen. Dabei sollten Sie die gleiche Richtung wie die transplantierten Grafts einhalten und starke Bewegungen vermeiden.[\/vc_column_text][\/vc_column][vc_column width=&#8221;1\/4&#8243;][vc_column_text]<strong>Schritt 3:<br \/>\nAussp\u00fclen<\/strong><\/p>\n<p>Verwenden Sie zum Absp\u00fclen lauwarmes Wasser ohne gro\u00dfen Druck. Vermeiden Sie hei\u00dfes Wasser und Wasser mit hohem Druck.[\/vc_column_text][\/vc_column][vc_column width=&#8221;1\/4&#8243;][vc_column_text]<strong>Schritt 4:<br \/>\nTrocknen<\/strong><\/p>\n<p>Lassen Sie Ihr Haar nat\u00fcrlich trocknen. In den ersten 2 Wochen sollten Sie T\u00fccher und Haartrockner vermeiden.[\/vc_column_text][\/vc_column][\/vc_row][vc_row css=&#8221;.vc_custom_1629064426541{padding-top: 8vh !important;}&#8221;][vc_column][vc_column_text]<\/p>\n<h2 style=\"text-align: left;\">Anweisungen zur t\u00e4glichen Anwendung von Lotion und Shampoo in den ersten 14 Tagen<\/h2>\n<p>[\/vc_column_text][\/vc_column][\/vc_row][vc_row css=&#8221;.vc_custom_1629064411722{padding-bottom: 8vh !important;}&#8221;][vc_column][vc_column_text]<strong>Tag 1<\/strong>: Die erste W\u00e4sche wird von einer Krankenschwester in der Klinik am folgenden Tag der Operation durchgef\u00fchrt.<\/p>\n<p><strong>Tag 2<\/strong>: Kein Waschen.<\/p>\n<p><strong>Tag 3<\/strong>: Kein Waschen.<\/p>\n<p><strong>Tag 4-13:<\/strong> Entfernen Sie die Verb\u00e4nde. Tragen Sie die Nachsorgelotion auf den transplantierten Bereich auf. Lassen Sie sie 30 Minuten lang einwirken und erh\u00f6hen Sie die Einwirkzeit der Lotion t\u00e4glich um 5 Minuten. Waschen Sie dann die Kopfhaut mit dem Behandlungsshampoo, indem Sie mit den Fingerspitzen sanft auf den transplantierten Bereich und auf den Spenderbereich klopfen, und sp\u00fclen Sie sie mit lauwarmem Wasser ab. Lassen Sie Ihren Kopf von selbst trocknen.<\/p>\n<p><strong>Tag 14:<\/strong> Am 14. Tag, dem letzten Tag der Waschbehandlung, tragen Sie die Lotion mit kreisenden Massagebewegungen auf die transplantierte Stelle auf und lassen sie 2 Stunden lang auf der Kopfhaut. Sp\u00fclen Sie die Lotion ab und behandeln Sie den gesamten Bereich mit Shampoo. Bis zum 14. Tag sollte der trockene Hautschorf abfallen.[\/vc_column_text][\/vc_column][\/vc_row][vc_row][vc_column][vc_column_text]<\/p>\n<h2 style=\"text-align: left;\">Was Sie nach einer Haartransplantation beachten sollten<\/h2>\n<p>[\/vc_column_text][\/vc_column][\/vc_row][vc_row][vc_column width=&#8221;1\/2&#8243;][vc_column_text]Versuchen Sie in den ersten 3 N\u00e4chten, auf einem hohen Kissen oder mehreren Kissen mit erh\u00f6htem Kopf zu schlafen. Durch die Erh\u00f6hung Ihres Kopfes kann die Schwellung verringert werden. Sie k\u00f6nnen auf dem R\u00fccken oder auf der Seite schlafen, schlafen Sie nicht mit dem Gesicht nach unten. Versuchen Sie, jeden Kontakt zwischen der transplantierten Stelle und dem Kissen zu vermeiden.<\/p>\n<p>Eine der geringf\u00fcgigen Folgen der Haarwiederherstellung sind Schwellungen. Sie ist schmerzlos und kann an der Stirn beginnen und sich bis zu den Augen ausbreiten. Um die Schwellungen zu reduzieren, sollten Sie in den ersten 2 Tagen f\u00fcr 4 Stunden einen schwarzen Verband auf dem Kopf tragen und halten.<\/p>\n<p>Aufgrund des geringen Sauerstofftransports in den neuen Kan\u00e4len k\u00f6nnen die transplantierten Haare nach 2 &#8211; 4 Wochen ausfallen. Das ist ein normales Ph\u00e4nomen. Die Transplantate werden in etwa 12-14 Wochen neue Haare produzieren.<\/p>\n<p>Das Haarwachstum ist ein wichtiger Bestandteil einer Haartransplantation, aber es ist auch ein langfristiger Prozess. Nach der Ausscheidungsphase werden die Grafts in den ersten 2-3 Monaten neue Haare produzieren, aber es wird keine sichtbare Ver\u00e4nderung geben. Um den 6. Monat herum beginnen Sie, eine sp\u00fcrbare Ver\u00e4nderung Ihres Haares zu sehen. Nach 12-15 Monaten erreichen Sie das volle Wachstum und das endg\u00fcltige Ergebnis Ihrer Haartransplantation.[\/vc_column_text][\/vc_column][vc_column width=&#8221;1\/2&#8243;][vc_single_image image=&#8221;10822&#8243; img_size=&#8221;full&#8221; alignment=&#8221;center&#8221; css=&#8221;.vc_custom_1629063898329{padding-top: 5vh !important;}&#8221;][\/vc_column][\/vc_row][vc_row css=&#8221;.vc_custom_1629064262676{padding-top: 8vh !important;}&#8221;][vc_column][vc_column_text]<\/p>\n<h2><strong>Zu vermeidende Dinge nach einer Haartransplantation<\/strong><\/h2>\n<p>[\/vc_column_text][\/vc_column][\/vc_row][vc_row][vc_column width=&#8221;1\/2&#8243;][vc_column_text]Sie k\u00f6nnen Ihr neues Haar k\u00e4mmen, aber seien Sie vorsichtig mit der B\u00fcrste, dr\u00fccken Sie nicht zu stark, um das transplantierte Haar nicht zu besch\u00e4digen.<\/p>\n<p>Alkoholkonsum und Rauchen sind f\u00fcr 7 Tage nach dem chirurgischen Eingriff nicht erlaubt.<\/p>\n<p>Auf sportliche Aktivit\u00e4ten wie Wandern, Laufen, Radfahren, Golf usw. sollten Sie mindestens 2 Wochen nach dem chirurgischen Eingriff verzichten. Schweres Heben und anstrengende k\u00f6rperliche Aktivit\u00e4ten sollten 3 Wochen nach dem Eingriff vermieden werden.<\/p>\n<p>Auf Aktivit\u00e4ten wie Sauna, t\u00fcrkisches Bad und Solarium sollten Sie 6 Monate lang verzichten.<\/p>\n<p>Regelm\u00e4\u00dfige\/begrenzte Sonnenbestrahlung ist okay, aber extreme Sonnenbestrahlung oder Sonnenb\u00e4der sollten Sie 3 Monate lang vermeiden. Bei extremer Sonnenbestrahlung sollten Sie Ihren Kopf mit einer Kappe bedecken.<\/p>\n<p>Schwimmen (Schwimmbad und Meer) in chlorhaltigem Wasser und in Salzwasser wird nicht empfohlen und sollte im ersten Monat vermieden werden.<\/p>\n<p>Chemische Anwendungen (F\u00e4rben usw.) an den transplantierten Haaren k\u00f6nnen erst nach 6 Monaten durchgef\u00fchrt werden. F\u00fcr den Spenderbereich werden 2 Monate ben\u00f6tigt.[\/vc_column_text][\/vc_column][vc_column width=&#8221;1\/2&#8243;][vc_single_image image=&#8221;10831&#8243; img_size=&#8221;full&#8221; alignment=&#8221;center&#8221; css=&#8221;.vc_custom_1629064126502{padding-top: 5vh !important;}&#8221;][\/vc_column][\/vc_row][vc_row css=&#8221;.vc_custom_1629064262676{padding-top: 8vh !important;}&#8221;][vc_column][vc_column_text]<\/p>\n<h2><strong>Rasieren und Trimmen<\/strong><\/h2>\n<p>[\/vc_column_text][\/vc_column][\/vc_row][vc_row][vc_column width=&#8221;1\/2&#8243;][vc_column_text]Die transplantierte Stelle darf 6 Monate lang nicht rasiert oder getrimmt werden (Rasierapparat oder Trimmger\u00e4t).<\/p>\n<p>Nach 3 Monaten k\u00f6nnen Sie Ihr Haar im transplantierten Bereich mit einer Schere schneiden.<\/p>\n<p>Der Spenderbereich kann nach 2 Monaten rasiert oder getrimmt werden (Rasiermesser oder Trimmer).<\/p>\n<p>Nach 6 Wochen d\u00fcrfen Sie die Haare im Spenderbereich mit einer Schere schneiden.<\/p>\n<p>Wenn Ihnen f\u00fcr die Operation Bart- oder K\u00f6rperhaare entnommen wurden, k\u00f6nnen Sie Ihren Bart nach 1 Monat rasieren oder trimmen.[\/vc_column_text][\/vc_column][vc_column width=&#8221;1\/2&#8243;][\/vc_column][\/vc_row]<\/p>\n<\/div>","protected":false},"excerpt":{"rendered":"<p>[vc_row css=&#8221;.vc_custom_1629064656431{padding-top: 8vh !important;padding-bottom: 2vh !important;}&#8221;][vc_column width=&#8221;1\/2&#8243;][vc_column_text] Wie w\u00e4scht man sein Haar nach einer Haartransplantation? Eine Haarwiederherstellung ist ein heikles Verfahren. Die Pflege nach der Operation ist \u00e4u\u00dferst wichtig, um optimale Ergebnisse zu erzielen. [\/vc_column_text][\/vc_column][vc_column width=&#8221;1\/2&#8243;][vc_single_image image=&#8221;10801&#8243; img_size=&#8221;medium&#8221; alignment=&#8221;center&#8221;][\/vc_column][\/vc_row][vc_row css=&#8221;.vc_custom_1629063422343{padding-top: 8vh !important;}&#8221;][vc_column][vc_column_text] Anweisungen zur Haarw\u00e4sche in den ersten 14 Tagen [\/vc_column_text][\/vc_column][\/vc_row][vc_row][vc_column width=&#8221;1\/4&#8243;][vc_column_text]Schritt 1: Auftragen der&#8230;<\/p>\n","protected":false},"author":1,"featured_media":0,"parent":0,"menu_order":0,"comment_status":"closed","ping_status":"closed","template":"","meta":{"footnotes":""},"class_list":["post-9027","page","type-page","status-publish","hentry"],"yoast_head":"<!-- This site is optimized with the Yoast SEO plugin v27.3 - https:\/\/yoast.com\/product\/yoast-seo-wordpress\/ -->\n<title>Nachsorge - DrT Hair Best Hair Transplant<\/title>\n<meta name=\"robots\" content=\"index, follow, max-snippet:-1, max-image-preview:large, max-video-preview:-1\" \/>\n<link rel=\"canonical\" href=\"https:\/\/drthair.com\/aftercare\/\" \/>\n<meta property=\"og:locale\" content=\"de_DE\" \/>\n<meta property=\"og:type\" content=\"article\" \/>\n<meta property=\"og:title\" content=\"Nachsorge - DrT Hair Best Hair Transplant\" \/>\n<meta property=\"og:description\" content=\"[vc_row css=&#8221;.vc_custom_1629064656431{padding-top: 8vh !important;padding-bottom: 2vh !important;}&#8221;][vc_column width=&#8221;1\/2&#8243;][vc_column_text] Wie w\u00e4scht man sein Haar nach einer Haartransplantation? Eine Haarwiederherstellung ist ein heikles Verfahren. Die Pflege nach der Operation ist \u00e4u\u00dferst wichtig, um optimale Ergebnisse zu erzielen. [\/vc_column_text][\/vc_column][vc_column width=&#8221;1\/2&#8243;][vc_single_image image=&#8221;10801&#8243; img_size=&#8221;medium&#8221; alignment=&#8221;center&#8221;][\/vc_column][\/vc_row][vc_row css=&#8221;.vc_custom_1629063422343{padding-top: 8vh !important;}&#8221;][vc_column][vc_column_text] Anweisungen zur Haarw\u00e4sche in den ersten 14 Tagen [\/vc_column_text][\/vc_column][\/vc_row][vc_row][vc_column width=&#8221;1\/4&#8243;][vc_column_text]Schritt 1: Auftragen der...\" \/>\n<meta property=\"og:url\" content=\"https:\/\/drthair.com\/aftercare\/\" \/>\n<meta property=\"og:site_name\" content=\"DrT Hair Best Hair Transplant\" \/>\n<meta property=\"article:publisher\" content=\"https:\/\/www.facebook.com\/hairtransplant.drt\" \/>\n<meta property=\"article:modified_time\" content=\"2021-08-15T22:01:08+00:00\" \/>\n<meta name=\"twitter:label1\" content=\"Gesch\u00e4tzte Lesezeit\" \/>\n\t<meta name=\"twitter:data1\" content=\"4\u00a0Minuten\" \/>\n<script type=\"application\/ld+json\" class=\"yoast-schema-graph\">{\"@context\":\"https:\\\/\\\/schema.org\",\"@graph\":[{\"@type\":\"WebPage\",\"@id\":\"https:\\\/\\\/drthair.com\\\/aftercare\\\/\",\"url\":\"https:\\\/\\\/drthair.com\\\/aftercare\\\/\",\"name\":\"Nachsorge - DrT Hair Best Hair Transplant\",\"isPartOf\":{\"@id\":\"https:\\\/\\\/drthair.com\\\/#website\"},\"datePublished\":\"2020-06-20T08:05:48+00:00\",\"dateModified\":\"2021-08-15T22:01:08+00:00\",\"breadcrumb\":{\"@id\":\"https:\\\/\\\/drthair.com\\\/aftercare\\\/#breadcrumb\"},\"inLanguage\":\"de\",\"potentialAction\":[{\"@type\":\"ReadAction\",\"target\":[\"https:\\\/\\\/drthair.com\\\/aftercare\\\/\"]}]},{\"@type\":\"BreadcrumbList\",\"@id\":\"https:\\\/\\\/drthair.com\\\/aftercare\\\/#breadcrumb\",\"itemListElement\":[{\"@type\":\"ListItem\",\"position\":1,\"name\":\"Home\",\"item\":\"https:\\\/\\\/drthair.com\\\/de\\\/\"},{\"@type\":\"ListItem\",\"position\":2,\"name\":\"Nachsorge\"}]},{\"@type\":\"WebSite\",\"@id\":\"https:\\\/\\\/drthair.com\\\/#website\",\"url\":\"https:\\\/\\\/drthair.com\\\/\",\"name\":\"DrT Hair Best Hair Transplant\",\"description\":\"Best Hair Transplantation  in Turkey\",\"publisher\":{\"@id\":\"https:\\\/\\\/drthair.com\\\/#organization\"},\"potentialAction\":[{\"@type\":\"SearchAction\",\"target\":{\"@type\":\"EntryPoint\",\"urlTemplate\":\"https:\\\/\\\/drthair.com\\\/?s={search_term_string}\"},\"query-input\":{\"@type\":\"PropertyValueSpecification\",\"valueRequired\":true,\"valueName\":\"search_term_string\"}}],\"inLanguage\":\"de\"},{\"@type\":\"Organization\",\"@id\":\"https:\\\/\\\/drthair.com\\\/#organization\",\"name\":\"DrT Hair\",\"url\":\"https:\\\/\\\/drthair.com\\\/\",\"logo\":{\"@type\":\"ImageObject\",\"inLanguage\":\"de\",\"@id\":\"https:\\\/\\\/drthair.com\\\/#\\\/schema\\\/logo\\\/image\\\/\",\"url\":\"https:\\\/\\\/drthair.com\\\/wp-content\\\/uploads\\\/2020\\\/06\\\/logo-org.png\",\"contentUrl\":\"https:\\\/\\\/drthair.com\\\/wp-content\\\/uploads\\\/2020\\\/06\\\/logo-org.png\",\"width\":620,\"height\":95,\"caption\":\"DrT Hair\"},\"image\":{\"@id\":\"https:\\\/\\\/drthair.com\\\/#\\\/schema\\\/logo\\\/image\\\/\"},\"sameAs\":[\"https:\\\/\\\/www.facebook.com\\\/hairtransplant.drt\",\"https:\\\/\\\/www.instagram.com\\\/drthairtransplant\\\/\",\"https:\\\/\\\/www.youtube.com\\\/channel\\\/UCsQGjJoo4xatb74vRph7rcw\"]}]}<\/script>\n<!-- \/ Yoast SEO plugin. -->","yoast_head_json":{"title":"Nachsorge - DrT Hair Best Hair Transplant","robots":{"index":"index","follow":"follow","max-snippet":"max-snippet:-1","max-image-preview":"max-image-preview:large","max-video-preview":"max-video-preview:-1"},"canonical":"https:\/\/drthair.com\/aftercare\/","og_locale":"de_DE","og_type":"article","og_title":"Nachsorge - DrT Hair Best Hair Transplant","og_description":"[vc_row css=&#8221;.vc_custom_1629064656431{padding-top: 8vh !important;padding-bottom: 2vh !important;}&#8221;][vc_column width=&#8221;1\/2&#8243;][vc_column_text] Wie w\u00e4scht man sein Haar nach einer Haartransplantation? Eine Haarwiederherstellung ist ein heikles Verfahren. Die Pflege nach der Operation ist \u00e4u\u00dferst wichtig, um optimale Ergebnisse zu erzielen. [\/vc_column_text][\/vc_column][vc_column width=&#8221;1\/2&#8243;][vc_single_image image=&#8221;10801&#8243; img_size=&#8221;medium&#8221; alignment=&#8221;center&#8221;][\/vc_column][\/vc_row][vc_row css=&#8221;.vc_custom_1629063422343{padding-top: 8vh !important;}&#8221;][vc_column][vc_column_text] Anweisungen zur Haarw\u00e4sche in den ersten 14 Tagen [\/vc_column_text][\/vc_column][\/vc_row][vc_row][vc_column width=&#8221;1\/4&#8243;][vc_column_text]Schritt 1: Auftragen der...","og_url":"https:\/\/drthair.com\/aftercare\/","og_site_name":"DrT Hair Best Hair Transplant","article_publisher":"https:\/\/www.facebook.com\/hairtransplant.drt","article_modified_time":"2021-08-15T22:01:08+00:00","twitter_misc":{"Gesch\u00e4tzte Lesezeit":"4\u00a0Minuten"},"schema":{"@context":"https:\/\/schema.org","@graph":[{"@type":"WebPage","@id":"https:\/\/drthair.com\/aftercare\/","url":"https:\/\/drthair.com\/aftercare\/","name":"Nachsorge - DrT Hair Best Hair Transplant","isPartOf":{"@id":"https:\/\/drthair.com\/#website"},"datePublished":"2020-06-20T08:05:48+00:00","dateModified":"2021-08-15T22:01:08+00:00","breadcrumb":{"@id":"https:\/\/drthair.com\/aftercare\/#breadcrumb"},"inLanguage":"de","potentialAction":[{"@type":"ReadAction","target":["https:\/\/drthair.com\/aftercare\/"]}]},{"@type":"BreadcrumbList","@id":"https:\/\/drthair.com\/aftercare\/#breadcrumb","itemListElement":[{"@type":"ListItem","position":1,"name":"Home","item":"https:\/\/drthair.com\/de\/"},{"@type":"ListItem","position":2,"name":"Nachsorge"}]},{"@type":"WebSite","@id":"https:\/\/drthair.com\/#website","url":"https:\/\/drthair.com\/","name":"DrT Hair Best Hair Transplant","description":"Best Hair Transplantation  in Turkey","publisher":{"@id":"https:\/\/drthair.com\/#organization"},"potentialAction":[{"@type":"SearchAction","target":{"@type":"EntryPoint","urlTemplate":"https:\/\/drthair.com\/?s={search_term_string}"},"query-input":{"@type":"PropertyValueSpecification","valueRequired":true,"valueName":"search_term_string"}}],"inLanguage":"de"},{"@type":"Organization","@id":"https:\/\/drthair.com\/#organization","name":"DrT Hair","url":"https:\/\/drthair.com\/","logo":{"@type":"ImageObject","inLanguage":"de","@id":"https:\/\/drthair.com\/#\/schema\/logo\/image\/","url":"https:\/\/drthair.com\/wp-content\/uploads\/2020\/06\/logo-org.png","contentUrl":"https:\/\/drthair.com\/wp-content\/uploads\/2020\/06\/logo-org.png","width":620,"height":95,"caption":"DrT Hair"},"image":{"@id":"https:\/\/drthair.com\/#\/schema\/logo\/image\/"},"sameAs":["https:\/\/www.facebook.com\/hairtransplant.drt","https:\/\/www.instagram.com\/drthairtransplant\/","https:\/\/www.youtube.com\/channel\/UCsQGjJoo4xatb74vRph7rcw"]}]}},"_links":{"self":[{"href":"https:\/\/drthair.com\/de\/wp-json\/wp\/v2\/pages\/9027","targetHints":{"allow":["GET"]}}],"collection":[{"href":"https:\/\/drthair.com\/de\/wp-json\/wp\/v2\/pages"}],"about":[{"href":"https:\/\/drthair.com\/de\/wp-json\/wp\/v2\/types\/page"}],"author":[{"embeddable":true,"href":"https:\/\/drthair.com\/de\/wp-json\/wp\/v2\/users\/1"}],"replies":[{"embeddable":true,"href":"https:\/\/drthair.com\/de\/wp-json\/wp\/v2\/comments?post=9027"}],"version-history":[{"count":0,"href":"https:\/\/drthair.com\/de\/wp-json\/wp\/v2\/pages\/9027\/revisions"}],"wp:attachment":[{"href":"https:\/\/drthair.com\/de\/wp-json\/wp\/v2\/media?parent=9027"}],"curies":[{"name":"wp","href":"https:\/\/api.w.org\/{rel}","templated":true}]}}