{"id":9089,"date":"2018-11-19T04:56:03","date_gmt":"2018-11-19T04:56:03","guid":{"rendered":"https:\/\/drthair.com\/contact\/"},"modified":"2026-01-02T00:22:45","modified_gmt":"2026-01-01T21:22:45","slug":"kontakt","status":"publish","type":"page","link":"https:\/\/drthair.com\/de\/kontakt\/","title":{"rendered":"Kontakt"},"content":{"rendered":"<div class=\"wpb-content-wrapper\"><p>[vc_row full_width=&#8221;stretch_row&#8221; equal_height=&#8221;yes&#8221; content_placement=&#8221;middle&#8221; css=&#8221;.vc_custom_1592734385775{padding-top: 85px !important;padding-bottom: 90px !important;background: #ffffff url(https:\/\/drthair.com\/wp-content\/uploads\/2020\/06\/contact.jpg?id=7281) !important;background-position: center !important;background-repeat: no-repeat !important;background-size: cover !important;}&#8221; el_id=&#8221;rs-contact&#8221; el_class=&#8221;rs-contact&#8221;][vc_column width=&#8221;1\/12&#8243; el_class=&#8221;sm-hidden&#8221;][\/vc_column][vc_column width=&#8221;5\/6&#8243;]\r\n        <div class=\"rs-heading style4   text-center\">\r\n        \t<div class=\"title-inner\">\r\n        \t\t\r\n\t            \r\n\t            <h2 class=\"title title-upper\">Kontakt aufnehmen<\/h2>\r\n\t        <\/div><div class=\"description\"><p ><\/p>\n<p style=\"text-align: center;\">Bitte kontaktieren Sie uns f\u00fcr weitere Informationen \u00fcber Haartransplantation mit Dr. Tayfun Oguzoglu in Drt Hair.<\/p>\n<p><\/p><\/div><\/div>[vc_empty_space][vc_row_inner][vc_column_inner width=&#8221;1\/4&#8243;]<div class=\"rs-header-title header-center  \">         \r\n        \t\t<h3 class=\"title\">DrT Haar T\u00fcrkei<\/h3><h5 class=\"introtext\" >Kaz\u0131m \u00d6zalp Mahallesi U\u011fur Mumcu Caddesi No : 8E : 1, 06680 \u00c7ankaya\/Ankara, T\u00fcrkiye<\/h5><\/div>[\/vc_column_inner][vc_column_inner width=&#8221;1\/4&#8243;]<div class=\"rs-header-title header-center  \">         \r\n        \t\t<h3 class=\"title\">DrT Hair Zypern<\/h3><h5 class=\"introtext\" >Bedrettin Demirel Caddesi No:31 \/ 7, Kyrenia, Cyprus<\/h5><\/div>[\/vc_column_inner][vc_column_inner width=&#8221;1\/4&#8243;]<div class=\"rs-header-title header-center  \">         \r\n        \t\t<h3 class=\"title\">DrT Hair Deutschland B\u00fcro<\/h3><h5 class=\"introtext\" >Munich, Bavaria, Germany<\/h5><\/div>[\/vc_column_inner][vc_column_inner width=&#8221;1\/4&#8243;]<div class=\"rs-header-title header-center  \">         \r\n        \t\t<h3 class=\"title\">DrT Hair \u00d6sterreich B\u00fcro<\/h3><h5 class=\"introtext\" >Vienna, Austria<\/h5><\/div>[\/vc_column_inner][\/vc_row_inner][vc_row_inner equal_height=&#8221;yes&#8221; content_placement=&#8221;middle&#8221; css=&#8221;.vc_custom_1562839555029{padding-top: 40px !important;}&#8221; el_class=&#8221;contact-2-info&#8221;][vc_column_inner el_class=&#8221;moblc-mr0 mobc-plr15&#8243; width=&#8221;1\/3&#8243; css=&#8221;.vc_custom_1562929092085{margin-right: -15px !important;padding-top: 50px !important;padding-right: 50px !important;padding-bottom: 50px !important;padding-left: 30px !important;background-color: #021b79 !important;border-radius: 10px !important;}&#8221;]\r\n       <div class=\"rs-contact\">\r\n        <div class=\"contact-address style3   \"><div class=\"address-item\">\r\n                <div class=\"address-icon\">\r\n                    <i class=\"icon icon-basic-smartphone\"><\/i>\r\n                <\/div>\r\n                <div class=\"address-text\">\r\n                    <h3 class=\"contact-title\">Telefon<\/h3>\r\n                    <a href= \"tel:++4915224178832\">+4915224178832<\/a>\r\n                <\/div>\r\n            <\/div><div class=\"address-item\">\r\n                    <div class=\"address-icon\">\r\n                        <i class=\"icon icon-basic-mail-multiple\"><\/i>\r\n                    <\/div>\r\n                    <div class=\"address-text\">\r\n                        <h3 class=\"contact-title\">E-Mail Adresse<\/h3>\r\n                        <a href= \"mailto:efe@drthair.com\">efe@drthair.com<\/a>                   \r\n                    <\/div>\r\n                <\/div><div class=\"address-item\">\r\n                    <div class=\"address-icon\">\r\n                        <i class=\"icon icon-basic-geolocalize-01\"><\/i>\r\n                    <\/div>\r\n                    <div class=\"address-text\">\r\n                        <h3 class=\"contact-title\">Adresse<\/h3>\r\n                        Kaz\u0131m \u00d6zalp Mahallesi U\u011fur Mumcu Caddesi No : 8E : 1, 06680 \u00c7ankaya\/Ankara, T\u00fcrkiye\r\n                    <\/div>\r\n                <\/div><\/div><\/div>[\/vc_column_inner][vc_column_inner el_class=&#8221;home-appointment moblc-mt30 mobc-plr30&#8243; width=&#8221;2\/3&#8243; css=&#8221;.vc_custom_1562995608916{padding-top: 60px !important;padding-right: 60px !important;padding-bottom: 60px !important;padding-left: 60px !important;background-color: #092591 !important;}&#8221;][vc_column_text]<div id=\"quform-4e0240\" class=\"quform quform-10 quform-support-page-caching\"><form id=\"quform-form-4e0240\" class=\"quform-form quform-form-10\" action=\"\/de\/wp-json\/wp\/v2\/pages\/9089#quform-4e0240\" method=\"post\" enctype=\"multipart\/form-data\" novalidate=\"novalidate\" data-options=\"{&quot;id&quot;:10,&quot;uniqueId&quot;:&quot;4e0240&quot;,&quot;theme&quot;:&quot;&quot;,&quot;ajax&quot;:true,&quot;logic&quot;:{&quot;logic&quot;:[],&quot;dependents&quot;:[],&quot;elementIds&quot;:[],&quot;dependentElementIds&quot;:[],&quot;animate&quot;:true},&quot;currentPageId&quot;:1,&quot;errorsIcon&quot;:&quot;&quot;,&quot;updateFancybox&quot;:true,&quot;hasPages&quot;:false,&quot;pages&quot;:[1],&quot;pageProgressType&quot;:&quot;numbers&quot;,&quot;tooltipsEnabled&quot;:true,&quot;tooltipClasses&quot;:&quot;qtip-quform-dark qtip-shadow&quot;,&quot;tooltipMy&quot;:&quot;left center&quot;,&quot;tooltipAt&quot;:&quot;right center&quot;,&quot;isRtl&quot;:false,&quot;scrollOffset&quot;:-50,&quot;scrollSpeed&quot;:800}\"><button class=\"quform-default-submit\" name=\"quform_submit\" type=\"submit\" value=\"submit\" aria-hidden=\"true\" tabindex=\"-1\"><\/button><div class=\"quform-form-inner quform-form-inner-10\"><input type=\"hidden\" name=\"quform_form_id\" value=\"10\" \/><input type=\"hidden\" name=\"quform_form_uid\" value=\"4e0240\" \/><input type=\"hidden\" name=\"quform_count\" value=\"1\" \/><input type=\"hidden\" name=\"form_url\" value=\"https:\/\/drthair.com\/de\/wp-json\/wp\/v2\/pages\/9089\" \/><input type=\"hidden\" name=\"referring_url\" value=\"\" \/><input type=\"hidden\" name=\"post_id\" value=\"\" \/><input type=\"hidden\" name=\"post_title\" value=\"\" \/><input type=\"hidden\" name=\"quform_current_page_id\" value=\"1\" \/><input type=\"hidden\" name=\"quform_csrf_token\" value=\"8AMYhy3JXORO5jnaLudhlWcnWGlLfCghbvyNm88T\" \/><div class=\"quform-elements quform-elements-10 quform-cf quform-responsive-elements-phone-landscape\"><div class=\"quform-element quform-element-page quform-page-1 quform-page-10_1 quform-cf quform-group-style-plain quform-first-page quform-last-page quform-current-page\"><div class=\"quform-child-elements\"><div class=\"quform-element quform-element-name quform-element-10_5 quform-cf quform-element-optional\"><div class=\"quform-spacer\"><div class=\"quform-inner quform-inner-name quform-inner-10_5\"><div class=\"quform-input quform-input-name quform-input-10_5 quform-cf\"><div class=\"quform-element-row quform-1-columns quform-element-row-size-fixed quform-responsive-columns-phone-landscape\"><div class=\"quform-element-column\"><div class=\"quform-element quform-element-text quform-element-10_5_2 quform-cf quform-element-optional\"><div class=\"quform-spacer\"><div class=\"quform-inner quform-inner-text quform-inner-10_5_2\"><div class=\"quform-input quform-input-text quform-input-10_5_2 quform-cf\"><input type=\"text\" id=\"quform_10_5_2_4e0240\" name=\"quform_10_5[2]\" class=\"quform-field quform-field-text quform-field-10_5_2\" placeholder=\"Name Surname\" \/><\/div><\/div><\/div><\/div><\/div><\/div><\/div><\/div><\/div><\/div><div class=\"quform-element quform-element-text quform-element-10_3 quform-cf quform-element-required\"><div class=\"quform-spacer\"><div class=\"quform-inner quform-inner-text quform-inner-10_3\"><div class=\"quform-input quform-input-text quform-input-10_3 quform-cf\"><input type=\"text\" id=\"quform_10_3_4e0240\" name=\"quform_10_3\" class=\"quform-field quform-field-text quform-field-10_3\" placeholder=\"e.g. +1 702 123 4567\" \/><\/div><\/div><\/div><\/div><div class=\"quform-element quform-element-email quform-element-10_6 quform-cf quform-element-required\"><div class=\"quform-spacer\"><div class=\"quform-inner quform-inner-email quform-inner-10_6\"><div class=\"quform-input quform-input-email quform-input-10_6 quform-cf\"><input type=\"email\" id=\"quform_10_6_4e0240\" name=\"quform_10_6\" class=\"quform-field quform-field-email quform-field-10_6\" placeholder=\"Email address\" \/><\/div><\/div><\/div><\/div><div class=\"quform-element quform-element-textarea quform-element-10_7 quform-cf quform-element-optional\"><div class=\"quform-spacer\"><div class=\"quform-inner quform-inner-textarea quform-inner-10_7\"><div class=\"quform-input quform-input-textarea quform-input-10_7 quform-cf\"><textarea id=\"quform_10_7_4e0240\" name=\"quform_10_7\" class=\"quform-field quform-field-textarea quform-field-10_7\" placeholder=\"Message\"><\/textarea><\/div><\/div><\/div><\/div><div class=\"quform-element quform-element-submit quform-element-10_2 quform-cf quform-button-style-theme\"><div class=\"quform-button-submit quform-button-submit-default quform-button-submit-10_2\"><button name=\"quform_submit\" type=\"submit\" class=\"quform-submit\" value=\"submit\"><span class=\"quform-button-text quform-button-submit-text\">Send<\/span><\/button><\/div><div class=\"quform-loading quform-loading-position-left quform-loading-type-spinner-1\"><div class=\"quform-loading-inner\"><div class=\"quform-loading-spinner\"><div class=\"quform-loading-spinner-inner\"><\/div><\/div><\/div><\/div><\/div><div class=\"quform-element-tree\"><label for=\"quform_10_0_4e0240\">This field should be left blank<\/label><input type=\"text\" id=\"quform_10_0_4e0240\" name=\"quform_10_0\" class=\"quform-field quform-field-tree quform-field-10_0\" tabindex=\"-1\" autocomplete=\"off\" \/><\/div><\/div><\/div><\/div><\/div><\/form><\/div>[\/vc_column_text][\/vc_column_inner][\/vc_row_inner][\/vc_column][vc_column width=&#8221;1\/12&#8243; el_class=&#8221;sm-hidden&#8221;][\/vc_column][\/vc_row]<\/p>\n<\/div>","protected":false},"excerpt":{"rendered":"<p>[vc_row full_width=&#8221;stretch_row&#8221; equal_height=&#8221;yes&#8221; content_placement=&#8221;middle&#8221; css=&#8221;.vc_custom_1592734385775{padding-top: 85px !important;padding-bottom: 90px !important;background: #ffffff url(https:\/\/drthair.com\/wp-content\/uploads\/2020\/06\/contact.jpg?id=7281) !important;background-position: center !important;background-repeat: no-repeat !important;background-size: cover !important;}&#8221; el_id=&#8221;rs-contact&#8221; el_class=&#8221;rs-contact&#8221;][vc_column width=&#8221;1\/12&#8243; el_class=&#8221;sm-hidden&#8221;][\/vc_column][vc_column width=&#8221;5\/6&#8243;][vc_empty_space][vc_row_inner][vc_column_inner width=&#8221;1\/4&#8243;][\/vc_column_inner][vc_column_inner width=&#8221;1\/4&#8243;][\/vc_column_inner][vc_column_inner width=&#8221;1\/4&#8243;][\/vc_column_inner][vc_column_inner width=&#8221;1\/4&#8243;][\/vc_column_inner][\/vc_row_inner][vc_row_inner equal_height=&#8221;yes&#8221; content_placement=&#8221;middle&#8221; css=&#8221;.vc_custom_1562839555029{padding-top: 40px !important;}&#8221; el_class=&#8221;contact-2-info&#8221;][vc_column_inner el_class=&#8221;moblc-mr0 mobc-plr15&#8243; width=&#8221;1\/3&#8243; css=&#8221;.vc_custom_1562929092085{margin-right: -15px !important;padding-top: 50px !important;padding-right: 50px !important;padding-bottom: 50px !important;padding-left: 30px !important;background-color: #021b79 !important;border-radius: 10px !important;}&#8221;][\/vc_column_inner][vc_column_inner el_class=&#8221;home-appointment moblc-mt30 mobc-plr30&#8243; width=&#8221;2\/3&#8243;&#8230;<\/p>\n","protected":false},"author":1,"featured_media":0,"parent":0,"menu_order":0,"comment_status":"closed","ping_status":"closed","template":"","meta":{"footnotes":""},"class_list":["post-9089","page","type-page","status-publish","hentry"],"yoast_head":"<!-- This site is optimized with the Yoast SEO plugin v27.3 - https:\/\/yoast.com\/product\/yoast-seo-wordpress\/ -->\n<title>Kontakt - DrT Hair Best Hair Transplant<\/title>\n<meta name=\"robots\" content=\"index, follow, max-snippet:-1, max-image-preview:large, max-video-preview:-1\" \/>\n<link rel=\"canonical\" href=\"https:\/\/drthair.com\/de\/kontakt\/\" \/>\n<meta property=\"og:locale\" content=\"de_DE\" \/>\n<meta property=\"og:type\" content=\"article\" \/>\n<meta property=\"og:title\" content=\"Kontakt - DrT Hair Best Hair Transplant\" \/>\n<meta property=\"og:description\" content=\"[vc_row full_width=&#8221;stretch_row&#8221; equal_height=&#8221;yes&#8221; content_placement=&#8221;middle&#8221; css=&#8221;.vc_custom_1592734385775{padding-top: 85px !important;padding-bottom: 90px !important;background: #ffffff url(https:\/\/drthair.com\/wp-content\/uploads\/2020\/06\/contact.jpg?id=7281) !important;background-position: center !important;background-repeat: no-repeat !important;background-size: cover !important;}&#8221; el_id=&#8221;rs-contact&#8221; el_class=&#8221;rs-contact&#8221;][vc_column width=&#8221;1\/12&#8243; el_class=&#8221;sm-hidden&#8221;][\/vc_column][vc_column width=&#8221;5\/6&#8243;][vc_empty_space][vc_row_inner][vc_column_inner width=&#8221;1\/4&#8243;][\/vc_column_inner][vc_column_inner width=&#8221;1\/4&#8243;][\/vc_column_inner][vc_column_inner width=&#8221;1\/4&#8243;][\/vc_column_inner][vc_column_inner width=&#8221;1\/4&#8243;][\/vc_column_inner][\/vc_row_inner][vc_row_inner equal_height=&#8221;yes&#8221; content_placement=&#8221;middle&#8221; css=&#8221;.vc_custom_1562839555029{padding-top: 40px !important;}&#8221; el_class=&#8221;contact-2-info&#8221;][vc_column_inner el_class=&#8221;moblc-mr0 mobc-plr15&#8243; width=&#8221;1\/3&#8243; css=&#8221;.vc_custom_1562929092085{margin-right: -15px !important;padding-top: 50px !important;padding-right: 50px !important;padding-bottom: 50px !important;padding-left: 30px !important;background-color: #021b79 !important;border-radius: 10px !important;}&#8221;][\/vc_column_inner][vc_column_inner el_class=&#8221;home-appointment moblc-mt30 mobc-plr30&#8243; width=&#8221;2\/3&#8243;...\" \/>\n<meta property=\"og:url\" content=\"https:\/\/drthair.com\/de\/kontakt\/\" \/>\n<meta property=\"og:site_name\" content=\"DrT Hair Best Hair Transplant\" \/>\n<meta property=\"article:publisher\" content=\"https:\/\/www.facebook.com\/hairtransplant.drt\" \/>\n<meta property=\"article:modified_time\" content=\"2026-01-01T21:22:45+00:00\" \/>\n<meta name=\"twitter:label1\" content=\"Gesch\u00e4tzte Lesezeit\" \/>\n\t<meta name=\"twitter:data1\" content=\"1\u00a0Minute\" \/>\n<script type=\"application\/ld+json\" class=\"yoast-schema-graph\">{\"@context\":\"https:\\\/\\\/schema.org\",\"@graph\":[{\"@type\":\"WebPage\",\"@id\":\"https:\\\/\\\/drthair.com\\\/de\\\/kontakt\\\/\",\"url\":\"https:\\\/\\\/drthair.com\\\/de\\\/kontakt\\\/\",\"name\":\"Kontakt - DrT Hair Best Hair Transplant\",\"isPartOf\":{\"@id\":\"https:\\\/\\\/drthair.com\\\/#website\"},\"datePublished\":\"2018-11-19T04:56:03+00:00\",\"dateModified\":\"2026-01-01T21:22:45+00:00\",\"breadcrumb\":{\"@id\":\"https:\\\/\\\/drthair.com\\\/de\\\/kontakt\\\/#breadcrumb\"},\"inLanguage\":\"de\",\"potentialAction\":[{\"@type\":\"ReadAction\",\"target\":[\"https:\\\/\\\/drthair.com\\\/de\\\/kontakt\\\/\"]}]},{\"@type\":\"BreadcrumbList\",\"@id\":\"https:\\\/\\\/drthair.com\\\/de\\\/kontakt\\\/#breadcrumb\",\"itemListElement\":[{\"@type\":\"ListItem\",\"position\":1,\"name\":\"Home\",\"item\":\"https:\\\/\\\/drthair.com\\\/de\\\/\"},{\"@type\":\"ListItem\",\"position\":2,\"name\":\"Kontakt\"}]},{\"@type\":\"WebSite\",\"@id\":\"https:\\\/\\\/drthair.com\\\/#website\",\"url\":\"https:\\\/\\\/drthair.com\\\/\",\"name\":\"DrT Hair Best Hair Transplant\",\"description\":\"Best Hair Transplantation  in Turkey\",\"publisher\":{\"@id\":\"https:\\\/\\\/drthair.com\\\/#organization\"},\"potentialAction\":[{\"@type\":\"SearchAction\",\"target\":{\"@type\":\"EntryPoint\",\"urlTemplate\":\"https:\\\/\\\/drthair.com\\\/?s={search_term_string}\"},\"query-input\":{\"@type\":\"PropertyValueSpecification\",\"valueRequired\":true,\"valueName\":\"search_term_string\"}}],\"inLanguage\":\"de\"},{\"@type\":\"Organization\",\"@id\":\"https:\\\/\\\/drthair.com\\\/#organization\",\"name\":\"DrT Hair\",\"url\":\"https:\\\/\\\/drthair.com\\\/\",\"logo\":{\"@type\":\"ImageObject\",\"inLanguage\":\"de\",\"@id\":\"https:\\\/\\\/drthair.com\\\/#\\\/schema\\\/logo\\\/image\\\/\",\"url\":\"https:\\\/\\\/drthair.com\\\/wp-content\\\/uploads\\\/2020\\\/06\\\/logo-org.png\",\"contentUrl\":\"https:\\\/\\\/drthair.com\\\/wp-content\\\/uploads\\\/2020\\\/06\\\/logo-org.png\",\"width\":620,\"height\":95,\"caption\":\"DrT Hair\"},\"image\":{\"@id\":\"https:\\\/\\\/drthair.com\\\/#\\\/schema\\\/logo\\\/image\\\/\"},\"sameAs\":[\"https:\\\/\\\/www.facebook.com\\\/hairtransplant.drt\",\"https:\\\/\\\/www.instagram.com\\\/drthairtransplant\\\/\",\"https:\\\/\\\/www.youtube.com\\\/channel\\\/UCsQGjJoo4xatb74vRph7rcw\"]}]}<\/script>\n<!-- \/ Yoast SEO plugin. -->","yoast_head_json":{"title":"Kontakt - DrT Hair Best Hair Transplant","robots":{"index":"index","follow":"follow","max-snippet":"max-snippet:-1","max-image-preview":"max-image-preview:large","max-video-preview":"max-video-preview:-1"},"canonical":"https:\/\/drthair.com\/de\/kontakt\/","og_locale":"de_DE","og_type":"article","og_title":"Kontakt - DrT Hair Best Hair Transplant","og_description":"[vc_row full_width=&#8221;stretch_row&#8221; equal_height=&#8221;yes&#8221; content_placement=&#8221;middle&#8221; css=&#8221;.vc_custom_1592734385775{padding-top: 85px !important;padding-bottom: 90px !important;background: #ffffff url(https:\/\/drthair.com\/wp-content\/uploads\/2020\/06\/contact.jpg?id=7281) !important;background-position: center !important;background-repeat: no-repeat !important;background-size: cover !important;}&#8221; el_id=&#8221;rs-contact&#8221; el_class=&#8221;rs-contact&#8221;][vc_column width=&#8221;1\/12&#8243; el_class=&#8221;sm-hidden&#8221;][\/vc_column][vc_column width=&#8221;5\/6&#8243;][vc_empty_space][vc_row_inner][vc_column_inner width=&#8221;1\/4&#8243;][\/vc_column_inner][vc_column_inner width=&#8221;1\/4&#8243;][\/vc_column_inner][vc_column_inner width=&#8221;1\/4&#8243;][\/vc_column_inner][vc_column_inner width=&#8221;1\/4&#8243;][\/vc_column_inner][\/vc_row_inner][vc_row_inner equal_height=&#8221;yes&#8221; content_placement=&#8221;middle&#8221; css=&#8221;.vc_custom_1562839555029{padding-top: 40px !important;}&#8221; el_class=&#8221;contact-2-info&#8221;][vc_column_inner el_class=&#8221;moblc-mr0 mobc-plr15&#8243; width=&#8221;1\/3&#8243; css=&#8221;.vc_custom_1562929092085{margin-right: -15px !important;padding-top: 50px !important;padding-right: 50px !important;padding-bottom: 50px !important;padding-left: 30px !important;background-color: #021b79 !important;border-radius: 10px !important;}&#8221;][\/vc_column_inner][vc_column_inner el_class=&#8221;home-appointment moblc-mt30 mobc-plr30&#8243; width=&#8221;2\/3&#8243;...","og_url":"https:\/\/drthair.com\/de\/kontakt\/","og_site_name":"DrT Hair Best Hair Transplant","article_publisher":"https:\/\/www.facebook.com\/hairtransplant.drt","article_modified_time":"2026-01-01T21:22:45+00:00","twitter_misc":{"Gesch\u00e4tzte Lesezeit":"1\u00a0Minute"},"schema":{"@context":"https:\/\/schema.org","@graph":[{"@type":"WebPage","@id":"https:\/\/drthair.com\/de\/kontakt\/","url":"https:\/\/drthair.com\/de\/kontakt\/","name":"Kontakt - DrT Hair Best Hair Transplant","isPartOf":{"@id":"https:\/\/drthair.com\/#website"},"datePublished":"2018-11-19T04:56:03+00:00","dateModified":"2026-01-01T21:22:45+00:00","breadcrumb":{"@id":"https:\/\/drthair.com\/de\/kontakt\/#breadcrumb"},"inLanguage":"de","potentialAction":[{"@type":"ReadAction","target":["https:\/\/drthair.com\/de\/kontakt\/"]}]},{"@type":"BreadcrumbList","@id":"https:\/\/drthair.com\/de\/kontakt\/#breadcrumb","itemListElement":[{"@type":"ListItem","position":1,"name":"Home","item":"https:\/\/drthair.com\/de\/"},{"@type":"ListItem","position":2,"name":"Kontakt"}]},{"@type":"WebSite","@id":"https:\/\/drthair.com\/#website","url":"https:\/\/drthair.com\/","name":"DrT Hair Best Hair Transplant","description":"Best Hair Transplantation  in Turkey","publisher":{"@id":"https:\/\/drthair.com\/#organization"},"potentialAction":[{"@type":"SearchAction","target":{"@type":"EntryPoint","urlTemplate":"https:\/\/drthair.com\/?s={search_term_string}"},"query-input":{"@type":"PropertyValueSpecification","valueRequired":true,"valueName":"search_term_string"}}],"inLanguage":"de"},{"@type":"Organization","@id":"https:\/\/drthair.com\/#organization","name":"DrT Hair","url":"https:\/\/drthair.com\/","logo":{"@type":"ImageObject","inLanguage":"de","@id":"https:\/\/drthair.com\/#\/schema\/logo\/image\/","url":"https:\/\/drthair.com\/wp-content\/uploads\/2020\/06\/logo-org.png","contentUrl":"https:\/\/drthair.com\/wp-content\/uploads\/2020\/06\/logo-org.png","width":620,"height":95,"caption":"DrT Hair"},"image":{"@id":"https:\/\/drthair.com\/#\/schema\/logo\/image\/"},"sameAs":["https:\/\/www.facebook.com\/hairtransplant.drt","https:\/\/www.instagram.com\/drthairtransplant\/","https:\/\/www.youtube.com\/channel\/UCsQGjJoo4xatb74vRph7rcw"]}]}},"_links":{"self":[{"href":"https:\/\/drthair.com\/de\/wp-json\/wp\/v2\/pages\/9089","targetHints":{"allow":["GET"]}}],"collection":[{"href":"https:\/\/drthair.com\/de\/wp-json\/wp\/v2\/pages"}],"about":[{"href":"https:\/\/drthair.com\/de\/wp-json\/wp\/v2\/types\/page"}],"author":[{"embeddable":true,"href":"https:\/\/drthair.com\/de\/wp-json\/wp\/v2\/users\/1"}],"replies":[{"embeddable":true,"href":"https:\/\/drthair.com\/de\/wp-json\/wp\/v2\/comments?post=9089"}],"version-history":[{"count":6,"href":"https:\/\/drthair.com\/de\/wp-json\/wp\/v2\/pages\/9089\/revisions"}],"predecessor-version":[{"id":13363,"href":"https:\/\/drthair.com\/de\/wp-json\/wp\/v2\/pages\/9089\/revisions\/13363"}],"wp:attachment":[{"href":"https:\/\/drthair.com\/de\/wp-json\/wp\/v2\/media?parent=9089"}],"curies":[{"name":"wp","href":"https:\/\/api.w.org\/{rel}","templated":true}]}}