{"id":11232,"date":"2022-02-01T09:56:25","date_gmt":"2022-02-01T09:56:25","guid":{"rendered":"https:\/\/drthair.com\/legal-policy\/"},"modified":"2022-02-01T11:44:58","modified_gmt":"2022-02-01T11:44:58","slug":"legal-policy","status":"publish","type":"page","link":"https:\/\/drthair.com\/es\/legal-policy\/","title":{"rendered":"Pol\u00edtica Legal"},"content":{"rendered":"<div class=\"wpb-content-wrapper\"><p>[vc_row][vc_column][vc_column_text]<strong>DRT HA\u0130R OSMAN TAYFUN O\u011eUZO\u011eLU SA\u00c7 EK\u0130M\u0130 ESTET\u0130K SA\u011eLIK H\u0130ZMETLER\u0130 T\u0130CARET L\u0130M\u0130TED \u015e\u0130RKET\u0130<\/strong><\/p>\n<p><strong>GENEL AYDINLATMA METN\u0130<\/strong><\/p>\n<p>&nbsp;<\/p>\n<p>\u0130\u015f bu \u201cAyd\u0131nlatma Metni\u201d ki\u015fisel verilerini i\u015fledi\u011fimiz \u00e7al\u0131\u015fan yak\u0131n\u0131, hissedar, tedarik\u00e7i, tedarik\u00e7i \u00e7al\u0131\u015fan\u0131\/yetkilileri, \u00fcr\u00fcn veya hizmet alan\/potansiyel ki\u015fi, \u00fcr\u00fcn veya hizmet alan ki\u015fi yak\u0131n\u0131\/yetkilileri, ziyaret\u00e7iler i\u00e7in haz\u0131rlanm\u0131\u015ft\u0131r.<\/p>\n<p>&nbsp;<\/p>\n<p>Drt Hair Osman Tayfun O\u011fuzo\u011flu Sa\u00e7 Ekimi Estetik Sa\u011fl\u0131k Hizmetleri Ticaret Limited \u015eirketi (Bundan sonra \u201c\u015eirket\u201d olarak an\u0131lacakt\u0131r) olarak sizleri 6698 say\u0131l\u0131 Ki\u015fisel Verilerin Korunmas\u0131 Kanunu (Bundan sonra\u00a0\u201cKVKK\u201d\u00a0olarak an\u0131lacakt\u0131r.) kapsam\u0131nda ki\u015fisel verilerinizin i\u015flenmesi ve ilgili haklar\u0131n\u0131z konusunda bilgilendirmek istiyoruz.<\/p>\n<p>&nbsp;<\/p>\n<p><strong>I- Veri Sorumlusu<\/strong><\/p>\n<p>\u015eirket; \u201cwww.drthair.com\u201d\u00a0 web sitesi ile \u201cR\u00fczgarl\u0131bah\u00e7e Mahallesi Cumhuriyet Caddesi No:24 Beykoz\/\u0130STANBUL\u201d adresinde faaliyet g\u00f6stermekte olup; finans, fiziksel mek\u00e2n g\u00fcvenli\u011fi, ileti\u015fim, kimlik, mesleki deneyim, m\u00fc\u015fteri i\u015flem, sa\u011fl\u0131k ve \u00f6zl\u00fck verilerinden olu\u015fan ki\u015fisel verilerinizi KVKK kapsam\u0131nda veri sorumlusu olarak i\u015flemekteyiz.<\/p>\n<p>&nbsp;<\/p>\n<p><strong>II-Ki\u015fisel Verilerin Hangi Ama\u00e7la \u0130\u015flenece\u011fi <\/strong><\/p>\n<p>Ki\u015fisel verileriniz; bilgi g\u00fcvenli\u011fi s\u00fcre\u00e7lerinin y\u00fcr\u00fct\u00fclmesi, \u00e7al\u0131\u015fanlar i\u00e7in i\u015f akdi ve mevzuattan kaynakl\u0131 y\u00fck\u00fcml\u00fcl\u00fcklerin yerine getirilmesi, \u00e7al\u0131\u015fanlar i\u00e7in yan haklar ve menfaatleri s\u00fcre\u00e7lerinin y\u00fcr\u00fct\u00fclmesi, faaliyetlerin mevzuata uygun y\u00fcr\u00fct\u00fclmesi, finans ve muhasebe i\u015flerinin y\u00fcr\u00fct\u00fclmesi, fiziksel mek\u00e2n g\u00fcvenli\u011finin temini, ileti\u015fim faaliyetlerinin y\u00fcr\u00fct\u00fclmesi, insan kaynaklar\u0131 s\u00fcre\u00e7lerinin planlanmas\u0131, i\u015f faaliyetlerinin y\u00fcr\u00fct\u00fclmesi\/denetimi, i\u015f s\u00fcreklili\u011finin sa\u011flanmas\u0131 faaliyetlerinin y\u00fcr\u00fct\u00fclmesi, lojistik faaliyetlerinin y\u00fcr\u00fct\u00fclmesi, mal\/hizmet sat\u0131n al\u0131m s\u00fcre\u00e7lerinin y\u00fcr\u00fct\u00fclmesi, mal\/hizmet sat\u0131\u015f s\u00fcre\u00e7lerinin y\u00fcr\u00fct\u00fclmesi, s\u00f6zle\u015fme s\u00fcre\u00e7lerinin y\u00fcr\u00fct\u00fclmesi, tedarik zinciri y\u00f6netimi s\u00fcre\u00e7lerinin y\u00fcr\u00fct\u00fclmesi, t\u0131bbi te\u015fhis, tedavi ve bak\u0131m hizmetlerinin y\u00fcr\u00fct\u00fclmesi, veri sorumlusu operasyonlar\u0131n\u0131n g\u00fcvenli\u011finin temini, yetkili ki\u015fi, kurum ve kurulu\u015flara bilgi verilmesi ama\u00e7lar\u0131 d\u00e2hilinde i\u015flenecektir.<\/p>\n<p>&nbsp;<\/p>\n<p><strong>III- \u0130\u015flenen Ki\u015fisel Verilerin Kimlere ve Hangi Ama\u00e7la Aktar\u0131labilece\u011fi<\/strong><\/p>\n<p>Ki\u015fisel verileriniz yasal y\u00fck\u00fcml\u00fcl\u00fcklerin yerine getirilebilmesi amac\u0131yla yetkili kamu kurum ve kurulu\u015flar\u0131yla; \u00e7al\u0131\u015fanlar i\u00e7in i\u015f akdi ve mevzuattan kaynakl\u0131 y\u00fck\u00fcml\u00fcl\u00fcklerin yerine getirilmesi, mal hizmet sat\u0131n al\u0131m\/sat\u0131\u015f s\u00fcreci, ileti\u015fim, lojistik, finans ve muhasebe i\u015flerinin y\u00fcr\u00fct\u00fclmesi, hukuk i\u015flerinin takibi ama\u00e7lar\u0131yla avukatl\u0131k ve muhasebe b\u00fcrosundan olu\u015fan tedarik\u00e7ilerimiz ile payla\u015f\u0131labilecektir.<\/p>\n<p><strong>\u00a0<\/strong><\/p>\n<p><strong>IV-Ki\u015fisel Veri Toplaman\u0131n Y\u00f6ntemi ve Hukuki Sebebi<\/strong><\/p>\n<p>Ki\u015fisel verileriniz, KVKK\u2019n\u0131n 5. ve 6. maddelerinde belirtilen; hukuki y\u00fck\u00fcml\u00fcl\u00fcklerin yerine getirilmesi, kanunlarda \u00f6ng\u00f6r\u00fclmesi, s\u00f6zle\u015fme imzalanmas\u0131 ve veri sorumlusunun me\u015fru menfaatleri hukuki sebeplerine dayan\u0131larak otomatik veya otomatik olmayan y\u00f6ntemlerle s\u00f6zl\u00fc, yaz\u0131l\u0131 veya elektronik ortamda elde edilmektedir. Bu kapsamda telefon aramas\u0131, y\u00fcz y\u00fcze ileti\u015fime ge\u00e7ilmesi, s\u00f6zle\u015fme imzalanmas\u0131, fatura d\u00fczenlenmesi vb yollar ile otomatik olmayan y\u00f6ntemlerle; ortak alan ve \u00e7al\u0131\u015fma alanlar\u0131nda bulunan kamera kay\u0131t sistemi ve e-mail iletimi arac\u0131l\u0131\u011f\u0131yla otomatik y\u00f6ntemlerle i\u015flenmektedir.<\/p>\n<p>&nbsp;<\/p>\n<p><strong>V-KVKK\u2019n\u0131n 11. Maddesi Kapsam\u0131ndaki Haklar\u0131n\u0131z <\/strong><\/p>\n<p>KVKK\u2019n\u0131n 11. maddesi kapsam\u0131nda \u201c\u0130lgili ki\u015finin haklar\u0131\u201d ba\u015fl\u0131\u011f\u0131 alt\u0131nda yer alan haklar\u0131n\u0131z ile ilgili taleplerinizi <a href=\"7-%20KVKK%20\u0130LG\u0130L\u0130%20K\u0130\u015e\u0130%20BA\u015eVURU%20FORMU(\u015eirkete%20\u015fikayet%20ba\u015fvurusunda%20bulunacak%20olanlara%20verilecek).docx\">Ba\u015fvuru Formu\u2019nda<\/a> belirtilen b\u00fct\u00fcn bilgileri doldurmak suretiyle KVKK\u2019n\u0131n 11. maddesi ile 13. maddesinin 1.f\u0131kras\u0131 ve Veri Sorumlusuna Ba\u015fvuru Usul ve Esaslar\u0131 Hakk\u0131nda Tebli\u011f gere\u011fince;<\/p>\n<p>a-)\u201cR\u00fczgarl\u0131bah\u00e7e Mahallesi Cumhuriyet Caddesi No:24 Beykoz\/\u0130STANBUL\u201d adresindeki \u015firket merkezimize bizzat gelerek,<\/p>\n<p>b-)Kimli\u011finizi tespit edebilmek ve yanl\u0131\u015f ki\u015filere bilgi vermemek ad\u0131na merkez adresimize yaz\u0131l\u0131 olarak noter arac\u0131l\u0131\u011f\u0131 ile veya iadeli taahh\u00fctl\u00fc mektup g\u00f6ndererek,<\/p>\n<p>c-)\u015eirketimize bildirilen ve sistemlerimizde kay\u0131tl\u0131 bulunan elektronik posta adresini kullanmak suretiyle \u201cilknur@drthair.com\u201d adresine elektronik posta g\u00f6ndererek veya gelecekte Kurul\u2019un belirleyece\u011fi di\u011fer y\u00f6ntemlerle iletebilirsiniz.<\/p>\n<p>&nbsp;<\/p>\n<p>Ba\u015fvurunuzda yer alan talepleriniz, talebin niteli\u011fine g\u00f6re en ge\u00e7 otuz g\u00fcn i\u00e7inde \u00fccretsiz olarak sonu\u00e7land\u0131r\u0131lacakt\u0131r. Ancak, i\u015flemin ayr\u0131ca bir maliyeti gerektirmesi h\u00e2linde, Ki\u015fisel Verileri Koruma Kurulu taraf\u0131ndan Veri Sorumlusuna Ba\u015fvuru Usul ve Esaslar\u0131 Hakk\u0131nda Tebli\u011f\u2019de belirlenen tarifedeki \u00fccret al\u0131nabilir.[\/vc_column_text][\/vc_column][\/vc_row]<\/p>\n<\/div>","protected":false},"excerpt":{"rendered":"<p>[vc_row][vc_column][vc_column_text]DRT HA\u0130R OSMAN TAYFUN O\u011eUZO\u011eLU SA\u00c7 EK\u0130M\u0130 ESTET\u0130K SA\u011eLIK H\u0130ZMETLER\u0130 T\u0130CARET L\u0130M\u0130TED \u015e\u0130RKET\u0130 GENEL AYDINLATMA METN\u0130 &nbsp; \u0130\u015f bu \u201cAyd\u0131nlatma Metni\u201d ki\u015fisel verilerini i\u015fledi\u011fimiz \u00e7al\u0131\u015fan yak\u0131n\u0131, hissedar, tedarik\u00e7i, tedarik\u00e7i \u00e7al\u0131\u015fan\u0131\/yetkilileri, \u00fcr\u00fcn veya hizmet alan\/potansiyel ki\u015fi, \u00fcr\u00fcn veya hizmet alan ki\u015fi yak\u0131n\u0131\/yetkilileri, ziyaret\u00e7iler i\u00e7in haz\u0131rlanm\u0131\u015ft\u0131r. &nbsp; Drt Hair Osman Tayfun O\u011fuzo\u011flu Sa\u00e7 Ekimi Estetik Sa\u011fl\u0131k Hizmetleri&#8230;<\/p>\n","protected":false},"author":1,"featured_media":0,"parent":0,"menu_order":0,"comment_status":"closed","ping_status":"closed","template":"","meta":{"footnotes":""},"class_list":["post-11232","page","type-page","status-publish","hentry"],"yoast_head":"<!-- This site is optimized with the Yoast SEO plugin v27.3 - https:\/\/yoast.com\/product\/yoast-seo-wordpress\/ -->\n<title>Pol\u00edtica Legal - DrT Hair Best Hair Transplant<\/title>\n<meta name=\"robots\" content=\"index, follow, max-snippet:-1, max-image-preview:large, max-video-preview:-1\" \/>\n<link rel=\"canonical\" href=\"https:\/\/drthair.com\/legal-policy\/\" \/>\n<meta property=\"og:locale\" content=\"es_ES\" \/>\n<meta property=\"og:type\" content=\"article\" \/>\n<meta property=\"og:title\" content=\"Pol\u00edtica Legal - DrT Hair Best Hair Transplant\" \/>\n<meta property=\"og:description\" content=\"[vc_row][vc_column][vc_column_text]DRT HA\u0130R OSMAN TAYFUN O\u011eUZO\u011eLU SA\u00c7 EK\u0130M\u0130 ESTET\u0130K SA\u011eLIK H\u0130ZMETLER\u0130 T\u0130CARET L\u0130M\u0130TED \u015e\u0130RKET\u0130 GENEL AYDINLATMA METN\u0130 &nbsp; \u0130\u015f bu \u201cAyd\u0131nlatma Metni\u201d ki\u015fisel verilerini i\u015fledi\u011fimiz \u00e7al\u0131\u015fan yak\u0131n\u0131, hissedar, tedarik\u00e7i, tedarik\u00e7i \u00e7al\u0131\u015fan\u0131\/yetkilileri, \u00fcr\u00fcn veya hizmet alan\/potansiyel ki\u015fi, \u00fcr\u00fcn veya hizmet alan ki\u015fi yak\u0131n\u0131\/yetkilileri, ziyaret\u00e7iler i\u00e7in haz\u0131rlanm\u0131\u015ft\u0131r. &nbsp; Drt Hair Osman Tayfun O\u011fuzo\u011flu Sa\u00e7 Ekimi Estetik Sa\u011fl\u0131k Hizmetleri...\" \/>\n<meta property=\"og:url\" content=\"https:\/\/drthair.com\/legal-policy\/\" \/>\n<meta property=\"og:site_name\" content=\"DrT Hair Best Hair Transplant\" \/>\n<meta property=\"article:publisher\" content=\"https:\/\/www.facebook.com\/hairtransplant.drt\" \/>\n<meta property=\"article:modified_time\" content=\"2022-02-01T11:44:58+00:00\" \/>\n<meta name=\"twitter:label1\" content=\"Tiempo de lectura\" \/>\n\t<meta name=\"twitter:data1\" content=\"3 minutos\" \/>\n<script type=\"application\/ld+json\" class=\"yoast-schema-graph\">{\"@context\":\"https:\\\/\\\/schema.org\",\"@graph\":[{\"@type\":\"WebPage\",\"@id\":\"https:\\\/\\\/drthair.com\\\/legal-policy\\\/\",\"url\":\"https:\\\/\\\/drthair.com\\\/legal-policy\\\/\",\"name\":\"Pol\u00edtica Legal - DrT Hair Best Hair Transplant\",\"isPartOf\":{\"@id\":\"https:\\\/\\\/drthair.com\\\/#website\"},\"datePublished\":\"2022-02-01T09:56:25+00:00\",\"dateModified\":\"2022-02-01T11:44:58+00:00\",\"breadcrumb\":{\"@id\":\"https:\\\/\\\/drthair.com\\\/legal-policy\\\/#breadcrumb\"},\"inLanguage\":\"es\",\"potentialAction\":[{\"@type\":\"ReadAction\",\"target\":[\"https:\\\/\\\/drthair.com\\\/legal-policy\\\/\"]}]},{\"@type\":\"BreadcrumbList\",\"@id\":\"https:\\\/\\\/drthair.com\\\/legal-policy\\\/#breadcrumb\",\"itemListElement\":[{\"@type\":\"ListItem\",\"position\":1,\"name\":\"Home\",\"item\":\"https:\\\/\\\/drthair.com\\\/es\\\/\"},{\"@type\":\"ListItem\",\"position\":2,\"name\":\"Pol\u00edtica Legal\"}]},{\"@type\":\"WebSite\",\"@id\":\"https:\\\/\\\/drthair.com\\\/#website\",\"url\":\"https:\\\/\\\/drthair.com\\\/\",\"name\":\"DrT Hair Best Hair Transplant\",\"description\":\"Best Hair Transplantation  in Turkey\",\"publisher\":{\"@id\":\"https:\\\/\\\/drthair.com\\\/#organization\"},\"potentialAction\":[{\"@type\":\"SearchAction\",\"target\":{\"@type\":\"EntryPoint\",\"urlTemplate\":\"https:\\\/\\\/drthair.com\\\/?s={search_term_string}\"},\"query-input\":{\"@type\":\"PropertyValueSpecification\",\"valueRequired\":true,\"valueName\":\"search_term_string\"}}],\"inLanguage\":\"es\"},{\"@type\":\"Organization\",\"@id\":\"https:\\\/\\\/drthair.com\\\/#organization\",\"name\":\"DrT Hair\",\"url\":\"https:\\\/\\\/drthair.com\\\/\",\"logo\":{\"@type\":\"ImageObject\",\"inLanguage\":\"es\",\"@id\":\"https:\\\/\\\/drthair.com\\\/#\\\/schema\\\/logo\\\/image\\\/\",\"url\":\"https:\\\/\\\/drthair.com\\\/wp-content\\\/uploads\\\/2020\\\/06\\\/logo-org.png\",\"contentUrl\":\"https:\\\/\\\/drthair.com\\\/wp-content\\\/uploads\\\/2020\\\/06\\\/logo-org.png\",\"width\":620,\"height\":95,\"caption\":\"DrT Hair\"},\"image\":{\"@id\":\"https:\\\/\\\/drthair.com\\\/#\\\/schema\\\/logo\\\/image\\\/\"},\"sameAs\":[\"https:\\\/\\\/www.facebook.com\\\/hairtransplant.drt\",\"https:\\\/\\\/www.instagram.com\\\/drthairtransplant\\\/\",\"https:\\\/\\\/www.youtube.com\\\/channel\\\/UCsQGjJoo4xatb74vRph7rcw\"]}]}<\/script>\n<!-- \/ Yoast SEO plugin. -->","yoast_head_json":{"title":"Pol\u00edtica Legal - DrT Hair Best Hair Transplant","robots":{"index":"index","follow":"follow","max-snippet":"max-snippet:-1","max-image-preview":"max-image-preview:large","max-video-preview":"max-video-preview:-1"},"canonical":"https:\/\/drthair.com\/legal-policy\/","og_locale":"es_ES","og_type":"article","og_title":"Pol\u00edtica Legal - DrT Hair Best Hair Transplant","og_description":"[vc_row][vc_column][vc_column_text]DRT HA\u0130R OSMAN TAYFUN O\u011eUZO\u011eLU SA\u00c7 EK\u0130M\u0130 ESTET\u0130K SA\u011eLIK H\u0130ZMETLER\u0130 T\u0130CARET L\u0130M\u0130TED \u015e\u0130RKET\u0130 GENEL AYDINLATMA METN\u0130 &nbsp; \u0130\u015f bu \u201cAyd\u0131nlatma Metni\u201d ki\u015fisel verilerini i\u015fledi\u011fimiz \u00e7al\u0131\u015fan yak\u0131n\u0131, hissedar, tedarik\u00e7i, tedarik\u00e7i \u00e7al\u0131\u015fan\u0131\/yetkilileri, \u00fcr\u00fcn veya hizmet alan\/potansiyel ki\u015fi, \u00fcr\u00fcn veya hizmet alan ki\u015fi yak\u0131n\u0131\/yetkilileri, ziyaret\u00e7iler i\u00e7in haz\u0131rlanm\u0131\u015ft\u0131r. &nbsp; Drt Hair Osman Tayfun O\u011fuzo\u011flu Sa\u00e7 Ekimi Estetik Sa\u011fl\u0131k Hizmetleri...","og_url":"https:\/\/drthair.com\/legal-policy\/","og_site_name":"DrT Hair Best Hair Transplant","article_publisher":"https:\/\/www.facebook.com\/hairtransplant.drt","article_modified_time":"2022-02-01T11:44:58+00:00","twitter_misc":{"Tiempo de lectura":"3 minutos"},"schema":{"@context":"https:\/\/schema.org","@graph":[{"@type":"WebPage","@id":"https:\/\/drthair.com\/legal-policy\/","url":"https:\/\/drthair.com\/legal-policy\/","name":"Pol\u00edtica Legal - DrT Hair Best Hair Transplant","isPartOf":{"@id":"https:\/\/drthair.com\/#website"},"datePublished":"2022-02-01T09:56:25+00:00","dateModified":"2022-02-01T11:44:58+00:00","breadcrumb":{"@id":"https:\/\/drthair.com\/legal-policy\/#breadcrumb"},"inLanguage":"es","potentialAction":[{"@type":"ReadAction","target":["https:\/\/drthair.com\/legal-policy\/"]}]},{"@type":"BreadcrumbList","@id":"https:\/\/drthair.com\/legal-policy\/#breadcrumb","itemListElement":[{"@type":"ListItem","position":1,"name":"Home","item":"https:\/\/drthair.com\/es\/"},{"@type":"ListItem","position":2,"name":"Pol\u00edtica Legal"}]},{"@type":"WebSite","@id":"https:\/\/drthair.com\/#website","url":"https:\/\/drthair.com\/","name":"DrT Hair Best Hair Transplant","description":"Best Hair Transplantation  in Turkey","publisher":{"@id":"https:\/\/drthair.com\/#organization"},"potentialAction":[{"@type":"SearchAction","target":{"@type":"EntryPoint","urlTemplate":"https:\/\/drthair.com\/?s={search_term_string}"},"query-input":{"@type":"PropertyValueSpecification","valueRequired":true,"valueName":"search_term_string"}}],"inLanguage":"es"},{"@type":"Organization","@id":"https:\/\/drthair.com\/#organization","name":"DrT Hair","url":"https:\/\/drthair.com\/","logo":{"@type":"ImageObject","inLanguage":"es","@id":"https:\/\/drthair.com\/#\/schema\/logo\/image\/","url":"https:\/\/drthair.com\/wp-content\/uploads\/2020\/06\/logo-org.png","contentUrl":"https:\/\/drthair.com\/wp-content\/uploads\/2020\/06\/logo-org.png","width":620,"height":95,"caption":"DrT Hair"},"image":{"@id":"https:\/\/drthair.com\/#\/schema\/logo\/image\/"},"sameAs":["https:\/\/www.facebook.com\/hairtransplant.drt","https:\/\/www.instagram.com\/drthairtransplant\/","https:\/\/www.youtube.com\/channel\/UCsQGjJoo4xatb74vRph7rcw"]}]}},"_links":{"self":[{"href":"https:\/\/drthair.com\/es\/wp-json\/wp\/v2\/pages\/11232","targetHints":{"allow":["GET"]}}],"collection":[{"href":"https:\/\/drthair.com\/es\/wp-json\/wp\/v2\/pages"}],"about":[{"href":"https:\/\/drthair.com\/es\/wp-json\/wp\/v2\/types\/page"}],"author":[{"embeddable":true,"href":"https:\/\/drthair.com\/es\/wp-json\/wp\/v2\/users\/1"}],"replies":[{"embeddable":true,"href":"https:\/\/drthair.com\/es\/wp-json\/wp\/v2\/comments?post=11232"}],"version-history":[{"count":0,"href":"https:\/\/drthair.com\/es\/wp-json\/wp\/v2\/pages\/11232\/revisions"}],"wp:attachment":[{"href":"https:\/\/drthair.com\/es\/wp-json\/wp\/v2\/media?parent=11232"}],"curies":[{"name":"wp","href":"https:\/\/api.w.org\/{rel}","templated":true}]}}