{"id":9023,"date":"2018-11-17T04:41:46","date_gmt":"2018-11-17T04:41:46","guid":{"rendered":"https:\/\/drthair.com\/chi-siamo\/"},"modified":"2026-01-02T00:12:06","modified_gmt":"2026-01-01T21:12:06","slug":"conocenos","status":"publish","type":"page","link":"https:\/\/drthair.com\/es\/conocenos\/","title":{"rendered":"Con\u00f3cenos"},"content":{"rendered":"<div class=\"wpb-content-wrapper\"><p>[vc_row full_width=&#8221;stretch_row&#8221; content_placement=&#8221;middle&#8221; css=&#8221;.vc_custom_1706557272204{padding-top: 120px !important;padding-bottom: 60px !important;background-position: center !important;background-repeat: no-repeat !important;background-size: cover !important;}&#8221; el_class=&#8221;home1-about-sec&#8221;][vc_column width=&#8221;1\/2&#8243; css=&#8221;.vc_custom_1593255934050{margin-top: 0px !important;padding-right: 25px !important;}&#8221;][vc_single_image image=&#8221;11556&#8243; img_size=&#8221;full&#8221;][\/vc_column][vc_column width=&#8221;1\/2&#8243; css=&#8221;.vc_custom_1562234115025{padding-left: 40px !important;}&#8221;]\r\n        <div class=\"rs-heading style7  vc_custom_1594850461425  \">\r\n        \t<div class=\"title-inner\">\r\n        \t\t\r\n\t            \r\n\t            <h2 class=\"title title-upper\" style=\"color: #021b79\">Drt Hair<\/h2>\r\n\t        <\/div><\/div>[vc_column_text css=&#8221;&#8221;]DrT Hair es un centro de reconocimiento internacional especializado en tratamientos de restauraci\u00f3n capilar en diversas regiones. La cl\u00ednica de trasplante capilar DrT fue fundada en 1998 en Ankara, Turqu\u00eda, por el Dr. Tayfun Oguzoglu. En 2017, DrT Hair abri\u00f3 su segunda cl\u00ednica de trasplante capilar en Kyrenia, Chipre. Posteriormente, en 2019, DrT Hair expandi\u00f3 sus servicios a M\u00fanich, Alemania. En 2023, se estableci\u00f3 una oficina en Viena.<\/p>\n<p>Nuestro objetivo es ofrecer un servicio m\u00e9dico de alta calidad a todos nuestros pacientes. Todas las cl\u00ednicas de trasplante capilar DrT Hair cuentan con la licencia oficial de las autoridades sanitarias correspondientes. Adem\u00e1s, la Cl\u00ednica de Trasplante Capilar DrT en Ankara cuenta con el certificado JCI. La Cl\u00ednica DrT Hair en Chipre tambi\u00e9n cuenta con las mismas cualificaciones.<\/p>\n<p>Las Cl\u00ednicas de Trasplante Capilar DrT adoptan un concepto boutique. Ofrecemos solo un n\u00famero limitado de operaciones al a\u00f1o para garantizar que nuestros pacientes reciban un servicio de la m\u00e1s alta calidad. Adem\u00e1s, DrT Hair trabaja exclusivamente con m\u00e9dicos que cuentan con certificados de cualificaci\u00f3n nacionales e internacionales. Nuestros m\u00e9dicos se adhieren constantemente a las \u00faltimas tecnolog\u00edas y las aplican de la mejor manera posible para ofrecer resultados perfectos y \u00fanicos para cada paciente.<\/p>\n<p>Por otro lado, DrT Hair cuenta con licencias de instituci\u00f3n intermediaria, nacionales e internacionales, as\u00ed como de agencia de turismo de salud del grupo Tursab A. Gracias a ellas, podemos ofrecer paquetes con todo incluido que incluyen servicios como alojamiento, traslado al aeropuerto y servicios de traducci\u00f3n, entre otros, a todos nuestros pacientes de diferentes partes del mundo. En este sentido, DrT Hair es una instituci\u00f3n totalmente certificada que atiende a sus pacientes con la m\u00e1xima calidad en cada etapa del proceso.[\/vc_column_text][\/vc_column][\/vc_row][vc_row css=&#8221;.vc_custom_1592722391145{padding-top: 0px !important;padding-bottom: 90px !important;}&#8221;][vc_column]\r\n        <div class=\"rs-heading style7  vc_custom_1767301890925  text-center\">\r\n        \t<div class=\"title-inner\">\r\n        \t\t\r\n\t            \r\n\t            <h2 class=\"title title-upper\" style=\"color: #021b79\"><span class=\"watermark\">Nuestro equipo m\u00e9dico<\/span>Nuestro equipo m\u00e9dico<\/h2>\r\n\t        <\/div><\/div>[vc_empty_space]<div class=\"rs-team-grid rs-team team-style5\">\n\t\t<div class=\"row\"><div class=\"col-lg-4 col-md-6 col-sm-6 team-style5\">\n\t\t\t\t\t\t<div class=\"team-item\">\n\t\t\t\t\t\t\t<div class=\"team-item-inner\">\n\t\t\t\t\t\t\t\t<a href=\"https:\/\/drthair.com\/es\/doctor\/dr-tayfun-oguzoglu\/\">\n\t\t\t\t\t\t\t\t\t<img decoding=\"async\" src=\"https:\/\/drthair.com\/wp-content\/uploads\/2018\/12\/drtaygunoguzoglu.jpg\" alt=\"Dr. Tayfun Oguzoglu\" \/>\n\t\t\t\t\t\t\t\t<\/a>\n\t\t\t\t\t\t\t\t<div class=\"normal-text\">\n\t\t\t\t\t\t\t\t\t<span class=\"person-name\"><a href=\"https:\/\/drthair.com\/es\/doctor\/dr-tayfun-oguzoglu\/\">Dr. Tayfun Oguzoglu<\/a><\/span>\n\t\t\t\t\t\t\t\t\t<span class=\"team-title\"><\/span>\n\t\t\t\t\t\t\t\t\t<p class=\"team-text\">Dr. Tayfun Oguzoglu was graduated from Gazi University Faculty of Medicine, Ankara, Turkey in 1990. He established Drt Hair in 1998 in Turkey.<\/p>\n\t\t\t\t\t\t\t\t\t<div class=\"social-icons\">\n\t\t\t\t\t\t\t\t\t\t\n\t\t\t\t\t\t\t\t\t\t\n\t\t\t\t\t\t\t\t\t\t\n\t\t\t\t\t\t\t\t\t\t\n\t\t\t\t\t\t\t        <\/div>\n\t\t\t\t\t\t\t\t<\/div>\n\t\t\t\t\t\t\t<\/div>\n\t\t\t\t\t  \t<\/div>\n\t\t  \t\t<\/div><\/div>\n\t   <div>\n\t <\/div>\n\t<\/div>[\/vc_column][\/vc_row][vc_row css=&#8221;.vc_custom_1592722391145{padding-top: 0px !important;padding-bottom: 90px !important;}&#8221;][vc_column]\r\n        <div class=\"rs-heading style7  vc_custom_1767301901368  text-center\">\r\n        \t<div class=\"title-inner\">\r\n        \t\t\r\n\t            \r\n\t            <h2 class=\"title title-upper\" style=\"color: #021b79\"><span class=\"watermark\">DrT Hair Ankara Turqu\u00eda<\/span>DrT Hair Ankara Turqu\u00eda<\/h2>\r\n\t        <\/div><\/div>[vc_empty_space][vc_row_inner][vc_column_inner width=&#8221;3\/4&#8243;][vc_images_carousel images=&#8221;11618,11614,11610,11606,11602,11598,11594,11590,11586,11582,11578,11574,11570,11566,11562&#8243; img_size=&#8221;full&#8221; speed=&#8221;2000&#8243; slides_per_view=&#8221;3&#8243; autoplay=&#8221;yes&#8221; hide_pagination_control=&#8221;yes&#8221; wrap=&#8221;yes&#8221;][\/vc_column_inner][vc_column_inner width=&#8221;1\/4&#8243;][vc_single_image image=&#8221;12023&#8243; img_size=&#8221;full&#8221; alignment=&#8221;center&#8221; onclick=&#8221;custom_link&#8221; img_link_target=&#8221;_blank&#8221; link=&#8221;https:\/\/youtube.com\/shorts\/-C_IMkE_Yqo?si=XYpfb27ARV8lo5x5&#8243;][\/vc_column_inner][\/vc_row_inner][\/vc_column][\/vc_row][vc_row css=&#8221;.vc_custom_1592722391145{padding-top: 0px !important;padding-bottom: 90px !important;}&#8221;][vc_column]\r\n        <div class=\"rs-heading style7  vc_custom_1767301910223  text-center\">\r\n        \t<div class=\"title-inner\">\r\n        \t\t\r\n\t            \r\n\t            <h2 class=\"title title-upper\" style=\"color: #021b79\"><span class=\"watermark\">DrT Hair Kyrenia Chipre<\/span>DrT Hair Kyrenia Chipre<\/h2>\r\n\t        <\/div><\/div>[vc_empty_space][vc_row_inner][vc_column_inner width=&#8221;3\/4&#8243;][vc_images_carousel images=&#8221;12045,12037,12033,12041&#8243; img_size=&#8221;full&#8221; speed=&#8221;2000&#8243; slides_per_view=&#8221;3&#8243; autoplay=&#8221;yes&#8221; hide_pagination_control=&#8221;yes&#8221; wrap=&#8221;yes&#8221;][\/vc_column_inner][vc_column_inner width=&#8221;1\/4&#8243;][vc_single_image image=&#8221;12049&#8243; img_size=&#8221;full&#8221; alignment=&#8221;center&#8221; onclick=&#8221;custom_link&#8221; img_link_target=&#8221;_blank&#8221; link=&#8221;https:\/\/www.youtube.com\/shorts\/-u1cNW-fyIQ&#8221;][\/vc_column_inner][\/vc_row_inner][\/vc_column][\/vc_row][vc_row css=&#8221;.vc_custom_1612172231509{padding-top: 0px !important;padding-bottom: 50px !important;background-image: url(https:\/\/drthair.com\/wp-content\/uploads\/2021\/02\/bglocation.jpg?id=9859) !important;background-position: center !important;background-repeat: no-repeat !important;background-size: contain !important;}&#8221;][vc_column]\r\n        <div class=\"rs-heading style7  vc_custom_1767301920335  text-center\">\r\n        \t<div class=\"title-inner\">\r\n        \t\t\r\n\t            \r\n\t            <h2 class=\"title title-upper\" style=\"color: #021b79\"><span class=\"watermark\">Nuestras Ubicaciones<\/span>Nuestras Ubicaciones<\/h2>\r\n\t        <\/div><\/div>[vc_empty_space][vc_row_inner][vc_column_inner width=&#8221;1\/3&#8243;]\r\n        <div class=\"rs-heading style7  vc_custom_1746826320287  text-center\">\r\n        \t<div class=\"title-inner\">\r\n        \t\t\r\n\t            \r\n\t            <h5 class=\"title title-upper\" style=\"color: #021b79\">DrT Hair Transplant Clinic<br \/>\nTurkey, Cyprus<\/h5>\r\n\t        <\/div><\/div>\r\n       <div class=\"rs-contact\">\r\n        <div class=\"contact-address    \"><div class=\"address-item\">\r\n                <div class=\"address-icon\">\r\n                    <i class=\"icon icon-basic-smartphone\"><\/i>\r\n                <\/div>\r\n                <div class=\"address-text\">\r\n                    <h3 class=\"contact-title\">Call Us<\/h3>\r\n                    <a href= \"tel:++905424706070\">+905424706070<\/a>\r\n                <\/div>\r\n            <\/div><div class=\"address-item\">\r\n                    <div class=\"address-icon\">\r\n                        <i class=\"icon icon-basic-mail-multiple\"><\/i>\r\n                    <\/div>\r\n                    <div class=\"address-text\">\r\n                        <h3 class=\"contact-title\">Mail Us<\/h3>\r\n                        <a href= \"mailto:info@drthair.com\">info@drthair.com<\/a>                   \r\n                    <\/div>\r\n                <\/div><div class=\"address-item\">\r\n                    <div class=\"address-icon\">\r\n                        <i class=\"icon icon-basic-geolocalize-01\"><\/i>\r\n                    <\/div>\r\n                    <div class=\"address-text\">\r\n                        <h3 class=\"contact-title\">Address<\/h3>\r\n                        Kaz\u0131m \u00d6zalp Mahallesi U\u011fur Mumcu Caddesi No : 8E : 1, 06680 \u00c7ankaya\/Ankara, T\u00fcrkiye\r\n                    <\/div>\r\n                <\/div><\/div><\/div>[\/vc_column_inner][vc_column_inner width=&#8221;1\/3&#8243;]\r\n        <div class=\"rs-heading style7  vc_custom_1706557223718  text-center\">\r\n        \t<div class=\"title-inner\">\r\n        \t\t\r\n\t            \r\n\t            <h5 class=\"title title-upper\" style=\"color: #021b79\">DrT Hair<br \/>\nGermany Office<\/h5>\r\n\t        <\/div><\/div>\r\n       <div class=\"rs-contact\">\r\n        <div class=\"contact-address    \"><div class=\"address-item\">\r\n                <div class=\"address-icon\">\r\n                    <i class=\"icon icon-basic-smartphone\"><\/i>\r\n                <\/div>\r\n                <div class=\"address-text\">\r\n                    <h3 class=\"contact-title\">Call Us<\/h3>\r\n                    <a href= \"tel:++4915224178832\">+4915224178832<\/a>\r\n                <\/div>\r\n            <\/div><div class=\"address-item\">\r\n                    <div class=\"address-icon\">\r\n                        <i class=\"icon icon-basic-mail-multiple\"><\/i>\r\n                    <\/div>\r\n                    <div class=\"address-text\">\r\n                        <h3 class=\"contact-title\">Mail Us<\/h3>\r\n                        <a href= \"mailto:efe@drthair.com\">efe@drthair.com<\/a>                   \r\n                    <\/div>\r\n                <\/div><div class=\"address-item\">\r\n                    <div class=\"address-icon\">\r\n                        <i class=\"icon icon-basic-geolocalize-01\"><\/i>\r\n                    <\/div>\r\n                    <div class=\"address-text\">\r\n                        <h3 class=\"contact-title\">Address<\/h3>\r\n                        Munich,\u00a0 Germany\r\n                    <\/div>\r\n                <\/div><\/div><\/div>[\/vc_column_inner][vc_column_inner width=&#8221;1\/3&#8243;]\r\n        <div class=\"rs-heading style7  vc_custom_1706557233220  text-center\">\r\n        \t<div class=\"title-inner\">\r\n        \t\t\r\n\t            \r\n\t            <h5 class=\"title title-upper\" style=\"color: #021b79\">DrT Hair<br \/>\nAustria Office<\/h5>\r\n\t        <\/div><\/div>\r\n       <div class=\"rs-contact\">\r\n        <div class=\"contact-address    \"><div class=\"address-item\">\r\n                <div class=\"address-icon\">\r\n                    <i class=\"icon icon-basic-smartphone\"><\/i>\r\n                <\/div>\r\n                <div class=\"address-text\">\r\n                    <h3 class=\"contact-title\">Call Us<\/h3>\r\n                    <a href= \"tel:++905497109503\">+905497109503<\/a>\r\n                <\/div>\r\n            <\/div><div class=\"address-item\">\r\n                    <div class=\"address-icon\">\r\n                        <i class=\"icon icon-basic-mail-multiple\"><\/i>\r\n                    <\/div>\r\n                    <div class=\"address-text\">\r\n                        <h3 class=\"contact-title\">Mail Us<\/h3>\r\n                        <a href= \"mailto:ebru@drthair.com\">ebru@drthair.com<\/a>                   \r\n                    <\/div>\r\n                <\/div><div class=\"address-item\">\r\n                    <div class=\"address-icon\">\r\n                        <i class=\"icon icon-basic-geolocalize-01\"><\/i>\r\n                    <\/div>\r\n                    <div class=\"address-text\">\r\n                        <h3 class=\"contact-title\">Address<\/h3>\r\n                        Vienna, Austria\r\n                    <\/div>\r\n                <\/div><\/div><\/div>[\/vc_column_inner][\/vc_row_inner][\/vc_column][\/vc_row]<\/p>\n<\/div>","protected":false},"excerpt":{"rendered":"<p>[vc_row full_width=&#8221;stretch_row&#8221; content_placement=&#8221;middle&#8221; css=&#8221;.vc_custom_1706557272204{padding-top: 120px !important;padding-bottom: 60px !important;background-position: center !important;background-repeat: no-repeat !important;background-size: cover !important;}&#8221; el_class=&#8221;home1-about-sec&#8221;][vc_column width=&#8221;1\/2&#8243; css=&#8221;.vc_custom_1593255934050{margin-top: 0px !important;padding-right: 25px !important;}&#8221;][vc_single_image image=&#8221;11556&#8243; img_size=&#8221;full&#8221;][\/vc_column][vc_column width=&#8221;1\/2&#8243; css=&#8221;.vc_custom_1562234115025{padding-left: 40px !important;}&#8221;][vc_column_text css=&#8221;&#8221;]DrT Hair es un centro de reconocimiento internacional especializado en tratamientos de restauraci\u00f3n capilar en diversas regiones. La cl\u00ednica de trasplante capilar DrT fue fundada en 1998 en&#8230;<\/p>\n","protected":false},"author":1,"featured_media":0,"parent":0,"menu_order":0,"comment_status":"closed","ping_status":"closed","template":"","meta":{"footnotes":""},"class_list":["post-9023","page","type-page","status-publish","hentry"],"yoast_head":"<!-- This site is optimized with the Yoast SEO plugin v27.3 - https:\/\/yoast.com\/product\/yoast-seo-wordpress\/ -->\n<title>Con\u00f3cenos - DrT Hair Best Hair Transplant<\/title>\n<meta name=\"robots\" content=\"index, follow, max-snippet:-1, max-image-preview:large, max-video-preview:-1\" \/>\n<link rel=\"canonical\" href=\"https:\/\/drthair.com\/es\/conocenos\/\" \/>\n<meta property=\"og:locale\" content=\"es_ES\" \/>\n<meta property=\"og:type\" content=\"article\" \/>\n<meta property=\"og:title\" content=\"Con\u00f3cenos - DrT Hair Best Hair Transplant\" \/>\n<meta property=\"og:description\" content=\"[vc_row full_width=&#8221;stretch_row&#8221; content_placement=&#8221;middle&#8221; css=&#8221;.vc_custom_1706557272204{padding-top: 120px !important;padding-bottom: 60px !important;background-position: center !important;background-repeat: no-repeat !important;background-size: cover !important;}&#8221; el_class=&#8221;home1-about-sec&#8221;][vc_column width=&#8221;1\/2&#8243; css=&#8221;.vc_custom_1593255934050{margin-top: 0px !important;padding-right: 25px !important;}&#8221;][vc_single_image image=&#8221;11556&#8243; img_size=&#8221;full&#8221;][\/vc_column][vc_column width=&#8221;1\/2&#8243; css=&#8221;.vc_custom_1562234115025{padding-left: 40px !important;}&#8221;][vc_column_text css=&#8221;&#8221;]DrT Hair es un centro de reconocimiento internacional especializado en tratamientos de restauraci\u00f3n capilar en diversas regiones. La cl\u00ednica de trasplante capilar DrT fue fundada en 1998 en...\" \/>\n<meta property=\"og:url\" content=\"https:\/\/drthair.com\/es\/conocenos\/\" \/>\n<meta property=\"og:site_name\" content=\"DrT Hair Best Hair Transplant\" \/>\n<meta property=\"article:publisher\" content=\"https:\/\/www.facebook.com\/hairtransplant.drt\" \/>\n<meta property=\"article:modified_time\" content=\"2026-01-01T21:12:06+00:00\" \/>\n<meta name=\"twitter:label1\" content=\"Tiempo de lectura\" \/>\n\t<meta name=\"twitter:data1\" content=\"7 minutos\" \/>\n<script type=\"application\/ld+json\" class=\"yoast-schema-graph\">{\"@context\":\"https:\\\/\\\/schema.org\",\"@graph\":[{\"@type\":\"WebPage\",\"@id\":\"https:\\\/\\\/drthair.com\\\/es\\\/conocenos\\\/\",\"url\":\"https:\\\/\\\/drthair.com\\\/es\\\/conocenos\\\/\",\"name\":\"Con\u00f3cenos - DrT Hair Best Hair Transplant\",\"isPartOf\":{\"@id\":\"https:\\\/\\\/drthair.com\\\/#website\"},\"datePublished\":\"2018-11-17T04:41:46+00:00\",\"dateModified\":\"2026-01-01T21:12:06+00:00\",\"breadcrumb\":{\"@id\":\"https:\\\/\\\/drthair.com\\\/es\\\/conocenos\\\/#breadcrumb\"},\"inLanguage\":\"es\",\"potentialAction\":[{\"@type\":\"ReadAction\",\"target\":[\"https:\\\/\\\/drthair.com\\\/es\\\/conocenos\\\/\"]}]},{\"@type\":\"BreadcrumbList\",\"@id\":\"https:\\\/\\\/drthair.com\\\/es\\\/conocenos\\\/#breadcrumb\",\"itemListElement\":[{\"@type\":\"ListItem\",\"position\":1,\"name\":\"Home\",\"item\":\"https:\\\/\\\/drthair.com\\\/es\\\/\"},{\"@type\":\"ListItem\",\"position\":2,\"name\":\"Con\u00f3cenos\"}]},{\"@type\":\"WebSite\",\"@id\":\"https:\\\/\\\/drthair.com\\\/#website\",\"url\":\"https:\\\/\\\/drthair.com\\\/\",\"name\":\"DrT Hair Best Hair Transplant\",\"description\":\"Best Hair Transplantation  in Turkey\",\"publisher\":{\"@id\":\"https:\\\/\\\/drthair.com\\\/#organization\"},\"potentialAction\":[{\"@type\":\"SearchAction\",\"target\":{\"@type\":\"EntryPoint\",\"urlTemplate\":\"https:\\\/\\\/drthair.com\\\/?s={search_term_string}\"},\"query-input\":{\"@type\":\"PropertyValueSpecification\",\"valueRequired\":true,\"valueName\":\"search_term_string\"}}],\"inLanguage\":\"es\"},{\"@type\":\"Organization\",\"@id\":\"https:\\\/\\\/drthair.com\\\/#organization\",\"name\":\"DrT Hair\",\"url\":\"https:\\\/\\\/drthair.com\\\/\",\"logo\":{\"@type\":\"ImageObject\",\"inLanguage\":\"es\",\"@id\":\"https:\\\/\\\/drthair.com\\\/#\\\/schema\\\/logo\\\/image\\\/\",\"url\":\"https:\\\/\\\/drthair.com\\\/wp-content\\\/uploads\\\/2020\\\/06\\\/logo-org.png\",\"contentUrl\":\"https:\\\/\\\/drthair.com\\\/wp-content\\\/uploads\\\/2020\\\/06\\\/logo-org.png\",\"width\":620,\"height\":95,\"caption\":\"DrT Hair\"},\"image\":{\"@id\":\"https:\\\/\\\/drthair.com\\\/#\\\/schema\\\/logo\\\/image\\\/\"},\"sameAs\":[\"https:\\\/\\\/www.facebook.com\\\/hairtransplant.drt\",\"https:\\\/\\\/www.instagram.com\\\/drthairtransplant\\\/\",\"https:\\\/\\\/www.youtube.com\\\/channel\\\/UCsQGjJoo4xatb74vRph7rcw\"]}]}<\/script>\n<!-- \/ Yoast SEO plugin. -->","yoast_head_json":{"title":"Con\u00f3cenos - DrT Hair Best Hair Transplant","robots":{"index":"index","follow":"follow","max-snippet":"max-snippet:-1","max-image-preview":"max-image-preview:large","max-video-preview":"max-video-preview:-1"},"canonical":"https:\/\/drthair.com\/es\/conocenos\/","og_locale":"es_ES","og_type":"article","og_title":"Con\u00f3cenos - DrT Hair Best Hair Transplant","og_description":"[vc_row full_width=&#8221;stretch_row&#8221; content_placement=&#8221;middle&#8221; css=&#8221;.vc_custom_1706557272204{padding-top: 120px !important;padding-bottom: 60px !important;background-position: center !important;background-repeat: no-repeat !important;background-size: cover !important;}&#8221; el_class=&#8221;home1-about-sec&#8221;][vc_column width=&#8221;1\/2&#8243; css=&#8221;.vc_custom_1593255934050{margin-top: 0px !important;padding-right: 25px !important;}&#8221;][vc_single_image image=&#8221;11556&#8243; img_size=&#8221;full&#8221;][\/vc_column][vc_column width=&#8221;1\/2&#8243; css=&#8221;.vc_custom_1562234115025{padding-left: 40px !important;}&#8221;][vc_column_text css=&#8221;&#8221;]DrT Hair es un centro de reconocimiento internacional especializado en tratamientos de restauraci\u00f3n capilar en diversas regiones. La cl\u00ednica de trasplante capilar DrT fue fundada en 1998 en...","og_url":"https:\/\/drthair.com\/es\/conocenos\/","og_site_name":"DrT Hair Best Hair Transplant","article_publisher":"https:\/\/www.facebook.com\/hairtransplant.drt","article_modified_time":"2026-01-01T21:12:06+00:00","twitter_misc":{"Tiempo de lectura":"7 minutos"},"schema":{"@context":"https:\/\/schema.org","@graph":[{"@type":"WebPage","@id":"https:\/\/drthair.com\/es\/conocenos\/","url":"https:\/\/drthair.com\/es\/conocenos\/","name":"Con\u00f3cenos - DrT Hair Best Hair Transplant","isPartOf":{"@id":"https:\/\/drthair.com\/#website"},"datePublished":"2018-11-17T04:41:46+00:00","dateModified":"2026-01-01T21:12:06+00:00","breadcrumb":{"@id":"https:\/\/drthair.com\/es\/conocenos\/#breadcrumb"},"inLanguage":"es","potentialAction":[{"@type":"ReadAction","target":["https:\/\/drthair.com\/es\/conocenos\/"]}]},{"@type":"BreadcrumbList","@id":"https:\/\/drthair.com\/es\/conocenos\/#breadcrumb","itemListElement":[{"@type":"ListItem","position":1,"name":"Home","item":"https:\/\/drthair.com\/es\/"},{"@type":"ListItem","position":2,"name":"Con\u00f3cenos"}]},{"@type":"WebSite","@id":"https:\/\/drthair.com\/#website","url":"https:\/\/drthair.com\/","name":"DrT Hair Best Hair Transplant","description":"Best Hair Transplantation  in Turkey","publisher":{"@id":"https:\/\/drthair.com\/#organization"},"potentialAction":[{"@type":"SearchAction","target":{"@type":"EntryPoint","urlTemplate":"https:\/\/drthair.com\/?s={search_term_string}"},"query-input":{"@type":"PropertyValueSpecification","valueRequired":true,"valueName":"search_term_string"}}],"inLanguage":"es"},{"@type":"Organization","@id":"https:\/\/drthair.com\/#organization","name":"DrT Hair","url":"https:\/\/drthair.com\/","logo":{"@type":"ImageObject","inLanguage":"es","@id":"https:\/\/drthair.com\/#\/schema\/logo\/image\/","url":"https:\/\/drthair.com\/wp-content\/uploads\/2020\/06\/logo-org.png","contentUrl":"https:\/\/drthair.com\/wp-content\/uploads\/2020\/06\/logo-org.png","width":620,"height":95,"caption":"DrT Hair"},"image":{"@id":"https:\/\/drthair.com\/#\/schema\/logo\/image\/"},"sameAs":["https:\/\/www.facebook.com\/hairtransplant.drt","https:\/\/www.instagram.com\/drthairtransplant\/","https:\/\/www.youtube.com\/channel\/UCsQGjJoo4xatb74vRph7rcw"]}]}},"_links":{"self":[{"href":"https:\/\/drthair.com\/es\/wp-json\/wp\/v2\/pages\/9023","targetHints":{"allow":["GET"]}}],"collection":[{"href":"https:\/\/drthair.com\/es\/wp-json\/wp\/v2\/pages"}],"about":[{"href":"https:\/\/drthair.com\/es\/wp-json\/wp\/v2\/types\/page"}],"author":[{"embeddable":true,"href":"https:\/\/drthair.com\/es\/wp-json\/wp\/v2\/users\/1"}],"replies":[{"embeddable":true,"href":"https:\/\/drthair.com\/es\/wp-json\/wp\/v2\/comments?post=9023"}],"version-history":[{"count":7,"href":"https:\/\/drthair.com\/es\/wp-json\/wp\/v2\/pages\/9023\/revisions"}],"predecessor-version":[{"id":13357,"href":"https:\/\/drthair.com\/es\/wp-json\/wp\/v2\/pages\/9023\/revisions\/13357"}],"wp:attachment":[{"href":"https:\/\/drthair.com\/es\/wp-json\/wp\/v2\/media?parent=9023"}],"curies":[{"name":"wp","href":"https:\/\/api.w.org\/{rel}","templated":true}]}}