{"id":9049,"date":"2020-06-20T08:01:50","date_gmt":"2020-06-20T08:01:50","guid":{"rendered":"https:\/\/drthair.com\/prima-di-un-trapianto-di-capelli\/"},"modified":"2021-03-10T17:39:06","modified_gmt":"2021-03-10T17:39:06","slug":"antes-de-un-trasplante-de-cabello","status":"publish","type":"page","link":"https:\/\/drthair.com\/es\/antes-de-un-trasplante-de-cabello\/","title":{"rendered":"Antes de un trasplante de cabello"},"content":{"rendered":"<div class=\"wpb-content-wrapper\"><p>[vc_row full_width=&#8221;stretch_row&#8221; css=&#8221;.vc_custom_1548661485278{padding-top: 100px !important;padding-bottom: 60px !important;}&#8221;][vc_column css=&#8221;.vc_custom_1548416456616{padding-right: 35px !important;}&#8221;]\r\n        <div class=\"rs-heading style6  beforehair text-center\">\r\n        \t<div class=\"title-inner\">\r\n        \t\t\r\n\t            \r\n\t            <h2 class=\"title \" style=\"color: #303745\">\u00bfQu\u00e9 hacer antes de un trasplante capilar?<\/h2>\r\n\t        <\/div><\/div>[\/vc_column][\/vc_row][vc_row][vc_column width=&#8221;1\/2&#8243;]\r\n        <div class=\"rs-heading style6   \">\r\n        \t<div class=\"title-inner\">\r\n        \t\t\r\n\t            \r\n\t            \r\n\t        <\/div><div class=\"description\"><p ><\/p>\n<ul>\n<li>Hoy en d\u00eda el trasplante de cabello no tiene ning\u00fan riesgo real. Pero como con cualquier cirug\u00eda, hay algunas cosas que debe tener en cuenta:<\/li>\n<li>Env\u00edenos el formulario de admisi\u00f3n del paciente con respecto a su estado general de salud al menos unos d\u00edas antes de la operaci\u00f3n.<\/li>\n<li>No deben utilizarse aspirinas u otros anticoagulantes durante al menos cuatro d\u00edas antes de la operaci\u00f3n. (Debe dejar de tomar medicamentos anticoagulantes como la aspirina una semana antes del tratamiento).<\/li>\n<li>III. No se debe consumir alcohol 2 d\u00edas antes del d\u00eda de la operaci\u00f3n. (Si deja de consumir alcohol de 3 a 4 d\u00edas antes de la operaci\u00f3n, ser\u00eda a\u00fan mejor).<\/li>\n<li>Para evitar problemas circulatorios, tambi\u00e9n debe dejar de fumar una o dos semanas antes y despu\u00e9s de la operaci\u00f3n.<\/li>\n<li>Debe dejar de tomar cualquier tipo de vitaminas o amino\u00e1cidos para el cabello.<\/li>\n<li>Debe dejar de consumir Minoxidil, Regain y Rogain al menos dos semanas antes de su operaci\u00f3n.<\/li>\n<li>VII. No trate el cabello antes de la operaci\u00f3n, es decir, sin gel, laca o cualquier tipo de colorantening\u00fan colorante. No se corte el cabello antes de la cirug\u00eda, ya que lo afeitaremos en la cl\u00ednica antes de la operaci\u00f3n.<\/li>\n<li>VIII. Use ropa c\u00f3moda el d\u00eda del tratamiento. Debe usar una camiseta que se pueda quitar f\u00e1cilmente. Una camisa abotonada o un su\u00e9ter con cremallera ser\u00edan buenas opciones.<\/li>\n<li>Desayune como siempre antes de la operaci\u00f3n. Sin embargo, no consuma caf\u00e9 en el d\u00eda de la operaci\u00f3n. Durante la cirug\u00eda le ofreceremos un almuerzo ligero.<\/li>\n<\/ul>\n<p><\/p><\/div><\/div>[\/vc_column][vc_column width=&#8221;1\/2&#8243;][vc_single_image image=&#8221;8871&#8243; img_size=&#8221;full&#8221;][\/vc_column][\/vc_row]<\/p>\n<\/div>","protected":false},"excerpt":{"rendered":"<p>[vc_row full_width=&#8221;stretch_row&#8221; css=&#8221;.vc_custom_1548661485278{padding-top: 100px !important;padding-bottom: 60px !important;}&#8221;][vc_column css=&#8221;.vc_custom_1548416456616{padding-right: 35px !important;}&#8221;][\/vc_column][\/vc_row][vc_row][vc_column width=&#8221;1\/2&#8243;][\/vc_column][vc_column width=&#8221;1\/2&#8243;][vc_single_image image=&#8221;8871&#8243; img_size=&#8221;full&#8221;][\/vc_column]&#8230;<\/p>\n","protected":false},"author":1,"featured_media":0,"parent":0,"menu_order":0,"comment_status":"closed","ping_status":"closed","template":"","meta":{"footnotes":""},"class_list":["post-9049","page","type-page","status-publish","hentry"],"yoast_head":"<!-- This site is optimized with the Yoast SEO plugin v27.3 - https:\/\/yoast.com\/product\/yoast-seo-wordpress\/ -->\n<title>Antes de un trasplante de cabello - DrT Hair Best Hair Transplant<\/title>\n<meta name=\"robots\" content=\"index, follow, max-snippet:-1, max-image-preview:large, max-video-preview:-1\" \/>\n<link rel=\"canonical\" href=\"https:\/\/drthair.com\/before-hair-transplant\/\" \/>\n<meta property=\"og:locale\" content=\"es_ES\" \/>\n<meta property=\"og:type\" content=\"article\" \/>\n<meta property=\"og:title\" content=\"Antes de un trasplante de cabello - DrT Hair Best Hair Transplant\" \/>\n<meta property=\"og:description\" content=\"[vc_row full_width=&#8221;stretch_row&#8221; css=&#8221;.vc_custom_1548661485278{padding-top: 100px !important;padding-bottom: 60px !important;}&#8221;][vc_column css=&#8221;.vc_custom_1548416456616{padding-right: 35px !important;}&#8221;][\/vc_column][\/vc_row][vc_row][vc_column width=&#8221;1\/2&#8243;][\/vc_column][vc_column width=&#8221;1\/2&#8243;][vc_single_image image=&#8221;8871&#8243; img_size=&#8221;full&#8221;][\/vc_column]...\" \/>\n<meta property=\"og:url\" content=\"https:\/\/drthair.com\/before-hair-transplant\/\" \/>\n<meta property=\"og:site_name\" content=\"DrT Hair Best Hair Transplant\" \/>\n<meta property=\"article:publisher\" content=\"https:\/\/www.facebook.com\/hairtransplant.drt\" \/>\n<meta property=\"article:modified_time\" content=\"2021-03-10T17:39:06+00:00\" \/>\n<meta name=\"twitter:label1\" content=\"Tiempo de lectura\" \/>\n\t<meta name=\"twitter:data1\" content=\"2 minutos\" \/>\n<script type=\"application\/ld+json\" class=\"yoast-schema-graph\">{\"@context\":\"https:\\\/\\\/schema.org\",\"@graph\":[{\"@type\":\"WebPage\",\"@id\":\"https:\\\/\\\/drthair.com\\\/before-hair-transplant\\\/\",\"url\":\"https:\\\/\\\/drthair.com\\\/before-hair-transplant\\\/\",\"name\":\"Antes de un trasplante de cabello - DrT Hair Best Hair Transplant\",\"isPartOf\":{\"@id\":\"https:\\\/\\\/drthair.com\\\/#website\"},\"datePublished\":\"2020-06-20T08:01:50+00:00\",\"dateModified\":\"2021-03-10T17:39:06+00:00\",\"breadcrumb\":{\"@id\":\"https:\\\/\\\/drthair.com\\\/before-hair-transplant\\\/#breadcrumb\"},\"inLanguage\":\"es\",\"potentialAction\":[{\"@type\":\"ReadAction\",\"target\":[\"https:\\\/\\\/drthair.com\\\/before-hair-transplant\\\/\"]}]},{\"@type\":\"BreadcrumbList\",\"@id\":\"https:\\\/\\\/drthair.com\\\/before-hair-transplant\\\/#breadcrumb\",\"itemListElement\":[{\"@type\":\"ListItem\",\"position\":1,\"name\":\"Home\",\"item\":\"https:\\\/\\\/drthair.com\\\/es\\\/\"},{\"@type\":\"ListItem\",\"position\":2,\"name\":\"Antes de un trasplante de cabello\"}]},{\"@type\":\"WebSite\",\"@id\":\"https:\\\/\\\/drthair.com\\\/#website\",\"url\":\"https:\\\/\\\/drthair.com\\\/\",\"name\":\"DrT Hair Best Hair Transplant\",\"description\":\"Best Hair Transplantation  in Turkey\",\"publisher\":{\"@id\":\"https:\\\/\\\/drthair.com\\\/#organization\"},\"potentialAction\":[{\"@type\":\"SearchAction\",\"target\":{\"@type\":\"EntryPoint\",\"urlTemplate\":\"https:\\\/\\\/drthair.com\\\/?s={search_term_string}\"},\"query-input\":{\"@type\":\"PropertyValueSpecification\",\"valueRequired\":true,\"valueName\":\"search_term_string\"}}],\"inLanguage\":\"es\"},{\"@type\":\"Organization\",\"@id\":\"https:\\\/\\\/drthair.com\\\/#organization\",\"name\":\"DrT Hair\",\"url\":\"https:\\\/\\\/drthair.com\\\/\",\"logo\":{\"@type\":\"ImageObject\",\"inLanguage\":\"es\",\"@id\":\"https:\\\/\\\/drthair.com\\\/#\\\/schema\\\/logo\\\/image\\\/\",\"url\":\"https:\\\/\\\/drthair.com\\\/wp-content\\\/uploads\\\/2020\\\/06\\\/logo-org.png\",\"contentUrl\":\"https:\\\/\\\/drthair.com\\\/wp-content\\\/uploads\\\/2020\\\/06\\\/logo-org.png\",\"width\":620,\"height\":95,\"caption\":\"DrT Hair\"},\"image\":{\"@id\":\"https:\\\/\\\/drthair.com\\\/#\\\/schema\\\/logo\\\/image\\\/\"},\"sameAs\":[\"https:\\\/\\\/www.facebook.com\\\/hairtransplant.drt\",\"https:\\\/\\\/www.instagram.com\\\/drthairtransplant\\\/\",\"https:\\\/\\\/www.youtube.com\\\/channel\\\/UCsQGjJoo4xatb74vRph7rcw\"]}]}<\/script>\n<!-- \/ Yoast SEO plugin. -->","yoast_head_json":{"title":"Antes de un trasplante de cabello - DrT Hair Best Hair Transplant","robots":{"index":"index","follow":"follow","max-snippet":"max-snippet:-1","max-image-preview":"max-image-preview:large","max-video-preview":"max-video-preview:-1"},"canonical":"https:\/\/drthair.com\/before-hair-transplant\/","og_locale":"es_ES","og_type":"article","og_title":"Antes de un trasplante de cabello - DrT Hair Best Hair Transplant","og_description":"[vc_row full_width=&#8221;stretch_row&#8221; css=&#8221;.vc_custom_1548661485278{padding-top: 100px !important;padding-bottom: 60px !important;}&#8221;][vc_column css=&#8221;.vc_custom_1548416456616{padding-right: 35px !important;}&#8221;][\/vc_column][\/vc_row][vc_row][vc_column width=&#8221;1\/2&#8243;][\/vc_column][vc_column width=&#8221;1\/2&#8243;][vc_single_image image=&#8221;8871&#8243; img_size=&#8221;full&#8221;][\/vc_column]...","og_url":"https:\/\/drthair.com\/before-hair-transplant\/","og_site_name":"DrT Hair Best Hair Transplant","article_publisher":"https:\/\/www.facebook.com\/hairtransplant.drt","article_modified_time":"2021-03-10T17:39:06+00:00","twitter_misc":{"Tiempo de lectura":"2 minutos"},"schema":{"@context":"https:\/\/schema.org","@graph":[{"@type":"WebPage","@id":"https:\/\/drthair.com\/before-hair-transplant\/","url":"https:\/\/drthair.com\/before-hair-transplant\/","name":"Antes de un trasplante de cabello - DrT Hair Best Hair Transplant","isPartOf":{"@id":"https:\/\/drthair.com\/#website"},"datePublished":"2020-06-20T08:01:50+00:00","dateModified":"2021-03-10T17:39:06+00:00","breadcrumb":{"@id":"https:\/\/drthair.com\/before-hair-transplant\/#breadcrumb"},"inLanguage":"es","potentialAction":[{"@type":"ReadAction","target":["https:\/\/drthair.com\/before-hair-transplant\/"]}]},{"@type":"BreadcrumbList","@id":"https:\/\/drthair.com\/before-hair-transplant\/#breadcrumb","itemListElement":[{"@type":"ListItem","position":1,"name":"Home","item":"https:\/\/drthair.com\/es\/"},{"@type":"ListItem","position":2,"name":"Antes de un trasplante de cabello"}]},{"@type":"WebSite","@id":"https:\/\/drthair.com\/#website","url":"https:\/\/drthair.com\/","name":"DrT Hair Best Hair Transplant","description":"Best Hair Transplantation  in Turkey","publisher":{"@id":"https:\/\/drthair.com\/#organization"},"potentialAction":[{"@type":"SearchAction","target":{"@type":"EntryPoint","urlTemplate":"https:\/\/drthair.com\/?s={search_term_string}"},"query-input":{"@type":"PropertyValueSpecification","valueRequired":true,"valueName":"search_term_string"}}],"inLanguage":"es"},{"@type":"Organization","@id":"https:\/\/drthair.com\/#organization","name":"DrT Hair","url":"https:\/\/drthair.com\/","logo":{"@type":"ImageObject","inLanguage":"es","@id":"https:\/\/drthair.com\/#\/schema\/logo\/image\/","url":"https:\/\/drthair.com\/wp-content\/uploads\/2020\/06\/logo-org.png","contentUrl":"https:\/\/drthair.com\/wp-content\/uploads\/2020\/06\/logo-org.png","width":620,"height":95,"caption":"DrT Hair"},"image":{"@id":"https:\/\/drthair.com\/#\/schema\/logo\/image\/"},"sameAs":["https:\/\/www.facebook.com\/hairtransplant.drt","https:\/\/www.instagram.com\/drthairtransplant\/","https:\/\/www.youtube.com\/channel\/UCsQGjJoo4xatb74vRph7rcw"]}]}},"_links":{"self":[{"href":"https:\/\/drthair.com\/es\/wp-json\/wp\/v2\/pages\/9049","targetHints":{"allow":["GET"]}}],"collection":[{"href":"https:\/\/drthair.com\/es\/wp-json\/wp\/v2\/pages"}],"about":[{"href":"https:\/\/drthair.com\/es\/wp-json\/wp\/v2\/types\/page"}],"author":[{"embeddable":true,"href":"https:\/\/drthair.com\/es\/wp-json\/wp\/v2\/users\/1"}],"replies":[{"embeddable":true,"href":"https:\/\/drthair.com\/es\/wp-json\/wp\/v2\/comments?post=9049"}],"version-history":[{"count":0,"href":"https:\/\/drthair.com\/es\/wp-json\/wp\/v2\/pages\/9049\/revisions"}],"wp:attachment":[{"href":"https:\/\/drthair.com\/es\/wp-json\/wp\/v2\/media?parent=9049"}],"curies":[{"name":"wp","href":"https:\/\/api.w.org\/{rel}","templated":true}]}}