{"id":11736,"date":"2026-04-17T14:08:59","date_gmt":"2026-04-17T11:08:59","guid":{"rendered":"http:\/\/drthair.com\/contact-2\/"},"modified":"2026-04-17T14:08:59","modified_gmt":"2026-04-17T11:08:59","slug":"contact-2","status":"publish","type":"page","link":"https:\/\/drthair.com\/fr\/contact-2\/","title":{"rendered":"Contact"},"content":{"rendered":"\t\t<div data-elementor-type=\"wp-page\" data-elementor-id=\"11736\" class=\"elementor elementor-11736\">\n\t\t\t\t\t\t<section class=\"elementor-section elementor-top-section elementor-element elementor-element-8604efd elementor-section-boxed elementor-section-height-default elementor-section-height-default\" data-id=\"8604efd\" data-element_type=\"section\" data-e-type=\"section\">\n\t\t\t\t\t\t<div class=\"elementor-container elementor-column-gap-default\">\n\t\t\t\t\t<div class=\"elementor-column elementor-col-50 elementor-top-column elementor-element elementor-element-89037c8\" data-id=\"89037c8\" data-element_type=\"column\" data-e-type=\"column\">\n\t\t\t<div class=\"elementor-widget-wrap elementor-element-populated\">\n\t\t\t\t\t\t<div class=\"elementor-element elementor-element-62f4f9d elementor-widget elementor-widget-contact-list\" data-id=\"62f4f9d\" data-element_type=\"widget\" data-e-type=\"widget\" data-widget_type=\"contact-list.default\">\n\t\t\t\t<div class=\"elementor-widget-container\">\n\t\t\t\t\t\r\n        <!-- Start rendering the output -->\r\n        \r\n        <div class=\"contact-media \">\r\n            <span>Turquie<\/span>\r\n                <ul class=\"list-unstyled mb-0\">\r\n                          <li><i class=\"flaticon flaticon-location\"><\/i> \r\n              <div class=\"contact-media-text\">\r\n               \r\n            <p class=\"mb-0\">Kaz\u0131m \u00d6zalp Mahallesi U\u011fur Mumcu Caddesi No : 8E : 1, 06680 \u00c7ankaya\/Ankara, T\u00fcrkiye<\/p>\r\n            <\/div>\r\n        <\/li>\r\n                            <li><i class=\"flaticon flaticon-email\"><\/i> \r\n              <div class=\"contact-media-text\">\r\n               <a href=\"mailto:info@drthair.com\">info@drthair.com<\/a>\r\n           <\/div>\r\n        <\/li>\r\n                            <li><i class=\"flaticon flaticon-doctor-consultation\"><\/i> \r\n              <div class=\"contact-media-text\">\r\n               <a href=\"tel:+905424706031\">05424706031<\/a>\r\n           <\/div>\r\n        <\/li>\r\n                          <\/ul>\r\n            <div class=\"ht-shape-btn\"><svg width=\"111\" height=\"111\" viewBox=\"0 0 111 111\" fill=\"none\" xmlns=\"http:\/\/www.w3.org\/2000\/svg\">\r\n                        <path fill-rule=\"evenodd\" clip-rule=\"evenodd\" d=\"M0 0C19.33 0 35 15.67 35 35V41C35 60.33 50.67 76 70 76H76C95.33 76 111 91.67 111 111V0H0Z\" fill=\"none\"><\/path>\r\n                    <\/svg><\/div>\r\n            <a class=\"location-btn\" href=\"\" target=\"_blank\"><i class=\"flaticon-location-pin\"><\/i><\/a>\r\n            <\/div>\r\n\r\n\r\n        <!-- End rendering the output -->\r\n\r\n\r\n\r\n        \t\t\t\t<\/div>\n\t\t\t\t<\/div>\n\t\t\t\t\t<\/div>\n\t\t<\/div>\n\t\t\t\t<div class=\"elementor-column elementor-col-50 elementor-top-column elementor-element elementor-element-5223366\" data-id=\"5223366\" data-element_type=\"column\" data-e-type=\"column\">\n\t\t\t<div class=\"elementor-widget-wrap elementor-element-populated\">\n\t\t\t\t\t\t<div class=\"elementor-element elementor-element-d313205 elementor-widget elementor-widget-contact-list\" data-id=\"d313205\" data-element_type=\"widget\" data-e-type=\"widget\" data-widget_type=\"contact-list.default\">\n\t\t\t\t<div class=\"elementor-widget-container\">\n\t\t\t\t\t\r\n        <!-- Start rendering the output -->\r\n        \r\n        <div class=\"contact-media \">\r\n            <span>Allemagne<\/span>\r\n                <ul class=\"list-unstyled mb-0\">\r\n                          <li><i class=\"flaticon flaticon-location\"><\/i> \r\n              <div class=\"contact-media-text\">\r\n               \r\n            <p class=\"mb-0\">Munich, Bavi\u00e8re, Allemagne<\/p>\r\n            <\/div>\r\n        <\/li>\r\n                            <li><i class=\"flaticon flaticon-email\"><\/i> \r\n              <div class=\"contact-media-text\">\r\n               <a href=\"mailto: efe@drthair.com\">efe@drthair.com<\/a>\r\n           <\/div>\r\n        <\/li>\r\n                            <li><i class=\"flaticon flaticon-doctor-consultation\"><\/i> \r\n              <div class=\"contact-media-text\">\r\n               <a href=\"tel:+4915224178832\">+4915224178832<\/a>\r\n           <\/div>\r\n        <\/li>\r\n                          <\/ul>\r\n            <div class=\"ht-shape-btn\"><svg width=\"111\" height=\"111\" viewBox=\"0 0 111 111\" fill=\"none\" xmlns=\"http:\/\/www.w3.org\/2000\/svg\">\r\n                        <path fill-rule=\"evenodd\" clip-rule=\"evenodd\" d=\"M0 0C19.33 0 35 15.67 35 35V41C35 60.33 50.67 76 70 76H76C95.33 76 111 91.67 111 111V0H0Z\" fill=\"none\"><\/path>\r\n                    <\/svg><\/div>\r\n            <a class=\"location-btn\" href=\"\" target=\"_blank\"><i class=\"flaticon-location-pin\"><\/i><\/a>\r\n            <\/div>\r\n\r\n\r\n        <!-- End rendering the output -->\r\n\r\n\r\n\r\n        \t\t\t\t<\/div>\n\t\t\t\t<\/div>\n\t\t\t\t\t<\/div>\n\t\t<\/div>\n\t\t\t\t\t<\/div>\n\t\t<\/section>\n\t\t\t\t<section class=\"elementor-section elementor-top-section elementor-element elementor-element-0fc2b0f elementor-section-boxed elementor-section-height-default elementor-section-height-default\" data-id=\"0fc2b0f\" data-element_type=\"section\" data-e-type=\"section\">\n\t\t\t\t\t\t<div class=\"elementor-container elementor-column-gap-default\">\n\t\t\t\t\t<div class=\"elementor-column elementor-col-50 elementor-top-column elementor-element elementor-element-4096d8e\" data-id=\"4096d8e\" data-element_type=\"column\" data-e-type=\"column\">\n\t\t\t<div class=\"elementor-widget-wrap elementor-element-populated\">\n\t\t\t\t\t\t<div class=\"elementor-element elementor-element-ace4355 elementor-widget elementor-widget-contact-list\" data-id=\"ace4355\" data-element_type=\"widget\" data-e-type=\"widget\" data-widget_type=\"contact-list.default\">\n\t\t\t\t<div class=\"elementor-widget-container\">\n\t\t\t\t\t\r\n        <!-- Start rendering the output -->\r\n        \r\n        <div class=\"contact-media \">\r\n            <span>Chypre<\/span>\r\n                <ul class=\"list-unstyled mb-0\">\r\n                          <li><i class=\"flaticon flaticon-location\"><\/i> \r\n              <div class=\"contact-media-text\">\r\n               \r\n            <p class=\"mb-0\">Bedrettin Demirel Caddesi No:31 \/ 7, Kyrenia, Chypre<\/p>\r\n            <\/div>\r\n        <\/li>\r\n                            <li><i class=\"flaticon flaticon-email\"><\/i> \r\n              <div class=\"contact-media-text\">\r\n               <a href=\"mailto: info@drthair.com\">info@drthair.com<\/a>\r\n           <\/div>\r\n        <\/li>\r\n                            <li><i class=\"flaticon flaticon-doctor-consultation\"><\/i> \r\n              <div class=\"contact-media-text\">\r\n               <a href=\"tel:+905424706031\">05424706031<\/a>\r\n           <\/div>\r\n        <\/li>\r\n                          <\/ul>\r\n            <div class=\"ht-shape-btn\"><svg width=\"111\" height=\"111\" viewBox=\"0 0 111 111\" fill=\"none\" xmlns=\"http:\/\/www.w3.org\/2000\/svg\">\r\n                        <path fill-rule=\"evenodd\" clip-rule=\"evenodd\" d=\"M0 0C19.33 0 35 15.67 35 35V41C35 60.33 50.67 76 70 76H76C95.33 76 111 91.67 111 111V0H0Z\" fill=\"none\"><\/path>\r\n                    <\/svg><\/div>\r\n            <a class=\"location-btn\" href=\"\" target=\"_blank\"><i class=\"flaticon-location-pin\"><\/i><\/a>\r\n            <\/div>\r\n\r\n\r\n        <!-- End rendering the output -->\r\n\r\n\r\n\r\n        \t\t\t\t<\/div>\n\t\t\t\t<\/div>\n\t\t\t\t\t<\/div>\n\t\t<\/div>\n\t\t\t\t<div class=\"elementor-column elementor-col-50 elementor-top-column elementor-element elementor-element-488d55d\" data-id=\"488d55d\" data-element_type=\"column\" data-e-type=\"column\">\n\t\t\t<div class=\"elementor-widget-wrap elementor-element-populated\">\n\t\t\t\t\t\t<div class=\"elementor-element elementor-element-b082963 elementor-widget elementor-widget-contact-list\" data-id=\"b082963\" data-element_type=\"widget\" data-e-type=\"widget\" data-widget_type=\"contact-list.default\">\n\t\t\t\t<div class=\"elementor-widget-container\">\n\t\t\t\t\t\r\n        <!-- Start rendering the output -->\r\n        \r\n        <div class=\"contact-media \">\r\n            <span>Autriche<\/span>\r\n                <ul class=\"list-unstyled mb-0\">\r\n                          <li><i class=\"flaticon flaticon-location\"><\/i> \r\n              <div class=\"contact-media-text\">\r\n               \r\n            <p class=\"mb-0\">Vienne, Autriche<\/p>\r\n            <\/div>\r\n        <\/li>\r\n                            <li><i class=\"flaticon flaticon-email\"><\/i> \r\n              <div class=\"contact-media-text\">\r\n               <a href=\"mailto: ebru@drthair.com\">ebru@drthair.com<\/a>\r\n           <\/div>\r\n        <\/li>\r\n                            <li><i class=\"flaticon flaticon-doctor-consultation\"><\/i> \r\n              <div class=\"contact-media-text\">\r\n               <a href=\"tel:+4915224178832\">+4915224178832<\/a>\r\n           <\/div>\r\n        <\/li>\r\n                          <\/ul>\r\n            <div class=\"ht-shape-btn\"><svg width=\"111\" height=\"111\" viewBox=\"0 0 111 111\" fill=\"none\" xmlns=\"http:\/\/www.w3.org\/2000\/svg\">\r\n                        <path fill-rule=\"evenodd\" clip-rule=\"evenodd\" d=\"M0 0C19.33 0 35 15.67 35 35V41C35 60.33 50.67 76 70 76H76C95.33 76 111 91.67 111 111V0H0Z\" fill=\"none\"><\/path>\r\n                    <\/svg><\/div>\r\n            <a class=\"location-btn\" href=\"\" target=\"_blank\"><i class=\"flaticon-location-pin\"><\/i><\/a>\r\n            <\/div>\r\n\r\n\r\n        <!-- End rendering the output -->\r\n\r\n\r\n\r\n        \t\t\t\t<\/div>\n\t\t\t\t<\/div>\n\t\t\t\t\t<\/div>\n\t\t<\/div>\n\t\t\t\t\t<\/div>\n\t\t<\/section>\n\t\t\t\t<section class=\"elementor-section elementor-top-section elementor-element elementor-element-68eacab elementor-section-boxed elementor-section-height-default elementor-section-height-default\" data-id=\"68eacab\" data-element_type=\"section\" data-e-type=\"section\">\n\t\t\t\t\t\t<div class=\"elementor-container elementor-column-gap-default\">\n\t\t\t\t\t<div class=\"elementor-column elementor-col-50 elementor-top-column elementor-element elementor-element-7fcf060 bg-img-sec contact-img\" data-id=\"7fcf060\" data-element_type=\"column\" data-e-type=\"column\" data-settings=\"{&quot;background_background&quot;:&quot;classic&quot;}\">\n\t\t\t<div class=\"elementor-widget-wrap\">\n\t\t\t\t\t\t\t<\/div>\n\t\t<\/div>\n\t\t\t\t<div class=\"elementor-column elementor-col-50 elementor-top-column elementor-element elementor-element-de2c4d4\" data-id=\"de2c4d4\" data-element_type=\"column\" data-e-type=\"column\" data-settings=\"{&quot;background_background&quot;:&quot;classic&quot;}\">\n\t\t\t<div class=\"elementor-widget-wrap elementor-element-populated\">\n\t\t\t\t\t\t<div class=\"elementor-element elementor-element-6f74a6d elementor-widget elementor-widget-title\" data-id=\"6f74a6d\" data-element_type=\"widget\" data-e-type=\"widget\" data-widget_type=\"title.default\">\n\t\t\t\t<div class=\"elementor-widget-container\">\n\t\t\t\t\t\r\n        <div class=\"theme-title ht-split-text  \">\r\n                          <h6>Prendre contact<\/h6>\r\n\t\t\t \r\n          <h2 class=\"text-anime-style\"> Discutons-en avec nous<\/h2>\r\n                  \r\n\r\n        <\/div>\r\n        \r\n\r\n\r\n        \t\t\t\t<\/div>\n\t\t\t\t<\/div>\n\t\t\t\t<div class=\"elementor-element elementor-element-2b14435 elementor-widget elementor-widget-shortcode\" data-id=\"2b14435\" data-element_type=\"widget\" data-e-type=\"widget\" data-widget_type=\"shortcode.default\">\n\t\t\t\t\t\t\t<div class=\"elementor-shortcode\">\n<div class=\"wpcf7 no-js\" id=\"wpcf7-f11814-o1\" lang=\"en-US\" dir=\"ltr\" data-wpcf7-id=\"11814\">\n<div class=\"screen-reader-response\"><p role=\"status\" aria-live=\"polite\" aria-atomic=\"true\"><\/p> <ul><\/ul><\/div>\n<form action=\"\/fr\/wp-json\/wp\/v2\/pages\/11736#wpcf7-f11814-o1\" method=\"post\" class=\"wpcf7-form init\" aria-label=\"Contact form\" novalidate=\"novalidate\" data-status=\"init\">\n<fieldset class=\"hidden-fields-container\"><input type=\"hidden\" name=\"_wpcf7\" value=\"11814\" \/><input type=\"hidden\" name=\"_wpcf7_version\" value=\"6.1.5\" \/><input type=\"hidden\" name=\"_wpcf7_locale\" value=\"en_US\" \/><input type=\"hidden\" name=\"_wpcf7_unit_tag\" value=\"wpcf7-f11814-o1\" \/><input type=\"hidden\" name=\"_wpcf7_container_post\" value=\"0\" \/><input type=\"hidden\" name=\"_wpcf7_posted_data_hash\" value=\"\" \/>\n<\/fieldset>\n<div class=\"contact-form\">\n  <div class=\"row\">    \n    <div class=\"col-md-6 mb-3\"><span class=\"wpcf7-form-control-wrap\" data-name=\"your-name\"><input size=\"40\" maxlength=\"400\" class=\"wpcf7-form-control wpcf7-text\" aria-invalid=\"false\" placeholder=\"Name Surname\" value=\"\" type=\"text\" name=\"your-name\" \/><\/span><\/div>\n <div class=\"col-md-6 mb-3\"><span class=\"wpcf7-form-control-wrap\" data-name=\"tel-893\"><input size=\"40\" maxlength=\"400\" class=\"wpcf7-form-control wpcf7-tel wpcf7-validates-as-required wpcf7-text wpcf7-validates-as-tel\" aria-required=\"true\" aria-invalid=\"false\" placeholder=\"Phone\" value=\"\" type=\"tel\" name=\"tel-893\" \/><\/span><\/div>   \n    <div class=\"col-md-6 mb-3\"><span class=\"wpcf7-form-control-wrap\" data-name=\"your-email\"><input size=\"40\" maxlength=\"400\" class=\"wpcf7-form-control wpcf7-email wpcf7-validates-as-required wpcf7-text wpcf7-validates-as-email\" aria-required=\"true\" aria-invalid=\"false\" placeholder=\"Email\" value=\"\" type=\"email\" name=\"your-email\" \/><\/span><\/div>\n<div class=\"col-md-6 mb-3\"><span class=\"wpcf7-form-control-wrap\" data-name=\"subject\"><select class=\"wpcf7-form-control wpcf7-select wpcf7-validates-as-required\" aria-required=\"true\" aria-invalid=\"false\" name=\"subject\"><option value=\"Subject\">Subject<\/option><option value=\"General Inquiry\">General Inquiry<\/option><option value=\"Complaint\">Complaint<\/option><option value=\"Support\">Support<\/option><\/select><\/span><\/div>\n    <div class=\"col-md-12 mb-3\"><span class=\"wpcf7-form-control-wrap\" data-name=\"your-message\"><textarea cols=\"40\" rows=\"10\" maxlength=\"2000\" class=\"wpcf7-form-control wpcf7-textarea\" aria-invalid=\"false\" placeholder=\"Type Your Message\" name=\"your-message\"><\/textarea><\/span><\/div>\n    <div class=\"col-md-12 mt-4\"><input class=\"wpcf7-form-control wpcf7-submit has-spinner\" type=\"submit\" value=\"Send Message\" \/><\/div>\n    <\/div>\n  <\/div><div class=\"wpcf7-response-output\" aria-hidden=\"true\"><\/div>\n<\/form>\n<\/div>\n<\/div>\n\t\t\t\t\t\t<\/div>\n\t\t\t\t\t<\/div>\n\t\t<\/div>\n\t\t\t\t\t<\/div>\n\t\t<\/section>\n\t\t\t\t<\/div>\n\t\t","protected":false},"excerpt":{"rendered":"<p>Turkey Kaz\u0131m \u00d6zalp Mahallesi U\u011fur Mumcu Caddesi No : 8E : 1, 06680 \u00c7ankaya\/Ankara, T\u00fcrkiye info@drthair.com 05424706031 Germany Munich, Bavaria, Germany efe@drthair.com +4915224178832 Cyprus Bedrettin Demirel Caddesi No:31 \/ 7, Kyrenia, Cyprus info@drthair.com 05424706031 Austria Vienna, Austria ebru@drthair.com +4915224178832 Get in Touch Let\u2019s Discuss With Us<\/p>\n","protected":false},"author":1,"featured_media":0,"parent":0,"menu_order":0,"comment_status":"closed","ping_status":"closed","template":"","meta":{"_acf_changed":false,"footnotes":""},"class_list":["post-11736","page","type-page","status-publish","hentry"],"acf":[],"_links":{"self":[{"href":"https:\/\/drthair.com\/fr\/wp-json\/wp\/v2\/pages\/11736","targetHints":{"allow":["GET"]}}],"collection":[{"href":"https:\/\/drthair.com\/fr\/wp-json\/wp\/v2\/pages"}],"about":[{"href":"https:\/\/drthair.com\/fr\/wp-json\/wp\/v2\/types\/page"}],"author":[{"embeddable":true,"href":"https:\/\/drthair.com\/fr\/wp-json\/wp\/v2\/users\/1"}],"replies":[{"embeddable":true,"href":"https:\/\/drthair.com\/fr\/wp-json\/wp\/v2\/comments?post=11736"}],"version-history":[{"count":0,"href":"https:\/\/drthair.com\/fr\/wp-json\/wp\/v2\/pages\/11736\/revisions"}],"wp:attachment":[{"href":"https:\/\/drthair.com\/fr\/wp-json\/wp\/v2\/media?parent=11736"}],"curies":[{"name":"wp","href":"https:\/\/api.w.org\/{rel}","templated":true}]}}