{"id":12959,"date":"2018-11-17T04:41:46","date_gmt":"2018-11-17T04:41:46","guid":{"rendered":"https:\/\/drthair.com\/about-us\/"},"modified":"2026-01-02T00:08:51","modified_gmt":"2026-01-01T21:08:51","slug":"a-propos-de-nous","status":"publish","type":"page","link":"https:\/\/drthair.com\/fr\/a-propos-de-nous\/","title":{"rendered":"\u00c0 propos de nous"},"content":{"rendered":"<div class=\"wpb-content-wrapper\"><p>[vc_row full_width=&#8221;stretch_row&#8221; content_placement=&#8221;middle&#8221; css=&#8221;.vc_custom_1706557272204{padding-top: 120px !important;padding-bottom: 60px !important;background-position: center !important;background-repeat: no-repeat !important;background-size: cover !important;}&#8221; el_class=&#8221;home1-about-sec&#8221;][vc_column width=&#8221;1\/2&#8243; css=&#8221;.vc_custom_1593255934050{margin-top: 0px !important;padding-right: 25px !important;}&#8221;][vc_single_image image=&#8221;12966&#8243; img_size=&#8221;full&#8221;][\/vc_column][vc_column width=&#8221;1\/2&#8243; css=&#8221;.vc_custom_1562234115025{padding-left: 40px !important;}&#8221;]\r\n        <div class=\"rs-heading style7  vc_custom_1594850461425  \">\r\n        \t<div class=\"title-inner\">\r\n        \t\t\r\n\t            \r\n\t            <h2 class=\"title title-upper\" style=\"color: #021b79\">Drt Hair<\/h2>\r\n\t        <\/div><\/div>[vc_column_text css=&#8221;&#8221;]DrT Hair est un \u00e9tablissement de renomm\u00e9e internationale sp\u00e9cialis\u00e9 dans les traitements de restauration capillaire. La clinique de greffe de cheveux DrT Hair a \u00e9t\u00e9 fond\u00e9e en 1998 \u00e0 Ankara, en Turquie, par le Dr Tayfun Oguzoglu. En 2017, DrT Hair a ouvert une deuxi\u00e8me clinique \u00e0 Kyrenia, \u00e0 Chypre. Puis, en 2019, DrT Hair a \u00e9tendu ses services \u00e0 Munich, en Allemagne. En 2023, un bureau a \u00e9t\u00e9 ouvert \u00e0 Vienne.<\/p>\n<p>Notre objectif est d&#8217;offrir des soins m\u00e9dicaux de haute qualit\u00e9 \u00e0 tous nos patients. Toutes les cliniques de greffe de cheveux DrT Hair sont agr\u00e9\u00e9es par les autorit\u00e9s sanitaires comp\u00e9tentes. De plus, la clinique DrT Hair d&#8217;Ankara est certifi\u00e9e JCI. La clinique DrT Hair de Chypre est en voie d&#8217;obtenir les m\u00eames qualifications.<\/p>\n<p>Les cliniques de greffe de cheveux DrT Hair fonctionnent selon un concept personnalis\u00e9. Nous limitons le nombre d&#8217;interventions chaque ann\u00e9e afin de garantir \u00e0 nos patients un service optimal. Par ailleurs, DrT Hair collabore exclusivement avec des m\u00e9decins titulaires de certifications nationales et internationales. Nos m\u00e9decins se tiennent constamment au courant des derni\u00e8res technologies et les appliquent de mani\u00e8re optimale afin d&#8217;offrir des r\u00e9sultats parfaits et personnalis\u00e9s \u00e0 chaque patient.<\/p>\n<p>Par ailleurs, DrT Hair poss\u00e8de l&#8217;agr\u00e9ment d&#8217;\u00e9tablissement interm\u00e9diaire, ainsi que d&#8217;autres licences nationales et internationales, et est titulaire d&#8217;une licence d&#8217;agence de tourisme m\u00e9dical du groupe Tursab A. Gr\u00e2ce \u00e0 ces agr\u00e9ments, nous pouvons proposer \u00e0 nos patients du monde entier des forfaits tout compris incluant des services tels que l&#8217;h\u00e9bergement, les transferts a\u00e9roport et les services de traduction. Ainsi, DrT Hair est un \u00e9tablissement enti\u00e8rement certifi\u00e9 qui offre \u00e0 ses patients des soins de la plus haute qualit\u00e9 \u00e0 chaque \u00e9tape de leur parcours.[\/vc_column_text][\/vc_column][\/vc_row][vc_row css=&#8221;.vc_custom_1592722391145{padding-top: 0px !important;padding-bottom: 90px !important;}&#8221;][vc_column]\r\n        <div class=\"rs-heading style7  vc_custom_1767301667608  text-center\">\r\n        \t<div class=\"title-inner\">\r\n        \t\t\r\n\t            \r\n\t            <h2 class=\"title title-upper\" style=\"color: #021b79\"><span class=\"watermark\">Our Team<\/span>Notre \u00e9quipe m\u00e9dicale<\/h2>\r\n\t        <\/div><\/div>[vc_empty_space]<div class=\"rs-team-grid rs-team team-style5\">\n\t\t<div class=\"row\"><div class=\"col-lg-4 col-md-6 col-sm-6 team-style5\">\n\t\t\t\t\t\t<div class=\"team-item\">\n\t\t\t\t\t\t\t<div class=\"team-item-inner\">\n\t\t\t\t\t\t\t\t<a href=\"https:\/\/drthair.com\/fr\/doctor\/dr-tayfun-oguzoglu\/\">\n\t\t\t\t\t\t\t\t\t<img decoding=\"async\" src=\"https:\/\/drthair.com\/wp-content\/uploads\/2018\/12\/drtaygunoguzoglu.jpg\" alt=\"Dr. Tayfun Oguzoglu\" \/>\n\t\t\t\t\t\t\t\t<\/a>\n\t\t\t\t\t\t\t\t<div class=\"normal-text\">\n\t\t\t\t\t\t\t\t\t<span class=\"person-name\"><a href=\"https:\/\/drthair.com\/fr\/doctor\/dr-tayfun-oguzoglu\/\">Dr. Tayfun Oguzoglu<\/a><\/span>\n\t\t\t\t\t\t\t\t\t<span class=\"team-title\"><\/span>\n\t\t\t\t\t\t\t\t\t<p class=\"team-text\">Dr. Tayfun Oguzoglu was graduated from Gazi University Faculty of Medicine, Ankara, Turkey in 1990. He established Drt Hair in 1998 in Turkey.<\/p>\n\t\t\t\t\t\t\t\t\t<div class=\"social-icons\">\n\t\t\t\t\t\t\t\t\t\t\n\t\t\t\t\t\t\t\t\t\t\n\t\t\t\t\t\t\t\t\t\t\n\t\t\t\t\t\t\t\t\t\t\n\t\t\t\t\t\t\t        <\/div>\n\t\t\t\t\t\t\t\t<\/div>\n\t\t\t\t\t\t\t<\/div>\n\t\t\t\t\t  \t<\/div>\n\t\t  \t\t<\/div><\/div>\n\t   <div>\n\t <\/div>\n\t<\/div>[\/vc_column][\/vc_row][vc_row css=&#8221;.vc_custom_1592722391145{padding-top: 0px !important;padding-bottom: 90px !important;}&#8221;][vc_column]\r\n        <div class=\"rs-heading style7  vc_custom_1767301679762  text-center\">\r\n        \t<div class=\"title-inner\">\r\n        \t\t\r\n\t            \r\n\t            <h2 class=\"title title-upper\" style=\"color: #021b79\"><span class=\"watermark\">DrT Hair Ankara Turquie<\/span>DrT Hair Ankara Turquie<\/h2>\r\n\t        <\/div><\/div>[vc_empty_space][vc_row_inner][vc_column_inner width=&#8221;3\/4&#8243;][vc_images_carousel images=&#8221;12981,12980,12979,12978,12977,12976,12975,12974,12973,12972,12971,12970,12969,12968,12967&#8243; img_size=&#8221;full&#8221; speed=&#8221;2000&#8243; slides_per_view=&#8221;3&#8243; autoplay=&#8221;yes&#8221; hide_pagination_control=&#8221;yes&#8221; wrap=&#8221;yes&#8221;][\/vc_column_inner][vc_column_inner width=&#8221;1\/4&#8243;][vc_single_image image=&#8221;12989&#8243; img_size=&#8221;full&#8221; alignment=&#8221;center&#8221; onclick=&#8221;custom_link&#8221; img_link_target=&#8221;_blank&#8221; link=&#8221;https:\/\/youtube.com\/shorts\/-C_IMkE_Yqo?si=XYpfb27ARV8lo5x5&#8243;][\/vc_column_inner][\/vc_row_inner][\/vc_column][\/vc_row][vc_row css=&#8221;.vc_custom_1592722391145{padding-top: 0px !important;padding-bottom: 90px !important;}&#8221;][vc_column]\r\n        <div class=\"rs-heading style7  vc_custom_1767301690098  text-center\">\r\n        \t<div class=\"title-inner\">\r\n        \t\t\r\n\t            \r\n\t            <h2 class=\"title title-upper\" style=\"color: #021b79\"><span class=\"watermark\">DrT Hair Kyrenia Chypre<\/span>DrT Hair Kyrenia Chypre<\/h2>\r\n\t        <\/div><\/div>[vc_empty_space][vc_row_inner][vc_column_inner width=&#8221;3\/4&#8243;][vc_images_carousel images=&#8221;12994,12992,12991,12993&#8243; img_size=&#8221;full&#8221; speed=&#8221;2000&#8243; slides_per_view=&#8221;3&#8243; autoplay=&#8221;yes&#8221; hide_pagination_control=&#8221;yes&#8221; wrap=&#8221;yes&#8221;][\/vc_column_inner][vc_column_inner width=&#8221;1\/4&#8243;][vc_single_image image=&#8221;12995&#8243; img_size=&#8221;full&#8221; alignment=&#8221;center&#8221; onclick=&#8221;custom_link&#8221; img_link_target=&#8221;_blank&#8221; link=&#8221;https:\/\/www.youtube.com\/shorts\/-u1cNW-fyIQ&#8221;][\/vc_column_inner][\/vc_row_inner][\/vc_column][\/vc_row][vc_row css=&#8221;.vc_custom_1612172231509{padding-top: 0px !important;padding-bottom: 50px !important;background-image: url(https:\/\/drthair.com\/wp-content\/uploads\/2021\/02\/bglocation.jpg?id=9859) !important;background-position: center !important;background-repeat: no-repeat !important;background-size: contain !important;}&#8221;][vc_column]\r\n        <div class=\"rs-heading style7  vc_custom_1767301702089  text-center\">\r\n        \t<div class=\"title-inner\">\r\n        \t\t\r\n\t            \r\n\t            <h2 class=\"title title-upper\" style=\"color: #021b79\"><span class=\"watermark\">Nos emplacements<\/span>Nos emplacements<\/h2>\r\n\t        <\/div><\/div>[vc_empty_space][vc_row_inner][vc_column_inner width=&#8221;1\/3&#8243;]\r\n        <div class=\"rs-heading style7  vc_custom_1746826320287  text-center\">\r\n        \t<div class=\"title-inner\">\r\n        \t\t\r\n\t            \r\n\t            <h5 class=\"title title-upper\" style=\"color: #021b79\">DrT Hair Transplant Clinic<br \/>\nTurkey, Cyprus<\/h5>\r\n\t        <\/div><\/div>\r\n       <div class=\"rs-contact\">\r\n        <div class=\"contact-address    \"><div class=\"address-item\">\r\n                <div class=\"address-icon\">\r\n                    <i class=\"icon icon-basic-smartphone\"><\/i>\r\n                <\/div>\r\n                <div class=\"address-text\">\r\n                    <h3 class=\"contact-title\">Call Us<\/h3>\r\n                    <a href= \"tel:++905424706070\">+905424706070<\/a>\r\n                <\/div>\r\n            <\/div><div class=\"address-item\">\r\n                    <div class=\"address-icon\">\r\n                        <i class=\"icon icon-basic-mail-multiple\"><\/i>\r\n                    <\/div>\r\n                    <div class=\"address-text\">\r\n                        <h3 class=\"contact-title\">Mail Us<\/h3>\r\n                        <a href= \"mailto:info@drthair.com\">info@drthair.com<\/a>                   \r\n                    <\/div>\r\n                <\/div><div class=\"address-item\">\r\n                    <div class=\"address-icon\">\r\n                        <i class=\"icon icon-basic-geolocalize-01\"><\/i>\r\n                    <\/div>\r\n                    <div class=\"address-text\">\r\n                        <h3 class=\"contact-title\">Address<\/h3>\r\n                        Kaz\u0131m \u00d6zalp Mahallesi U\u011fur Mumcu Caddesi No : 8E : 1, 06680 \u00c7ankaya\/Ankara, T\u00fcrkiye\r\n                    <\/div>\r\n                <\/div><\/div><\/div>[\/vc_column_inner][vc_column_inner width=&#8221;1\/3&#8243;]\r\n        <div class=\"rs-heading style7  vc_custom_1706557223718  text-center\">\r\n        \t<div class=\"title-inner\">\r\n        \t\t\r\n\t            \r\n\t            <h5 class=\"title title-upper\" style=\"color: #021b79\">DrT Hair<br \/>\nGermany Office<\/h5>\r\n\t        <\/div><\/div>\r\n       <div class=\"rs-contact\">\r\n        <div class=\"contact-address    \"><div class=\"address-item\">\r\n                <div class=\"address-icon\">\r\n                    <i class=\"icon icon-basic-smartphone\"><\/i>\r\n                <\/div>\r\n                <div class=\"address-text\">\r\n                    <h3 class=\"contact-title\">Call Us<\/h3>\r\n                    <a href= \"tel:++4915224178832\">+4915224178832<\/a>\r\n                <\/div>\r\n            <\/div><div class=\"address-item\">\r\n                    <div class=\"address-icon\">\r\n                        <i class=\"icon icon-basic-mail-multiple\"><\/i>\r\n                    <\/div>\r\n                    <div class=\"address-text\">\r\n                        <h3 class=\"contact-title\">Mail Us<\/h3>\r\n                        <a href= \"mailto:efe@drthair.com\">efe@drthair.com<\/a>                   \r\n                    <\/div>\r\n                <\/div><div class=\"address-item\">\r\n                    <div class=\"address-icon\">\r\n                        <i class=\"icon icon-basic-geolocalize-01\"><\/i>\r\n                    <\/div>\r\n                    <div class=\"address-text\">\r\n                        <h3 class=\"contact-title\">Address<\/h3>\r\n                        Munich,\u00a0 Germany\r\n                    <\/div>\r\n                <\/div><\/div><\/div>[\/vc_column_inner][vc_column_inner width=&#8221;1\/3&#8243;]\r\n        <div class=\"rs-heading style7  vc_custom_1706557233220  text-center\">\r\n        \t<div class=\"title-inner\">\r\n        \t\t\r\n\t            \r\n\t            <h5 class=\"title title-upper\" style=\"color: #021b79\">DrT Hair<br \/>\nAustria Office<\/h5>\r\n\t        <\/div><\/div>\r\n       <div class=\"rs-contact\">\r\n        <div class=\"contact-address    \"><div class=\"address-item\">\r\n                <div class=\"address-icon\">\r\n                    <i class=\"icon icon-basic-smartphone\"><\/i>\r\n                <\/div>\r\n                <div class=\"address-text\">\r\n                    <h3 class=\"contact-title\">Call Us<\/h3>\r\n                    <a href= \"tel:++905497109503\">+905497109503<\/a>\r\n                <\/div>\r\n            <\/div><div class=\"address-item\">\r\n                    <div class=\"address-icon\">\r\n                        <i class=\"icon icon-basic-mail-multiple\"><\/i>\r\n                    <\/div>\r\n                    <div class=\"address-text\">\r\n                        <h3 class=\"contact-title\">Mail Us<\/h3>\r\n                        <a href= \"mailto:ebru@drthair.com\">ebru@drthair.com<\/a>                   \r\n                    <\/div>\r\n                <\/div><div class=\"address-item\">\r\n                    <div class=\"address-icon\">\r\n                        <i class=\"icon icon-basic-geolocalize-01\"><\/i>\r\n                    <\/div>\r\n                    <div class=\"address-text\">\r\n                        <h3 class=\"contact-title\">Address<\/h3>\r\n                        Vienna, Austria\r\n                    <\/div>\r\n                <\/div><\/div><\/div>[\/vc_column_inner][\/vc_row_inner][\/vc_column][\/vc_row]<\/p>\n<\/div>","protected":false},"excerpt":{"rendered":"<p>[vc_row full_width=&#8221;stretch_row&#8221; content_placement=&#8221;middle&#8221; css=&#8221;.vc_custom_1706557272204{padding-top: 120px !important;padding-bottom: 60px !important;background-position: center !important;background-repeat: no-repeat !important;background-size: cover !important;}&#8221; el_class=&#8221;home1-about-sec&#8221;][vc_column width=&#8221;1\/2&#8243; css=&#8221;.vc_custom_1593255934050{margin-top: 0px !important;padding-right: 25px !important;}&#8221;][vc_single_image image=&#8221;12966&#8243; img_size=&#8221;full&#8221;][\/vc_column][vc_column width=&#8221;1\/2&#8243; css=&#8221;.vc_custom_1562234115025{padding-left: 40px !important;}&#8221;][vc_column_text css=&#8221;&#8221;]DrT Hair est un \u00e9tablissement de renomm\u00e9e internationale sp\u00e9cialis\u00e9 dans les traitements de restauration capillaire. La clinique de greffe de cheveux DrT Hair a \u00e9t\u00e9 fond\u00e9e en 1998&#8230;<\/p>\n","protected":false},"author":1,"featured_media":0,"parent":0,"menu_order":0,"comment_status":"closed","ping_status":"closed","template":"","meta":{"footnotes":""},"class_list":["post-12959","page","type-page","status-publish","hentry"],"yoast_head":"<!-- This site is optimized with the Yoast SEO plugin v27.3 - https:\/\/yoast.com\/product\/yoast-seo-wordpress\/ -->\n<title>\u00c0 propos de nous - DrT Hair Best Hair Transplant<\/title>\n<meta name=\"robots\" content=\"index, follow, max-snippet:-1, max-image-preview:large, max-video-preview:-1\" \/>\n<link rel=\"canonical\" href=\"https:\/\/drthair.com\/fr\/a-propos-de-nous\/\" \/>\n<meta property=\"og:locale\" content=\"fr_FR\" \/>\n<meta property=\"og:type\" content=\"article\" \/>\n<meta property=\"og:title\" content=\"\u00c0 propos de nous - DrT Hair Best Hair Transplant\" \/>\n<meta property=\"og:description\" content=\"[vc_row full_width=&#8221;stretch_row&#8221; content_placement=&#8221;middle&#8221; css=&#8221;.vc_custom_1706557272204{padding-top: 120px !important;padding-bottom: 60px !important;background-position: center !important;background-repeat: no-repeat !important;background-size: cover !important;}&#8221; el_class=&#8221;home1-about-sec&#8221;][vc_column width=&#8221;1\/2&#8243; css=&#8221;.vc_custom_1593255934050{margin-top: 0px !important;padding-right: 25px !important;}&#8221;][vc_single_image image=&#8221;12966&#8243; img_size=&#8221;full&#8221;][\/vc_column][vc_column width=&#8221;1\/2&#8243; css=&#8221;.vc_custom_1562234115025{padding-left: 40px !important;}&#8221;][vc_column_text css=&#8221;&#8221;]DrT Hair est un \u00e9tablissement de renomm\u00e9e internationale sp\u00e9cialis\u00e9 dans les traitements de restauration capillaire. La clinique de greffe de cheveux DrT Hair a \u00e9t\u00e9 fond\u00e9e en 1998...\" \/>\n<meta property=\"og:url\" content=\"https:\/\/drthair.com\/fr\/a-propos-de-nous\/\" \/>\n<meta property=\"og:site_name\" content=\"DrT Hair Best Hair Transplant\" \/>\n<meta property=\"article:publisher\" content=\"https:\/\/www.facebook.com\/hairtransplant.drt\" \/>\n<meta property=\"article:modified_time\" content=\"2026-01-01T21:08:51+00:00\" \/>\n<meta name=\"twitter:label1\" content=\"Dur\u00e9e de lecture estim\u00e9e\" \/>\n\t<meta name=\"twitter:data1\" content=\"5 minutes\" \/>\n<script type=\"application\/ld+json\" class=\"yoast-schema-graph\">{\"@context\":\"https:\\\/\\\/schema.org\",\"@graph\":[{\"@type\":\"WebPage\",\"@id\":\"https:\\\/\\\/drthair.com\\\/fr\\\/a-propos-de-nous\\\/\",\"url\":\"https:\\\/\\\/drthair.com\\\/fr\\\/a-propos-de-nous\\\/\",\"name\":\"\u00c0 propos de nous - DrT Hair Best Hair Transplant\",\"isPartOf\":{\"@id\":\"https:\\\/\\\/drthair.com\\\/#website\"},\"datePublished\":\"2018-11-17T04:41:46+00:00\",\"dateModified\":\"2026-01-01T21:08:51+00:00\",\"breadcrumb\":{\"@id\":\"https:\\\/\\\/drthair.com\\\/fr\\\/a-propos-de-nous\\\/#breadcrumb\"},\"inLanguage\":\"fr-FR\",\"potentialAction\":[{\"@type\":\"ReadAction\",\"target\":[\"https:\\\/\\\/drthair.com\\\/fr\\\/a-propos-de-nous\\\/\"]}]},{\"@type\":\"BreadcrumbList\",\"@id\":\"https:\\\/\\\/drthair.com\\\/fr\\\/a-propos-de-nous\\\/#breadcrumb\",\"itemListElement\":[{\"@type\":\"ListItem\",\"position\":1,\"name\":\"Home\",\"item\":\"https:\\\/\\\/drthair.com\\\/fr\\\/\"},{\"@type\":\"ListItem\",\"position\":2,\"name\":\"\u00c0 propos de nous\"}]},{\"@type\":\"WebSite\",\"@id\":\"https:\\\/\\\/drthair.com\\\/#website\",\"url\":\"https:\\\/\\\/drthair.com\\\/\",\"name\":\"DrT Hair Best Hair Transplant\",\"description\":\"Best Hair Transplantation  in Turkey\",\"publisher\":{\"@id\":\"https:\\\/\\\/drthair.com\\\/#organization\"},\"potentialAction\":[{\"@type\":\"SearchAction\",\"target\":{\"@type\":\"EntryPoint\",\"urlTemplate\":\"https:\\\/\\\/drthair.com\\\/?s={search_term_string}\"},\"query-input\":{\"@type\":\"PropertyValueSpecification\",\"valueRequired\":true,\"valueName\":\"search_term_string\"}}],\"inLanguage\":\"fr-FR\"},{\"@type\":\"Organization\",\"@id\":\"https:\\\/\\\/drthair.com\\\/#organization\",\"name\":\"DrT Hair\",\"url\":\"https:\\\/\\\/drthair.com\\\/\",\"logo\":{\"@type\":\"ImageObject\",\"inLanguage\":\"fr-FR\",\"@id\":\"https:\\\/\\\/drthair.com\\\/#\\\/schema\\\/logo\\\/image\\\/\",\"url\":\"https:\\\/\\\/drthair.com\\\/wp-content\\\/uploads\\\/2020\\\/06\\\/logo-org.png\",\"contentUrl\":\"https:\\\/\\\/drthair.com\\\/wp-content\\\/uploads\\\/2020\\\/06\\\/logo-org.png\",\"width\":620,\"height\":95,\"caption\":\"DrT Hair\"},\"image\":{\"@id\":\"https:\\\/\\\/drthair.com\\\/#\\\/schema\\\/logo\\\/image\\\/\"},\"sameAs\":[\"https:\\\/\\\/www.facebook.com\\\/hairtransplant.drt\",\"https:\\\/\\\/www.instagram.com\\\/drthairtransplant\\\/\",\"https:\\\/\\\/www.youtube.com\\\/channel\\\/UCsQGjJoo4xatb74vRph7rcw\"]}]}<\/script>\n<!-- \/ Yoast SEO plugin. -->","yoast_head_json":{"title":"\u00c0 propos de nous - DrT Hair Best Hair Transplant","robots":{"index":"index","follow":"follow","max-snippet":"max-snippet:-1","max-image-preview":"max-image-preview:large","max-video-preview":"max-video-preview:-1"},"canonical":"https:\/\/drthair.com\/fr\/a-propos-de-nous\/","og_locale":"fr_FR","og_type":"article","og_title":"\u00c0 propos de nous - DrT Hair Best Hair Transplant","og_description":"[vc_row full_width=&#8221;stretch_row&#8221; content_placement=&#8221;middle&#8221; css=&#8221;.vc_custom_1706557272204{padding-top: 120px !important;padding-bottom: 60px !important;background-position: center !important;background-repeat: no-repeat !important;background-size: cover !important;}&#8221; el_class=&#8221;home1-about-sec&#8221;][vc_column width=&#8221;1\/2&#8243; css=&#8221;.vc_custom_1593255934050{margin-top: 0px !important;padding-right: 25px !important;}&#8221;][vc_single_image image=&#8221;12966&#8243; img_size=&#8221;full&#8221;][\/vc_column][vc_column width=&#8221;1\/2&#8243; css=&#8221;.vc_custom_1562234115025{padding-left: 40px !important;}&#8221;][vc_column_text css=&#8221;&#8221;]DrT Hair est un \u00e9tablissement de renomm\u00e9e internationale sp\u00e9cialis\u00e9 dans les traitements de restauration capillaire. La clinique de greffe de cheveux DrT Hair a \u00e9t\u00e9 fond\u00e9e en 1998...","og_url":"https:\/\/drthair.com\/fr\/a-propos-de-nous\/","og_site_name":"DrT Hair Best Hair Transplant","article_publisher":"https:\/\/www.facebook.com\/hairtransplant.drt","article_modified_time":"2026-01-01T21:08:51+00:00","twitter_misc":{"Dur\u00e9e de lecture estim\u00e9e":"5 minutes"},"schema":{"@context":"https:\/\/schema.org","@graph":[{"@type":"WebPage","@id":"https:\/\/drthair.com\/fr\/a-propos-de-nous\/","url":"https:\/\/drthair.com\/fr\/a-propos-de-nous\/","name":"\u00c0 propos de nous - DrT Hair Best Hair Transplant","isPartOf":{"@id":"https:\/\/drthair.com\/#website"},"datePublished":"2018-11-17T04:41:46+00:00","dateModified":"2026-01-01T21:08:51+00:00","breadcrumb":{"@id":"https:\/\/drthair.com\/fr\/a-propos-de-nous\/#breadcrumb"},"inLanguage":"fr-FR","potentialAction":[{"@type":"ReadAction","target":["https:\/\/drthair.com\/fr\/a-propos-de-nous\/"]}]},{"@type":"BreadcrumbList","@id":"https:\/\/drthair.com\/fr\/a-propos-de-nous\/#breadcrumb","itemListElement":[{"@type":"ListItem","position":1,"name":"Home","item":"https:\/\/drthair.com\/fr\/"},{"@type":"ListItem","position":2,"name":"\u00c0 propos de nous"}]},{"@type":"WebSite","@id":"https:\/\/drthair.com\/#website","url":"https:\/\/drthair.com\/","name":"DrT Hair Best Hair Transplant","description":"Best Hair Transplantation  in Turkey","publisher":{"@id":"https:\/\/drthair.com\/#organization"},"potentialAction":[{"@type":"SearchAction","target":{"@type":"EntryPoint","urlTemplate":"https:\/\/drthair.com\/?s={search_term_string}"},"query-input":{"@type":"PropertyValueSpecification","valueRequired":true,"valueName":"search_term_string"}}],"inLanguage":"fr-FR"},{"@type":"Organization","@id":"https:\/\/drthair.com\/#organization","name":"DrT Hair","url":"https:\/\/drthair.com\/","logo":{"@type":"ImageObject","inLanguage":"fr-FR","@id":"https:\/\/drthair.com\/#\/schema\/logo\/image\/","url":"https:\/\/drthair.com\/wp-content\/uploads\/2020\/06\/logo-org.png","contentUrl":"https:\/\/drthair.com\/wp-content\/uploads\/2020\/06\/logo-org.png","width":620,"height":95,"caption":"DrT Hair"},"image":{"@id":"https:\/\/drthair.com\/#\/schema\/logo\/image\/"},"sameAs":["https:\/\/www.facebook.com\/hairtransplant.drt","https:\/\/www.instagram.com\/drthairtransplant\/","https:\/\/www.youtube.com\/channel\/UCsQGjJoo4xatb74vRph7rcw"]}]}},"_links":{"self":[{"href":"https:\/\/drthair.com\/fr\/wp-json\/wp\/v2\/pages\/12959","targetHints":{"allow":["GET"]}}],"collection":[{"href":"https:\/\/drthair.com\/fr\/wp-json\/wp\/v2\/pages"}],"about":[{"href":"https:\/\/drthair.com\/fr\/wp-json\/wp\/v2\/types\/page"}],"author":[{"embeddable":true,"href":"https:\/\/drthair.com\/fr\/wp-json\/wp\/v2\/users\/1"}],"replies":[{"embeddable":true,"href":"https:\/\/drthair.com\/fr\/wp-json\/wp\/v2\/comments?post=12959"}],"version-history":[{"count":10,"href":"https:\/\/drthair.com\/fr\/wp-json\/wp\/v2\/pages\/12959\/revisions"}],"predecessor-version":[{"id":13346,"href":"https:\/\/drthair.com\/fr\/wp-json\/wp\/v2\/pages\/12959\/revisions\/13346"}],"wp:attachment":[{"href":"https:\/\/drthair.com\/fr\/wp-json\/wp\/v2\/media?parent=12959"}],"curies":[{"name":"wp","href":"https:\/\/api.w.org\/{rel}","templated":true}]}}