{"id":13066,"date":"2019-01-24T12:17:23","date_gmt":"2019-01-24T12:17:23","guid":{"rendered":"https:\/\/drthair.com\/guide\/"},"modified":"2025-01-27T18:55:54","modified_gmt":"2025-01-27T15:55:54","slug":"guide","status":"publish","type":"page","link":"https:\/\/drthair.com\/fr\/guide\/","title":{"rendered":"Guide"},"content":{"rendered":"<div class=\"wpb-content-wrapper\"><p>[vc_row full_width=&#8221;stretch_row&#8221; css=&#8221;.vc_custom_1548661485278{padding-top: 100px !important;padding-bottom: 60px !important;}&#8221;][vc_column width=&#8221;1\/2&#8243; css=&#8221;.vc_custom_1548416456616{padding-right: 35px !important;}&#8221;]\r\n        <div class=\"rs-heading style6   \">\r\n        \t<div class=\"title-inner\">\r\n        \t\t\r\n\t            \r\n\t            <h2 class=\"title \" style=\"color: #303745\">Guide du Patient<\/h2>\r\n\t        <\/div><div class=\"description\"><p ><\/p>\n<p class=\"p1\">Apr\u00e8s votre consultation en ligne avec l\u2019une des cliniques de greffe de cheveux DrT, vous \u00eates pr\u00eat pour votre voyage. Ce guide fournit les informations n\u00e9cessaires sur les services qui vous seront offerts apr\u00e8s votre arriv\u00e9e dans la magnifique ville d\u2019Istanbul ou \u00e0 Chypre pour votre greffe de cheveux.<\/p>\n<p><\/p><\/div><\/div>\r\n        <div class=\"rs-heading style6   \">\r\n        \t<div class=\"title-inner\">\r\n        \t\t\r\n\t            \r\n\t            <h2 class=\"title \" style=\"color: #303745\">Arriv\u00e9e \u00e0 Istanbul<\/h2>\r\n\t        <\/div><div class=\"description\"><p ><\/p>\n<p class=\"p1\">Lorsque vous r\u00e9servez vos billets d\u2019avion en fonction des dates de votre intervention et les partagez avec nos coordinateurs de patients, nous organisons imm\u00e9diatement les r\u00e9servations d\u2019h\u00f4tel et les transferts depuis et vers l\u2019a\u00e9roport pour vos vols d\u2019arriv\u00e9e et de d\u00e9part. \u00c0 votre arriv\u00e9e, nos chauffeurs viennent vous chercher \u00e0 l\u2019a\u00e9roport avec des v\u00e9hicules priv\u00e9s et vous conduisent \u00e0 votre h\u00f4tel pour le reste de votre s\u00e9jour. Ainsi, vous n\u2019avez qu\u2019\u00e0 r\u00e9server vos vols et arriver \u00e0 Istanbul ou \u00e0 Chypre. Nous nous occupons du reste pour vous. Apr\u00e8s votre enregistrement \u00e0 l\u2019h\u00f4tel, vous \u00eates libre de profiter des nombreuses attractions touristiques jusqu\u2019\u00e0 la date de votre intervention ou apr\u00e8s celle-ci.<\/p>\n<p><\/p><\/div><\/div>[\/vc_column][vc_column width=&#8221;1\/2&#8243; css=&#8221;.vc_custom_1596189450785{margin-top: -60px !important;}&#8221; el_class=&#8221;guideimage&#8221;][vc_single_image image=&#8221;13067&#8243; img_size=&#8221;full&#8221;][\/vc_column][\/vc_row][vc_row][vc_column width=&#8221;1\/2&#8243;][vc_single_image image=&#8221;13069&#8243; img_size=&#8221;full&#8221;][\/vc_column][vc_column width=&#8221;1\/2&#8243;]\r\n        <div class=\"rs-heading style6   text-right\">\r\n        \t<div class=\"title-inner\">\r\n        \t\t\r\n\t            \r\n\t            <h2 class=\"title \" style=\"color: #303745\">Jour de l\u2019Op\u00e9ration<\/h2>\r\n\t        <\/div><div class=\"description\"><p ><\/p>\n<p class=\"p1\">Le jour de votre op\u00e9ration, notre chauffeur viendra vous chercher dans le hall de votre h\u00f4tel selon l\u2019heure pr\u00e9vue pour votre intervention. Votre coordinateur de patients sera en contact avec vous et vous informera de l\u2019heure de prise en charge la veille. Lorsque vous arriverez \u00e0 la clinique de votre choix, votre coordinateur vous accueillera et vous assistera pour le reste de votre s\u00e9jour dans les cliniques de greffe de cheveux DrT.<\/p>\n<p class=\"p1\">Apr\u00e8s avoir pris en charge certaines formalit\u00e9s telles que les formulaires, vous aurez une consultation personnelle avec votre m\u00e9decin. Vous discuterez de votre cas et de vos souhaits directement avec lui. Vous recevrez \u00e9galement des informations m\u00e9dicales et des d\u00e9tails concernant le design de vos nouveaux cheveux en personne.<\/p>\n<p class=\"p1\">Apr\u00e8s votre consultation personnelle, votre m\u00e9decin et son \u00e9quipe m\u00e9dicale vous pr\u00e9pareront pour l\u2019op\u00e9ration. L\u2019intervention durera environ 5 heures, selon le nombre de greffons n\u00e9cessaires.<\/p>\n<p class=\"p1\">Pendant l\u2019op\u00e9ration, une pause d\u00e9jeuner est pr\u00e9vue et un repas l\u00e9ger vous sera offert. \u00c0 la fin de l\u2019op\u00e9ration, votre m\u00e9decin et votre coordinateur vous fourniront les m\u00e9dicaments n\u00e9cessaires et des informations concernant votre premi\u00e8re nuit apr\u00e8s l\u2019op\u00e9ration. Ensuite, notre chauffeur vous ram\u00e8nera \u00e0 votre h\u00f4tel pour une bonne nuit de repos.<\/p>\n<p><\/p><\/div><\/div>[\/vc_column][\/vc_row][vc_row css=&#8221;.vc_custom_1594021943961{margin-top: 50px !important;}&#8221;][vc_column]\r\n        <div class=\"rs-heading style6  postoperation text-center\">\r\n        \t<div class=\"title-inner\">\r\n        \t\t\r\n\t            \r\n\t            <h2 class=\"title \" style=\"color: #303745\"><span class=\"watermark\">Examen Post-Op\u00e9ratoire et Premier Lavage des Cheveux<\/span>Examen Post-Op\u00e9ratoire et Premier Lavage des Cheveux<\/h2>\r\n\t        <\/div><div class=\"description\"><p ><\/p>\n<p class=\"p1\">Le lendemain de votre op\u00e9ration, vous aurez un examen et votre premier lavage des cheveux dans la clinique de votre choix. Une fois de plus, notre chauffeur viendra vous chercher dans le hall de votre h\u00f4tel \u00e0 l\u2019heure qui vous sera communiqu\u00e9e par votre coordinateur de patients. Lorsque vous arriverez dans l\u2019une de nos cliniques, votre m\u00e9decin examinera l\u2019\u00e9tat de la zone op\u00e9r\u00e9e. Ensuite, notre \u00e9quipe m\u00e9dicale proc\u00e9dera au premier lavage de vos cheveux apr\u00e8s l\u2019op\u00e9ration. Dans les cliniques de greffe de cheveux DrT, votre premier lavage sera effectu\u00e9 par un professionnel afin que vous n\u2019ayez pas \u00e0 vous en soucier.<\/p>\n<p class=\"p1\">Apr\u00e8s le lavage des cheveux, notre \u00e9quipe m\u00e9dicale renouvellera vos pansements. Ensuite, votre coordinateur de patients vous informera sur les soins post-op\u00e9ratoires et les soins \u00e0 apporter par la suite. Des informations d\u00e9taill\u00e9es sur la fa\u00e7on de prendre soin de vos cheveux jour apr\u00e8s jour jusqu\u2019au 14\u1d49 jour vous seront fournies. De plus, votre coordinateur de patients vous remettra un livret d\u2019informations d\u00e9taill\u00e9es sur les soins post-op\u00e9ratoires ainsi que tous les produits n\u00e9cessaires apr\u00e8s l\u2019op\u00e9ration.<\/p>\n<p class=\"p1\">Par la suite, nous restons en contact avec tous nos patients pour suivre en d\u00e9tail le processus de croissance de leurs cheveux et \u00e9valuer leurs r\u00e9sultats.<\/p>\n<p><\/p><\/div><\/div>[\/vc_column][\/vc_row][vc_row][vc_column width=&#8221;1\/2&#8243; css=&#8221;.vc_custom_1594022014335{margin-top: 80px !important;}&#8221;]\r\n        <div class=\"rs-heading style6   \">\r\n        \t<div class=\"title-inner\">\r\n        \t\t\r\n\t            \r\n\t            <h2 class=\"title \" style=\"color: #303745\">D\u00e9part<\/h2>\r\n\t        <\/div><div class=\"description\"><p ><\/p>\n<p class=\"p1\">Dans la plupart des cas, nos patients rentrent chez eux apr\u00e8s le premier lavage et l\u2019examen. Si tel est votre cas, notre chauffeur viendra vous chercher et vous conduira \u00e0 l\u2019a\u00e9roport pour votre vol de retour.<\/p>\n<p class=\"p1\">Bien s\u00fbr, vous pouvez profiter de davantage d\u2019attractions touristiques apr\u00e8s votre op\u00e9ration. Si vous indiquez que vous souhaitez prolonger votre s\u00e9jour au moment de la r\u00e9servation, les arrangements n\u00e9cessaires peuvent \u00eatre faits. Si vous avez pr\u00e9vu de rester plus longtemps \u00e0 Istanbul, notre chauffeur vous ram\u00e8nera \u00e0 votre h\u00f4tel apr\u00e8s votre premier lavage des cheveux. Ensuite, nous organiserons votre transfert vers l\u2019a\u00e9roport en fonction de l\u2019heure et de la date de votre vol.<\/p>\n<p class=\"p1\">Veuillez noter que nous recommandons toujours de prolonger votre s\u00e9jour avant la p\u00e9riode de l\u2019op\u00e9ration plut\u00f4t qu\u2019apr\u00e8s. Ainsi, vous pourrez profiter pleinement de votre temps.<\/p>\n<p class=\"p1\">En tant qu\u2019\u00e9quipe DrT Hair Transplant, nous faisons de notre mieux pour rendre votre voyage enti\u00e8rement d\u00e9tendu et sans souci.<\/p>\n<p><\/p><\/div><\/div>[\/vc_column][vc_column width=&#8221;1\/2&#8243;][vc_single_image image=&#8221;13070&#8243; img_size=&#8221;full&#8221;][\/vc_column][\/vc_row]<\/p>\n<\/div>","protected":false},"excerpt":{"rendered":"<p>[vc_row full_width=&#8221;stretch_row&#8221; css=&#8221;.vc_custom_1548661485278{padding-top: 100px !important;padding-bottom: 60px !important;}&#8221;][vc_column width=&#8221;1\/2&#8243; css=&#8221;.vc_custom_1548416456616{padding-right: 35px !important;}&#8221;][\/vc_column][vc_column width=&#8221;1\/2&#8243; css=&#8221;.vc_custom_1596189450785{margin-top: -60px !important;}&#8221; el_class=&#8221;guideimage&#8221;][vc_single_image image=&#8221;13067&#8243; img_size=&#8221;full&#8221;][\/vc_column][\/vc_row][vc_row][vc_column width=&#8221;1\/2&#8243;][vc_single_image image=&#8221;13069&#8243; img_size=&#8221;full&#8221;][\/vc_column][vc_column width=&#8221;1\/2&#8243;][\/vc_column][\/vc_row][vc_row css=&#8221;.vc_custom_1594021943961{margin-top: 50px !important;}&#8221;][vc_column][\/vc_column][\/vc_row][vc_row][vc_column width=&#8221;1\/2&#8243; css=&#8221;.vc_custom_1594022014335{margin-top: 80px !important;}&#8221;][\/vc_column][vc_column width=&#8221;1\/2&#8243;][vc_single_image image=&#8221;13070&#8243; img_size=&#8221;full&#8221;][\/vc_column]&#8230;<\/p>\n","protected":false},"author":1,"featured_media":0,"parent":0,"menu_order":0,"comment_status":"closed","ping_status":"closed","template":"","meta":{"footnotes":""},"class_list":["post-13066","page","type-page","status-publish","hentry"],"yoast_head":"<!-- This site is optimized with the Yoast SEO plugin v27.3 - https:\/\/yoast.com\/product\/yoast-seo-wordpress\/ -->\n<title>Guide - DrT Hair Best Hair Transplant<\/title>\n<meta name=\"robots\" content=\"index, follow, max-snippet:-1, max-image-preview:large, max-video-preview:-1\" \/>\n<link rel=\"canonical\" href=\"https:\/\/drthair.com\/fr\/guide\/\" \/>\n<meta property=\"og:locale\" content=\"fr_FR\" \/>\n<meta property=\"og:type\" content=\"article\" \/>\n<meta property=\"og:title\" content=\"Guide - DrT Hair Best Hair Transplant\" \/>\n<meta property=\"og:description\" content=\"[vc_row full_width=&#8221;stretch_row&#8221; css=&#8221;.vc_custom_1548661485278{padding-top: 100px !important;padding-bottom: 60px !important;}&#8221;][vc_column width=&#8221;1\/2&#8243; css=&#8221;.vc_custom_1548416456616{padding-right: 35px !important;}&#8221;][\/vc_column][vc_column width=&#8221;1\/2&#8243; css=&#8221;.vc_custom_1596189450785{margin-top: -60px !important;}&#8221; el_class=&#8221;guideimage&#8221;][vc_single_image image=&#8221;13067&#8243; img_size=&#8221;full&#8221;][\/vc_column][\/vc_row][vc_row][vc_column width=&#8221;1\/2&#8243;][vc_single_image image=&#8221;13069&#8243; img_size=&#8221;full&#8221;][\/vc_column][vc_column width=&#8221;1\/2&#8243;][\/vc_column][\/vc_row][vc_row css=&#8221;.vc_custom_1594021943961{margin-top: 50px !important;}&#8221;][vc_column][\/vc_column][\/vc_row][vc_row][vc_column width=&#8221;1\/2&#8243; css=&#8221;.vc_custom_1594022014335{margin-top: 80px !important;}&#8221;][\/vc_column][vc_column width=&#8221;1\/2&#8243;][vc_single_image image=&#8221;13070&#8243; img_size=&#8221;full&#8221;][\/vc_column]...\" \/>\n<meta property=\"og:url\" content=\"https:\/\/drthair.com\/fr\/guide\/\" \/>\n<meta property=\"og:site_name\" content=\"DrT Hair Best Hair Transplant\" \/>\n<meta property=\"article:publisher\" content=\"https:\/\/www.facebook.com\/hairtransplant.drt\" \/>\n<meta property=\"article:modified_time\" content=\"2025-01-27T15:55:54+00:00\" \/>\n<meta name=\"twitter:label1\" content=\"Dur\u00e9e de lecture estim\u00e9e\" \/>\n\t<meta name=\"twitter:data1\" content=\"5 minutes\" \/>\n<script type=\"application\/ld+json\" class=\"yoast-schema-graph\">{\"@context\":\"https:\\\/\\\/schema.org\",\"@graph\":[{\"@type\":\"WebPage\",\"@id\":\"https:\\\/\\\/drthair.com\\\/fr\\\/guide\\\/\",\"url\":\"https:\\\/\\\/drthair.com\\\/fr\\\/guide\\\/\",\"name\":\"Guide - DrT Hair Best Hair Transplant\",\"isPartOf\":{\"@id\":\"https:\\\/\\\/drthair.com\\\/#website\"},\"datePublished\":\"2019-01-24T12:17:23+00:00\",\"dateModified\":\"2025-01-27T15:55:54+00:00\",\"breadcrumb\":{\"@id\":\"https:\\\/\\\/drthair.com\\\/fr\\\/guide\\\/#breadcrumb\"},\"inLanguage\":\"fr-FR\",\"potentialAction\":[{\"@type\":\"ReadAction\",\"target\":[\"https:\\\/\\\/drthair.com\\\/fr\\\/guide\\\/\"]}]},{\"@type\":\"BreadcrumbList\",\"@id\":\"https:\\\/\\\/drthair.com\\\/fr\\\/guide\\\/#breadcrumb\",\"itemListElement\":[{\"@type\":\"ListItem\",\"position\":1,\"name\":\"Home\",\"item\":\"https:\\\/\\\/drthair.com\\\/fr\\\/\"},{\"@type\":\"ListItem\",\"position\":2,\"name\":\"Guide\"}]},{\"@type\":\"WebSite\",\"@id\":\"https:\\\/\\\/drthair.com\\\/#website\",\"url\":\"https:\\\/\\\/drthair.com\\\/\",\"name\":\"DrT Hair Best Hair Transplant\",\"description\":\"Best Hair Transplantation  in Turkey\",\"publisher\":{\"@id\":\"https:\\\/\\\/drthair.com\\\/#organization\"},\"potentialAction\":[{\"@type\":\"SearchAction\",\"target\":{\"@type\":\"EntryPoint\",\"urlTemplate\":\"https:\\\/\\\/drthair.com\\\/?s={search_term_string}\"},\"query-input\":{\"@type\":\"PropertyValueSpecification\",\"valueRequired\":true,\"valueName\":\"search_term_string\"}}],\"inLanguage\":\"fr-FR\"},{\"@type\":\"Organization\",\"@id\":\"https:\\\/\\\/drthair.com\\\/#organization\",\"name\":\"DrT Hair\",\"url\":\"https:\\\/\\\/drthair.com\\\/\",\"logo\":{\"@type\":\"ImageObject\",\"inLanguage\":\"fr-FR\",\"@id\":\"https:\\\/\\\/drthair.com\\\/#\\\/schema\\\/logo\\\/image\\\/\",\"url\":\"https:\\\/\\\/drthair.com\\\/wp-content\\\/uploads\\\/2020\\\/06\\\/logo-org.png\",\"contentUrl\":\"https:\\\/\\\/drthair.com\\\/wp-content\\\/uploads\\\/2020\\\/06\\\/logo-org.png\",\"width\":620,\"height\":95,\"caption\":\"DrT Hair\"},\"image\":{\"@id\":\"https:\\\/\\\/drthair.com\\\/#\\\/schema\\\/logo\\\/image\\\/\"},\"sameAs\":[\"https:\\\/\\\/www.facebook.com\\\/hairtransplant.drt\",\"https:\\\/\\\/www.instagram.com\\\/drthairtransplant\\\/\",\"https:\\\/\\\/www.youtube.com\\\/channel\\\/UCsQGjJoo4xatb74vRph7rcw\"]}]}<\/script>\n<!-- \/ Yoast SEO plugin. -->","yoast_head_json":{"title":"Guide - DrT Hair Best Hair Transplant","robots":{"index":"index","follow":"follow","max-snippet":"max-snippet:-1","max-image-preview":"max-image-preview:large","max-video-preview":"max-video-preview:-1"},"canonical":"https:\/\/drthair.com\/fr\/guide\/","og_locale":"fr_FR","og_type":"article","og_title":"Guide - DrT Hair Best Hair Transplant","og_description":"[vc_row full_width=&#8221;stretch_row&#8221; css=&#8221;.vc_custom_1548661485278{padding-top: 100px !important;padding-bottom: 60px !important;}&#8221;][vc_column width=&#8221;1\/2&#8243; css=&#8221;.vc_custom_1548416456616{padding-right: 35px !important;}&#8221;][\/vc_column][vc_column width=&#8221;1\/2&#8243; css=&#8221;.vc_custom_1596189450785{margin-top: -60px !important;}&#8221; el_class=&#8221;guideimage&#8221;][vc_single_image image=&#8221;13067&#8243; img_size=&#8221;full&#8221;][\/vc_column][\/vc_row][vc_row][vc_column width=&#8221;1\/2&#8243;][vc_single_image image=&#8221;13069&#8243; img_size=&#8221;full&#8221;][\/vc_column][vc_column width=&#8221;1\/2&#8243;][\/vc_column][\/vc_row][vc_row css=&#8221;.vc_custom_1594021943961{margin-top: 50px !important;}&#8221;][vc_column][\/vc_column][\/vc_row][vc_row][vc_column width=&#8221;1\/2&#8243; css=&#8221;.vc_custom_1594022014335{margin-top: 80px !important;}&#8221;][\/vc_column][vc_column width=&#8221;1\/2&#8243;][vc_single_image image=&#8221;13070&#8243; img_size=&#8221;full&#8221;][\/vc_column]...","og_url":"https:\/\/drthair.com\/fr\/guide\/","og_site_name":"DrT Hair Best Hair Transplant","article_publisher":"https:\/\/www.facebook.com\/hairtransplant.drt","article_modified_time":"2025-01-27T15:55:54+00:00","twitter_misc":{"Dur\u00e9e de lecture estim\u00e9e":"5 minutes"},"schema":{"@context":"https:\/\/schema.org","@graph":[{"@type":"WebPage","@id":"https:\/\/drthair.com\/fr\/guide\/","url":"https:\/\/drthair.com\/fr\/guide\/","name":"Guide - DrT Hair Best Hair Transplant","isPartOf":{"@id":"https:\/\/drthair.com\/#website"},"datePublished":"2019-01-24T12:17:23+00:00","dateModified":"2025-01-27T15:55:54+00:00","breadcrumb":{"@id":"https:\/\/drthair.com\/fr\/guide\/#breadcrumb"},"inLanguage":"fr-FR","potentialAction":[{"@type":"ReadAction","target":["https:\/\/drthair.com\/fr\/guide\/"]}]},{"@type":"BreadcrumbList","@id":"https:\/\/drthair.com\/fr\/guide\/#breadcrumb","itemListElement":[{"@type":"ListItem","position":1,"name":"Home","item":"https:\/\/drthair.com\/fr\/"},{"@type":"ListItem","position":2,"name":"Guide"}]},{"@type":"WebSite","@id":"https:\/\/drthair.com\/#website","url":"https:\/\/drthair.com\/","name":"DrT Hair Best Hair Transplant","description":"Best Hair Transplantation  in Turkey","publisher":{"@id":"https:\/\/drthair.com\/#organization"},"potentialAction":[{"@type":"SearchAction","target":{"@type":"EntryPoint","urlTemplate":"https:\/\/drthair.com\/?s={search_term_string}"},"query-input":{"@type":"PropertyValueSpecification","valueRequired":true,"valueName":"search_term_string"}}],"inLanguage":"fr-FR"},{"@type":"Organization","@id":"https:\/\/drthair.com\/#organization","name":"DrT Hair","url":"https:\/\/drthair.com\/","logo":{"@type":"ImageObject","inLanguage":"fr-FR","@id":"https:\/\/drthair.com\/#\/schema\/logo\/image\/","url":"https:\/\/drthair.com\/wp-content\/uploads\/2020\/06\/logo-org.png","contentUrl":"https:\/\/drthair.com\/wp-content\/uploads\/2020\/06\/logo-org.png","width":620,"height":95,"caption":"DrT Hair"},"image":{"@id":"https:\/\/drthair.com\/#\/schema\/logo\/image\/"},"sameAs":["https:\/\/www.facebook.com\/hairtransplant.drt","https:\/\/www.instagram.com\/drthairtransplant\/","https:\/\/www.youtube.com\/channel\/UCsQGjJoo4xatb74vRph7rcw"]}]}},"_links":{"self":[{"href":"https:\/\/drthair.com\/fr\/wp-json\/wp\/v2\/pages\/13066","targetHints":{"allow":["GET"]}}],"collection":[{"href":"https:\/\/drthair.com\/fr\/wp-json\/wp\/v2\/pages"}],"about":[{"href":"https:\/\/drthair.com\/fr\/wp-json\/wp\/v2\/types\/page"}],"author":[{"embeddable":true,"href":"https:\/\/drthair.com\/fr\/wp-json\/wp\/v2\/users\/1"}],"replies":[{"embeddable":true,"href":"https:\/\/drthair.com\/fr\/wp-json\/wp\/v2\/comments?post=13066"}],"version-history":[{"count":4,"href":"https:\/\/drthair.com\/fr\/wp-json\/wp\/v2\/pages\/13066\/revisions"}],"predecessor-version":[{"id":13172,"href":"https:\/\/drthair.com\/fr\/wp-json\/wp\/v2\/pages\/13066\/revisions\/13172"}],"wp:attachment":[{"href":"https:\/\/drthair.com\/fr\/wp-json\/wp\/v2\/media?parent=13066"}],"curies":[{"name":"wp","href":"https:\/\/api.w.org\/{rel}","templated":true}]}}