{"id":13077,"date":"2020-06-20T08:05:48","date_gmt":"2020-06-20T08:05:48","guid":{"rendered":"https:\/\/drthair.com\/aftercare\/"},"modified":"2025-01-27T19:04:09","modified_gmt":"2025-01-27T16:04:09","slug":"soins-post-operatoires","status":"publish","type":"page","link":"https:\/\/drthair.com\/fr\/soins-post-operatoires\/","title":{"rendered":"Soins Post-Op\u00e9ratoires"},"content":{"rendered":"<div class=\"wpb-content-wrapper\"><p>[vc_row css=&#8221;.vc_custom_1629064656431{padding-top: 8vh !important;padding-bottom: 2vh !important;}&#8221;][vc_column width=&#8221;1\/2&#8243;][vc_column_text css=&#8221;&#8221;]<\/p>\n<p class=\"p1\"><b>Comment Laver Vos Cheveux Apr\u00e8s une Greffe de Cheveux ?<\/b><b><\/b><\/p>\n<p class=\"p1\">La restauration capillaire est une proc\u00e9dure d\u00e9licate. Les soins post-op\u00e9ratoires sont extr\u00eamement importants pour obtenir des r\u00e9sultats optimaux.<\/p>\n<p>[\/vc_column_text][\/vc_column][vc_column width=&#8221;1\/2&#8243;][vc_single_image image=&#8221;13079&#8243; img_size=&#8221;medium&#8221; alignment=&#8221;center&#8221;][\/vc_column][\/vc_row][vc_row css=&#8221;.vc_custom_1629063422343{padding-top: 8vh !important;}&#8221;][vc_column][vc_column_text css=&#8221;&#8221;]<\/p>\n<p class=\"p1\"><b>Instructions de Lavage des Cheveux pour les 14 Premiers Jours<\/b><\/p>\n<p>[\/vc_column_text][\/vc_column][\/vc_row][vc_row][vc_column width=&#8221;1\/4&#8243;][vc_column_text css=&#8221;&#8221;]<\/p>\n<p class=\"p1\"><b>\u00c9tape 1 :<br \/>\n<\/b><b><\/b><b>Application de la Lotion de Soin Post-Op\u00e9ratoire<\/b><b><\/b><\/p>\n<p class=\"p1\">Notre lotion de soin post-op\u00e9ratoire pour la greffe de cheveux favorise la r\u00e9g\u00e9n\u00e9ration des cellules cutan\u00e9es, hydrate la peau et adoucit les cro\u00fbtes. Cette lotion doit \u00eatre appliqu\u00e9e sur les zones receveuses et donneuses.<\/p>\n<p>[\/vc_column_text][\/vc_column][vc_column width=&#8221;1\/4&#8243;][vc_column_text css=&#8221;&#8221;]<\/p>\n<p class=\"p1\"><b>\u00c9tape 2 :<br \/>\n<\/b><b><\/b><b>Application du Shampooing M\u00e9dical<\/b><b><\/b><\/p>\n<p class=\"p1\">Un shampooing m\u00e9dical sp\u00e9cial est n\u00e9cessaire pendant les 14 premiers jours suivant l\u2019op\u00e9ration. Apr\u00e8s avoir appliqu\u00e9 la lotion, vous pouvez appliquer le shampooing d\u00e9licatement avec le bout des doigts. Vous devez suivre la m\u00eame direction que celle des greffons transplant\u00e9s et \u00e9viter les mouvements brusques.<\/p>\n<p>[\/vc_column_text][\/vc_column][vc_column width=&#8221;1\/4&#8243;][vc_column_text css=&#8221;&#8221;]<\/p>\n<p class=\"p1\"><b>\u00c9tape 3 :<br \/>\n<\/b><b><\/b><b>Rin\u00e7age<\/b><b><\/b><\/p>\n<p class=\"p1\">Utilisez de l\u2019eau ti\u00e8de sans haute pression pour le rin\u00e7age. \u00c9vitez l\u2019eau chaude et \u00e0 haute pression.<\/p>\n<p>[\/vc_column_text][\/vc_column][vc_column width=&#8221;1\/4&#8243;][vc_column_text css=&#8221;&#8221;]<\/p>\n<p class=\"p1\"><b>\u00c9tape 4 :<br \/>\n<\/b><b><\/b><b>S\u00e9chage<\/b><b><\/b><\/p>\n<p class=\"p1\">Vous devez laisser vos cheveux s\u00e9cher naturellement. \u00c9vitez d\u2019utiliser des serviettes et des s\u00e8che-cheveux pendant les 2 premi\u00e8res semaines.<\/p>\n<p>[\/vc_column_text][\/vc_column][\/vc_row][vc_row css=&#8221;.vc_custom_1629064426541{padding-top: 8vh !important;}&#8221;][vc_column][vc_column_text css=&#8221;&#8221;]<\/p>\n<p class=\"p1\"><b>Instructions Quotidiennes pour la Lotion et le Shampooing pendant les 14 Premiers Jours<\/b><\/p>\n<p>[\/vc_column_text][\/vc_column][\/vc_row][vc_row css=&#8221;.vc_custom_1629064411722{padding-bottom: 8vh !important;}&#8221;][vc_column][vc_column_text css=&#8221;&#8221;]<\/p>\n<p class=\"p1\"><b>Jour 1 :<\/b> Le premier lavage est effectu\u00e9 par une infirmi\u00e8re le lendemain de l\u2019op\u00e9ration.<\/p>\n<p class=\"p1\"><b>Jour 2 :<\/b> Pas de lavage.<\/p>\n<p class=\"p1\"><b>Jour 3 :<\/b> Pas de lavage.<\/p>\n<p class=\"p1\"><b>Jour 4-13 :<\/b> Retirez les bandages. Appliquez la lotion de soin post-op\u00e9ratoire sur la zone transplant\u00e9e. Laissez-la reposer pendant 30 minutes et augmentez le temps de repos de la lotion de 5 minutes chaque jour. Ensuite, lavez le cuir chevelu avec le shampooing de traitement en tapotant doucement la zone transplant\u00e9e avec le bout des doigts, ainsi que la zone donneuse, puis rincez \u00e0 l\u2019eau ti\u00e8de. Laissez votre t\u00eate s\u00e9cher naturellement.<\/p>\n<p class=\"p1\"><b>Jour 14 :<\/b> Le 14\u1d49 jour, qui est le dernier jour de la proc\u00e9dure de lavage, appliquez la lotion sur la zone transplant\u00e9e en effectuant des mouvements circulaires de massage et laissez-la agir sur le cuir chevelu pendant 2 heures. Rincez la lotion et traitez toutes les zones avec le shampooing. Les cro\u00fbtes de peau s\u00e8che devraient tomber d\u2019elles-m\u00eames d\u2019ici le 14\u1d49 jour.<\/p>\n<p>[\/vc_column_text][\/vc_column][\/vc_row][vc_row][vc_column][vc_column_text css=&#8221;&#8221;]<\/p>\n<p class=\"p1\"><b>Choses \u00e0 Consid\u00e9rer Apr\u00e8s une Greffe de Cheveux<\/b><\/p>\n<p>[\/vc_column_text][\/vc_column][\/vc_row][vc_row][vc_column width=&#8221;1\/2&#8243;][vc_column_text css=&#8221;&#8221;]<\/p>\n<p class=\"p1\"><b>Les 3 premi\u00e8res nuits, essayez de dormir sur un oreiller haut ou plusieurs oreillers avec la t\u00eate sur\u00e9lev\u00e9e. En sur\u00e9levant votre t\u00eate, vous pouvez r\u00e9duire le gonflement. Vous pouvez dormir sur le dos ou sur les c\u00f4t\u00e9s, mais ne dormez pas avec le visage tourn\u00e9 vers le bas. Essayez d\u2019\u00e9viter tout contact entre la zone transplant\u00e9e et l\u2019oreiller.<\/b><b><\/b><\/p>\n<p class=\"p1\">L\u2019un des effets secondaires mineurs de la greffe de cheveux est le gonflement. Il est indolore et peut commencer sur le front pour ensuite entourer les yeux. Pour r\u00e9duire le gonflement, veuillez mettre et garder le bandage noir sur votre t\u00eate pendant les 2 premiers jours, pendant 4 heures.<\/p>\n<p class=\"p1\">Vos cheveux transplant\u00e9s peuvent tomber apr\u00e8s 2 \u00e0 4 semaines en raison du faible transport d\u2019oxyg\u00e8ne dans vos nouveaux canaux. C\u2019est un ph\u00e9nom\u00e8ne normal. Les greffons produiront de nouveaux cheveux en environ 12 \u00e0 14 semaines.<\/p>\n<p class=\"p1\">La croissance des cheveux est une partie essentielle d\u2019une greffe de cheveux, mais c\u2019est aussi un processus \u00e0 long terme. Apr\u00e8s la phase de chute, les greffons produiront de nouveaux cheveux au cours des 2-3 premiers mois, mais il n\u2019y aura pas de changement visible. Vers le 6\u1d49 mois, vous commencerez \u00e0 voir un changement notable dans vos cheveux. Apr\u00e8s 12 \u00e0 15 mois, vous atteindrez la pleine croissance et le r\u00e9sultat final de votre greffe de cheveux.<\/p>\n<p>[\/vc_column_text][\/vc_column][vc_column width=&#8221;1\/2&#8243;][vc_single_image image=&#8221;13080&#8243; img_size=&#8221;full&#8221; alignment=&#8221;center&#8221; css=&#8221;.vc_custom_1629063898329{padding-top: 5vh !important;}&#8221;][\/vc_column][\/vc_row][vc_row css=&#8221;.vc_custom_1629064262676{padding-top: 8vh !important;}&#8221;][vc_column][vc_column_text css=&#8221;&#8221;]<\/p>\n<p class=\"p1\"><b>Choses \u00e0 \u00c9viter Apr\u00e8s une Greffe de Cheveux<\/b><\/p>\n<p>[\/vc_column_text][\/vc_column][\/vc_row][vc_row][vc_column width=&#8221;1\/2&#8243;][vc_column_text css=&#8221;&#8221;]<\/p>\n<p class=\"p1\"><b>Vous pouvez peigner vos nouveaux cheveux, mais soyez prudent avec la brosse. Ne poussez pas trop fort pour \u00e9viter d\u2019endommager les cheveux transplant\u00e9s.<\/b><b><\/b><\/p>\n<p class=\"p2\">\u2022La consommation d\u2019alcool et de tabac est interdite pendant 7 jours apr\u00e8s votre intervention chirurgicale.<\/p>\n<p class=\"p2\">\u2022Vous devez vous abstenir d\u2019activit\u00e9s sportives telles que la randonn\u00e9e, la course \u00e0 pied, le cyclisme, le golf, etc., pendant au moins 2 semaines apr\u00e8s l\u2019op\u00e9ration. Le port de charges lourdes et les activit\u00e9s physiques intenses doivent \u00eatre \u00e9vit\u00e9s pendant 3 semaines apr\u00e8s l\u2019intervention.<\/p>\n<p class=\"p2\">\u2022Vous devez \u00e9viter des activit\u00e9s comme le sauna, le hammam et le solarium pendant 6 mois.<\/p>\n<p class=\"p2\">\u2022Une exposition r\u00e9guli\u00e8re\/limit\u00e9e au soleil est acceptable, mais vous devez \u00e9viter une exposition extr\u00eame au soleil ou les bains de soleil pendant 3 mois. Prot\u00e9gez votre t\u00eate avec une casquette en cas d\u2019exposition intense au soleil.<\/p>\n<p class=\"p2\">\u2022La natation (piscine et mer) dans de l\u2019eau contenant du chlore ou de l\u2019eau sal\u00e9e n\u2019est pas recommand\u00e9e et doit \u00eatre \u00e9vit\u00e9e pendant le premier mois.<\/p>\n<p class=\"p2\">\u2022Les applications chimiques (coloration, etc.) sur les cheveux transplant\u00e9s ne peuvent \u00eatre effectu\u00e9es qu\u2019apr\u00e8s 6 mois. 2 mois sont n\u00e9cessaires pour la zone donneuse.<\/p>\n<p>[\/vc_column_text][\/vc_column][vc_column width=&#8221;1\/2&#8243;][vc_single_image image=&#8221;13081&#8243; img_size=&#8221;full&#8221; alignment=&#8221;center&#8221; css=&#8221;.vc_custom_1629064126502{padding-top: 5vh !important;}&#8221;][\/vc_column][\/vc_row][vc_row css=&#8221;.vc_custom_1629064262676{padding-top: 8vh !important;}&#8221;][vc_column][vc_column_text css=&#8221;&#8221;]<\/p>\n<p class=\"p1\"><b>Rasage et Coupe<\/b><\/p>\n<p>[\/vc_column_text][\/vc_column][\/vc_row][vc_row][vc_column width=&#8221;1\/2&#8243;][vc_column_text css=&#8221;&#8221;]<\/p>\n<p class=\"p1\"><b>Ne rasez pas et ne coupez pas (avec un rasoir ou une tondeuse) la zone transplant\u00e9e pendant 6 mois.<\/b><b><\/b><\/p>\n<p class=\"p2\">\u2022Vous pouvez couper vos cheveux dans la zone transplant\u00e9e avec des ciseaux apr\u00e8s 3 mois.<\/p>\n<p class=\"p2\">\u2022La zone donneuse peut \u00eatre ras\u00e9e ou coup\u00e9e (avec un rasoir ou une tondeuse) apr\u00e8s 2 mois.<\/p>\n<p class=\"p2\">\u2022Vous pouvez couper vos cheveux dans la zone donneuse avec des ciseaux apr\u00e8s 6 semaines.<\/p>\n<p class=\"p2\">\u2022Si des poils de la barbe ou du corps ont \u00e9t\u00e9 pr\u00e9lev\u00e9s pour votre intervention, vous pouvez raser ou couper votre barbe apr\u00e8s 1 mois.<\/p>\n<p>[\/vc_column_text][\/vc_column][vc_column width=&#8221;1\/2&#8243;][\/vc_column][\/vc_row]<\/p>\n<\/div>","protected":false},"excerpt":{"rendered":"<p>[vc_row css=&#8221;.vc_custom_1629064656431{padding-top: 8vh !important;padding-bottom: 2vh !important;}&#8221;][vc_column width=&#8221;1\/2&#8243;][vc_column_text css=&#8221;&#8221;] Comment Laver Vos Cheveux Apr\u00e8s une Greffe de Cheveux ? La restauration capillaire est une proc\u00e9dure d\u00e9licate. Les soins post-op\u00e9ratoires sont extr\u00eamement importants pour obtenir des r\u00e9sultats optimaux. [\/vc_column_text][\/vc_column][vc_column width=&#8221;1\/2&#8243;][vc_single_image image=&#8221;13079&#8243; img_size=&#8221;medium&#8221; alignment=&#8221;center&#8221;][\/vc_column][\/vc_row][vc_row css=&#8221;.vc_custom_1629063422343{padding-top: 8vh !important;}&#8221;][vc_column][vc_column_text css=&#8221;&#8221;] Instructions de Lavage des Cheveux pour les 14 Premiers Jours&#8230;<\/p>\n","protected":false},"author":1,"featured_media":0,"parent":0,"menu_order":0,"comment_status":"closed","ping_status":"closed","template":"","meta":{"footnotes":""},"class_list":["post-13077","page","type-page","status-publish","hentry"],"yoast_head":"<!-- This site is optimized with the Yoast SEO plugin v27.3 - https:\/\/yoast.com\/product\/yoast-seo-wordpress\/ -->\n<title>Soins Post-Op\u00e9ratoires - DrT Hair Best Hair Transplant<\/title>\n<meta name=\"robots\" content=\"index, follow, max-snippet:-1, max-image-preview:large, max-video-preview:-1\" \/>\n<link rel=\"canonical\" href=\"https:\/\/drthair.com\/fr\/soins-post-operatoires\/\" \/>\n<meta property=\"og:locale\" content=\"fr_FR\" \/>\n<meta property=\"og:type\" content=\"article\" \/>\n<meta property=\"og:title\" content=\"Soins Post-Op\u00e9ratoires - DrT Hair Best Hair Transplant\" \/>\n<meta property=\"og:description\" content=\"[vc_row css=&#8221;.vc_custom_1629064656431{padding-top: 8vh !important;padding-bottom: 2vh !important;}&#8221;][vc_column width=&#8221;1\/2&#8243;][vc_column_text css=&#8221;&#8221;] Comment Laver Vos Cheveux Apr\u00e8s une Greffe de Cheveux ? La restauration capillaire est une proc\u00e9dure d\u00e9licate. Les soins post-op\u00e9ratoires sont extr\u00eamement importants pour obtenir des r\u00e9sultats optimaux. [\/vc_column_text][\/vc_column][vc_column width=&#8221;1\/2&#8243;][vc_single_image image=&#8221;13079&#8243; img_size=&#8221;medium&#8221; alignment=&#8221;center&#8221;][\/vc_column][\/vc_row][vc_row css=&#8221;.vc_custom_1629063422343{padding-top: 8vh !important;}&#8221;][vc_column][vc_column_text css=&#8221;&#8221;] Instructions de Lavage des Cheveux pour les 14 Premiers Jours...\" \/>\n<meta property=\"og:url\" content=\"https:\/\/drthair.com\/fr\/soins-post-operatoires\/\" \/>\n<meta property=\"og:site_name\" content=\"DrT Hair Best Hair Transplant\" \/>\n<meta property=\"article:publisher\" content=\"https:\/\/www.facebook.com\/hairtransplant.drt\" \/>\n<meta property=\"article:modified_time\" content=\"2025-01-27T16:04:09+00:00\" \/>\n<meta name=\"twitter:label1\" content=\"Dur\u00e9e de lecture estim\u00e9e\" \/>\n\t<meta name=\"twitter:data1\" content=\"5 minutes\" \/>\n<script type=\"application\/ld+json\" class=\"yoast-schema-graph\">{\"@context\":\"https:\\\/\\\/schema.org\",\"@graph\":[{\"@type\":\"WebPage\",\"@id\":\"https:\\\/\\\/drthair.com\\\/fr\\\/soins-post-operatoires\\\/\",\"url\":\"https:\\\/\\\/drthair.com\\\/fr\\\/soins-post-operatoires\\\/\",\"name\":\"Soins Post-Op\u00e9ratoires - DrT Hair Best Hair Transplant\",\"isPartOf\":{\"@id\":\"https:\\\/\\\/drthair.com\\\/#website\"},\"datePublished\":\"2020-06-20T08:05:48+00:00\",\"dateModified\":\"2025-01-27T16:04:09+00:00\",\"breadcrumb\":{\"@id\":\"https:\\\/\\\/drthair.com\\\/fr\\\/soins-post-operatoires\\\/#breadcrumb\"},\"inLanguage\":\"fr-FR\",\"potentialAction\":[{\"@type\":\"ReadAction\",\"target\":[\"https:\\\/\\\/drthair.com\\\/fr\\\/soins-post-operatoires\\\/\"]}]},{\"@type\":\"BreadcrumbList\",\"@id\":\"https:\\\/\\\/drthair.com\\\/fr\\\/soins-post-operatoires\\\/#breadcrumb\",\"itemListElement\":[{\"@type\":\"ListItem\",\"position\":1,\"name\":\"Home\",\"item\":\"https:\\\/\\\/drthair.com\\\/fr\\\/\"},{\"@type\":\"ListItem\",\"position\":2,\"name\":\"Soins Post-Op\u00e9ratoires\"}]},{\"@type\":\"WebSite\",\"@id\":\"https:\\\/\\\/drthair.com\\\/#website\",\"url\":\"https:\\\/\\\/drthair.com\\\/\",\"name\":\"DrT Hair Best Hair Transplant\",\"description\":\"Best Hair Transplantation  in Turkey\",\"publisher\":{\"@id\":\"https:\\\/\\\/drthair.com\\\/#organization\"},\"potentialAction\":[{\"@type\":\"SearchAction\",\"target\":{\"@type\":\"EntryPoint\",\"urlTemplate\":\"https:\\\/\\\/drthair.com\\\/?s={search_term_string}\"},\"query-input\":{\"@type\":\"PropertyValueSpecification\",\"valueRequired\":true,\"valueName\":\"search_term_string\"}}],\"inLanguage\":\"fr-FR\"},{\"@type\":\"Organization\",\"@id\":\"https:\\\/\\\/drthair.com\\\/#organization\",\"name\":\"DrT Hair\",\"url\":\"https:\\\/\\\/drthair.com\\\/\",\"logo\":{\"@type\":\"ImageObject\",\"inLanguage\":\"fr-FR\",\"@id\":\"https:\\\/\\\/drthair.com\\\/#\\\/schema\\\/logo\\\/image\\\/\",\"url\":\"https:\\\/\\\/drthair.com\\\/wp-content\\\/uploads\\\/2020\\\/06\\\/logo-org.png\",\"contentUrl\":\"https:\\\/\\\/drthair.com\\\/wp-content\\\/uploads\\\/2020\\\/06\\\/logo-org.png\",\"width\":620,\"height\":95,\"caption\":\"DrT Hair\"},\"image\":{\"@id\":\"https:\\\/\\\/drthair.com\\\/#\\\/schema\\\/logo\\\/image\\\/\"},\"sameAs\":[\"https:\\\/\\\/www.facebook.com\\\/hairtransplant.drt\",\"https:\\\/\\\/www.instagram.com\\\/drthairtransplant\\\/\",\"https:\\\/\\\/www.youtube.com\\\/channel\\\/UCsQGjJoo4xatb74vRph7rcw\"]}]}<\/script>\n<!-- \/ Yoast SEO plugin. -->","yoast_head_json":{"title":"Soins Post-Op\u00e9ratoires - DrT Hair Best Hair Transplant","robots":{"index":"index","follow":"follow","max-snippet":"max-snippet:-1","max-image-preview":"max-image-preview:large","max-video-preview":"max-video-preview:-1"},"canonical":"https:\/\/drthair.com\/fr\/soins-post-operatoires\/","og_locale":"fr_FR","og_type":"article","og_title":"Soins Post-Op\u00e9ratoires - DrT Hair Best Hair Transplant","og_description":"[vc_row css=&#8221;.vc_custom_1629064656431{padding-top: 8vh !important;padding-bottom: 2vh !important;}&#8221;][vc_column width=&#8221;1\/2&#8243;][vc_column_text css=&#8221;&#8221;] Comment Laver Vos Cheveux Apr\u00e8s une Greffe de Cheveux ? La restauration capillaire est une proc\u00e9dure d\u00e9licate. Les soins post-op\u00e9ratoires sont extr\u00eamement importants pour obtenir des r\u00e9sultats optimaux. [\/vc_column_text][\/vc_column][vc_column width=&#8221;1\/2&#8243;][vc_single_image image=&#8221;13079&#8243; img_size=&#8221;medium&#8221; alignment=&#8221;center&#8221;][\/vc_column][\/vc_row][vc_row css=&#8221;.vc_custom_1629063422343{padding-top: 8vh !important;}&#8221;][vc_column][vc_column_text css=&#8221;&#8221;] Instructions de Lavage des Cheveux pour les 14 Premiers Jours...","og_url":"https:\/\/drthair.com\/fr\/soins-post-operatoires\/","og_site_name":"DrT Hair Best Hair Transplant","article_publisher":"https:\/\/www.facebook.com\/hairtransplant.drt","article_modified_time":"2025-01-27T16:04:09+00:00","twitter_misc":{"Dur\u00e9e de lecture estim\u00e9e":"5 minutes"},"schema":{"@context":"https:\/\/schema.org","@graph":[{"@type":"WebPage","@id":"https:\/\/drthair.com\/fr\/soins-post-operatoires\/","url":"https:\/\/drthair.com\/fr\/soins-post-operatoires\/","name":"Soins Post-Op\u00e9ratoires - DrT Hair Best Hair Transplant","isPartOf":{"@id":"https:\/\/drthair.com\/#website"},"datePublished":"2020-06-20T08:05:48+00:00","dateModified":"2025-01-27T16:04:09+00:00","breadcrumb":{"@id":"https:\/\/drthair.com\/fr\/soins-post-operatoires\/#breadcrumb"},"inLanguage":"fr-FR","potentialAction":[{"@type":"ReadAction","target":["https:\/\/drthair.com\/fr\/soins-post-operatoires\/"]}]},{"@type":"BreadcrumbList","@id":"https:\/\/drthair.com\/fr\/soins-post-operatoires\/#breadcrumb","itemListElement":[{"@type":"ListItem","position":1,"name":"Home","item":"https:\/\/drthair.com\/fr\/"},{"@type":"ListItem","position":2,"name":"Soins Post-Op\u00e9ratoires"}]},{"@type":"WebSite","@id":"https:\/\/drthair.com\/#website","url":"https:\/\/drthair.com\/","name":"DrT Hair Best Hair Transplant","description":"Best Hair Transplantation  in Turkey","publisher":{"@id":"https:\/\/drthair.com\/#organization"},"potentialAction":[{"@type":"SearchAction","target":{"@type":"EntryPoint","urlTemplate":"https:\/\/drthair.com\/?s={search_term_string}"},"query-input":{"@type":"PropertyValueSpecification","valueRequired":true,"valueName":"search_term_string"}}],"inLanguage":"fr-FR"},{"@type":"Organization","@id":"https:\/\/drthair.com\/#organization","name":"DrT Hair","url":"https:\/\/drthair.com\/","logo":{"@type":"ImageObject","inLanguage":"fr-FR","@id":"https:\/\/drthair.com\/#\/schema\/logo\/image\/","url":"https:\/\/drthair.com\/wp-content\/uploads\/2020\/06\/logo-org.png","contentUrl":"https:\/\/drthair.com\/wp-content\/uploads\/2020\/06\/logo-org.png","width":620,"height":95,"caption":"DrT Hair"},"image":{"@id":"https:\/\/drthair.com\/#\/schema\/logo\/image\/"},"sameAs":["https:\/\/www.facebook.com\/hairtransplant.drt","https:\/\/www.instagram.com\/drthairtransplant\/","https:\/\/www.youtube.com\/channel\/UCsQGjJoo4xatb74vRph7rcw"]}]}},"_links":{"self":[{"href":"https:\/\/drthair.com\/fr\/wp-json\/wp\/v2\/pages\/13077","targetHints":{"allow":["GET"]}}],"collection":[{"href":"https:\/\/drthair.com\/fr\/wp-json\/wp\/v2\/pages"}],"about":[{"href":"https:\/\/drthair.com\/fr\/wp-json\/wp\/v2\/types\/page"}],"author":[{"embeddable":true,"href":"https:\/\/drthair.com\/fr\/wp-json\/wp\/v2\/users\/1"}],"replies":[{"embeddable":true,"href":"https:\/\/drthair.com\/fr\/wp-json\/wp\/v2\/comments?post=13077"}],"version-history":[{"count":4,"href":"https:\/\/drthair.com\/fr\/wp-json\/wp\/v2\/pages\/13077\/revisions"}],"predecessor-version":[{"id":13176,"href":"https:\/\/drthair.com\/fr\/wp-json\/wp\/v2\/pages\/13077\/revisions\/13176"}],"wp:attachment":[{"href":"https:\/\/drthair.com\/fr\/wp-json\/wp\/v2\/media?parent=13077"}],"curies":[{"name":"wp","href":"https:\/\/api.w.org\/{rel}","templated":true}]}}