{"id":9058,"date":"2019-01-24T12:17:23","date_gmt":"2019-01-24T12:17:23","guid":{"rendered":"https:\/\/drthair.com\/guide\/"},"modified":"2024-01-30T22:09:53","modified_gmt":"2024-01-30T19:09:53","slug":"guida","status":"publish","type":"page","link":"https:\/\/drthair.com\/it\/guida\/","title":{"rendered":"Guida"},"content":{"rendered":"<div class=\"wpb-content-wrapper\"><p>[vc_row full_width=&#8221;stretch_row&#8221; css=&#8221;.vc_custom_1548661485278{padding-top: 100px !important;padding-bottom: 60px !important;}&#8221;][vc_column width=&#8221;1\/2&#8243; css=&#8221;.vc_custom_1548416456616{padding-right: 35px !important;}&#8221;]\r\n        <div class=\"rs-heading style6   \">\r\n        \t<div class=\"title-inner\">\r\n        \t\t\r\n\t            \r\n\t            <h2 class=\"title \" style=\"color: #303745\">Guida per il paziente<\/h2>\r\n\t        <\/div><div class=\"description\"><p >Dopo la consultazione online con una delle cliniche di trapianto di capelli DrT, siete pronti per il viaggio. Questa guida fornisce le informazioni necessarie sui servizi che vi verranno forniti dopo il vostro arrivo nella splendida Istanbul o a Cipro per il trapianto di capelli.<\/p><\/div><\/div>\r\n        <div class=\"rs-heading style6   \">\r\n        \t<div class=\"title-inner\">\r\n        \t\t\r\n\t            \r\n\t            <h2 class=\"title \" style=\"color: #303745\">Arrivo a Istanbul o Cipro<\/h2>\r\n\t        <\/div><div class=\"description\"><p >Quando prenotate i biglietti aerei in base alle date dell&#8217;intervento e li condividete con i nostri coordinatori dei pazienti, organizziamo immediatamente le prenotazioni alberghiere e i trasferimenti aeroportuali per i voli di arrivo e di partenza. Dopo l&#8217;arrivo, i nostri autisti vengono a prendervi all&#8217;aeroporto con veicoli privati e vi portano in hotel per il resto del vostro soggiorno. Quindi, dovete solo prenotare i vostri voli e arrivare a Istanbul o a Cipro. Al resto pensiamo noi. Dopo il check-in in hotel, sarete liberi di godervi le numerose attrazioni turistiche fino alla data dell&#8217;operazione o successivamente.<\/p><\/div><\/div>[\/vc_column][vc_column width=&#8221;1\/2&#8243; css=&#8221;.vc_custom_1596189717681{margin-top: -60px !important;}&#8221; el_class=&#8221;guideimage&#8221;][vc_single_image image=&#8221;8951&#8243; img_size=&#8221;full&#8221;][\/vc_column][\/vc_row][vc_row][vc_column width=&#8221;1\/2&#8243;][vc_single_image image=&#8221;8957&#8243; img_size=&#8221;full&#8221;][\/vc_column][vc_column width=&#8221;1\/2&#8243;]\r\n        <div class=\"rs-heading style6   text-right\">\r\n        \t<div class=\"title-inner\">\r\n        \t\t\r\n\t            \r\n\t            <h2 class=\"title \" style=\"color: #303745\">Giorno dell'operazione<\/h2>\r\n\t        <\/div><div class=\"description\"><p >Il giorno dell&#8217;operazione, il nostro autista verr\u00e0 a prendervi nella hall dell&#8217;hotel in base all&#8217;orario dell&#8217;operazione. Il coordinatore dei pazienti si metter\u00e0 in contatto con voi e vi informer\u00e0 dell&#8217;orario di prelievo un giorno prima. Quando arriverete alla clinica di vostra scelta, il coordinatore dei pazienti vi accoglier\u00e0 e vi assister\u00e0 per il resto del tempo trascorso presso le cliniche DrT per il trapianto di capelli. Dopo aver sbrigato alcune formalit\u00e0 come i moduli, ecc. avrete una consultazione personale con il vostro medico. Discuterete personalmente con il medico il vostro caso e i vostri desideri. Inoltre, vi verranno fornite di persona le informazioni mediche e i dettagli del vostro nuovo design di capelli. Dopo il consulto personale, il medico e l&#8217;\u00e9quipe medica vi prepareranno per l&#8217;intervento. L&#8217;operazione durer\u00e0 circa 5 ore, a seconda del numero di innesti necessari.<\/p>\n<p>Tra un intervento e l&#8217;altro \u00e8 prevista una pausa pranzo e un pasto leggero. Al termine dell&#8217;intervento, il medico e il coordinatore dei pazienti vi forniranno i farmaci necessari e le informazioni sulla prima notte dopo l&#8217;operazione. Poi il nostro autista vi riporter\u00e0 in albergo per un buon riposo notturno.<\/p><\/div><\/div>[\/vc_column][\/vc_row][vc_row css=&#8221;.vc_custom_1594021943961{margin-top: 50px !important;}&#8221;][vc_column]\r\n        <div class=\"rs-heading style6  postoperation text-center\">\r\n        \t<div class=\"title-inner\">\r\n        \t\t\r\n\t            \r\n\t            <h2 class=\"title \" style=\"color: #303745\">Visita post operatoria e primo lavaggio dei capelli<\/h2>\r\n\t        <\/div><div class=\"description\"><p >Il giorno successivo all&#8217;operazione, vi sottoporrete a una visita e al primo lavaggio dei capelli presso la clinica di vostra scelta. Anche in questo caso, il nostro autista verr\u00e0 a prendervi nella hall dell&#8217;hotel all&#8217;orario indicato dal coordinatore dei pazienti. Quando arriverete in una delle nostre cliniche, il medico controller\u00e0 le condizioni dell&#8217;area di intervento. Poi il nostro team medico vi laver\u00e0 i capelli per la prima volta dopo l&#8217;intervento. Presso le cliniche per il trapianto di capelli DrT, il primo lavaggio dei capelli sar\u00e0 eseguito da un professionista, in modo che non dobbiate preoccuparvi.<\/p>\n<p>Dopo il lavaggio dei capelli, il nostro team medico rinnover\u00e0 le medicazioni. Successivamente, il coordinatore dei pazienti vi informer\u00e0 sulle cure post-operatorie e sull&#8217;assistenza post-operatoria. Verranno fornite informazioni dettagliate su come prendersi cura dei capelli giorno per giorno fino al 14\u00b0 giorno. Inoltre, il coordinatore dei pazienti vi fornir\u00e0 un opuscolo informativo dettagliato per la cura post-operatoria e tutti i prodotti necessari per il post-operatorio. Successivamente, ci mettiamo in contatto con tutti i nostri pazienti per seguire in dettaglio il processo di crescita dei capelli e per valutare i risultati ottenuti.<\/p><\/div><\/div>[\/vc_column][\/vc_row][vc_row][vc_column width=&#8221;1\/2&#8243; css=&#8221;.vc_custom_1594022014335{margin-top: 80px !important;}&#8221;]\r\n        <div class=\"rs-heading style6   \">\r\n        \t<div class=\"title-inner\">\r\n        \t\t\r\n\t            \r\n\t            <h2 class=\"title \" style=\"color: #303745\">Partenza<\/h2>\r\n\t        <\/div><div class=\"description\"><p >Nella maggior parte dei casi, i nostri pazienti tornano a casa dopo il primo lavaggio e l&#8217;esame. In questo caso, il nostro autista verr\u00e0 a prendervi e vi riporter\u00e0 all&#8217;aeroporto per il volo di ritorno.<\/p>\n<p>Naturalmente, dopo l&#8217;operazione potrete godervi altre attrazioni turistiche. Se al momento della prenotazione indicate l&#8217;intenzione di prolungare il vostro viaggio, sar\u00e0 possibile prendere gli accordi necessari. Se avete programmi prolungati a Istanbul, il nostro autista vi riporter\u00e0 in hotel dopo il primo lavaggio dei capelli. Poi, organizzeremo il vostro trasferimento in aeroporto in base all&#8217;orario e alla data del vostro volo.<\/p>\n<p>Si prega di notare che consigliamo sempre di prolungare il viaggio nei giorni precedenti l&#8217;operazione anzich\u00e9 nel periodo successivo. In questo modo potrete godervi meglio il vostro tempo.<\/p>\n<p>In qualit\u00e0 di team DrT per il trapianto di capelli, facciamo del nostro meglio per rendere il vostro viaggio completamente rilassato e spensierato.<\/p><\/div><\/div>[\/vc_column][vc_column width=&#8221;1\/2&#8243;][vc_single_image image=&#8221;8960&#8243; img_size=&#8221;full&#8221;][\/vc_column][\/vc_row]<\/p>\n<\/div>","protected":false},"excerpt":{"rendered":"<p>[vc_row full_width=&#8221;stretch_row&#8221; css=&#8221;.vc_custom_1548661485278{padding-top: 100px !important;padding-bottom: 60px !important;}&#8221;][vc_column width=&#8221;1\/2&#8243; css=&#8221;.vc_custom_1548416456616{padding-right: 35px !important;}&#8221;][\/vc_column][vc_column width=&#8221;1\/2&#8243; css=&#8221;.vc_custom_1596189717681{margin-top: -60px !important;}&#8221; el_class=&#8221;guideimage&#8221;][vc_single_image image=&#8221;8951&#8243; img_size=&#8221;full&#8221;][\/vc_column][\/vc_row][vc_row][vc_column width=&#8221;1\/2&#8243;][vc_single_image image=&#8221;8957&#8243; img_size=&#8221;full&#8221;][\/vc_column][vc_column width=&#8221;1\/2&#8243;][\/vc_column][\/vc_row][vc_row css=&#8221;.vc_custom_1594021943961{margin-top: 50px !important;}&#8221;][vc_column][\/vc_column][\/vc_row][vc_row][vc_column width=&#8221;1\/2&#8243; css=&#8221;.vc_custom_1594022014335{margin-top: 80px !important;}&#8221;][\/vc_column][vc_column width=&#8221;1\/2&#8243;][vc_single_image image=&#8221;8960&#8243; img_size=&#8221;full&#8221;][\/vc_column]&#8230;<\/p>\n","protected":false},"author":1,"featured_media":0,"parent":0,"menu_order":0,"comment_status":"closed","ping_status":"closed","template":"","meta":{"footnotes":""},"class_list":["post-9058","page","type-page","status-publish","hentry"],"yoast_head":"<!-- This site is optimized with the Yoast SEO plugin v27.4 - https:\/\/yoast.com\/product\/yoast-seo-wordpress\/ -->\n<title>Guida - DrT Hair<\/title>\n<meta name=\"robots\" content=\"index, follow, max-snippet:-1, max-image-preview:large, max-video-preview:-1\" \/>\n<link rel=\"canonical\" href=\"https:\/\/drthair.com\/guide\/\" \/>\n<meta property=\"og:locale\" content=\"it_IT\" \/>\n<meta property=\"og:type\" content=\"article\" \/>\n<meta property=\"og:title\" content=\"Guida - DrT Hair\" \/>\n<meta property=\"og:description\" content=\"[vc_row full_width=&#8221;stretch_row&#8221; css=&#8221;.vc_custom_1548661485278{padding-top: 100px !important;padding-bottom: 60px !important;}&#8221;][vc_column width=&#8221;1\/2&#8243; css=&#8221;.vc_custom_1548416456616{padding-right: 35px !important;}&#8221;][\/vc_column][vc_column width=&#8221;1\/2&#8243; css=&#8221;.vc_custom_1596189717681{margin-top: -60px !important;}&#8221; el_class=&#8221;guideimage&#8221;][vc_single_image image=&#8221;8951&#8243; img_size=&#8221;full&#8221;][\/vc_column][\/vc_row][vc_row][vc_column width=&#8221;1\/2&#8243;][vc_single_image image=&#8221;8957&#8243; img_size=&#8221;full&#8221;][\/vc_column][vc_column width=&#8221;1\/2&#8243;][\/vc_column][\/vc_row][vc_row css=&#8221;.vc_custom_1594021943961{margin-top: 50px !important;}&#8221;][vc_column][\/vc_column][\/vc_row][vc_row][vc_column width=&#8221;1\/2&#8243; css=&#8221;.vc_custom_1594022014335{margin-top: 80px !important;}&#8221;][\/vc_column][vc_column width=&#8221;1\/2&#8243;][vc_single_image image=&#8221;8960&#8243; img_size=&#8221;full&#8221;][\/vc_column]...\" \/>\n<meta property=\"og:url\" content=\"https:\/\/drthair.com\/guide\/\" \/>\n<meta property=\"og:site_name\" content=\"DrT Hair\" \/>\n<meta property=\"article:publisher\" content=\"https:\/\/www.facebook.com\/hairtransplant.drt\" \/>\n<meta property=\"article:modified_time\" content=\"2024-01-30T19:09:53+00:00\" \/>\n<meta name=\"twitter:label1\" content=\"Tempo di lettura stimato\" \/>\n\t<meta name=\"twitter:data1\" content=\"4 minuti\" \/>\n<script type=\"application\/ld+json\" class=\"yoast-schema-graph\">{\"@context\":\"https:\\\/\\\/schema.org\",\"@graph\":[{\"@type\":\"WebPage\",\"@id\":\"https:\\\/\\\/drthair.com\\\/guide\\\/\",\"url\":\"https:\\\/\\\/drthair.com\\\/guide\\\/\",\"name\":\"Guida - DrT Hair\",\"isPartOf\":{\"@id\":\"https:\\\/\\\/drthair.com\\\/#website\"},\"datePublished\":\"2019-01-24T12:17:23+00:00\",\"dateModified\":\"2024-01-30T19:09:53+00:00\",\"breadcrumb\":{\"@id\":\"https:\\\/\\\/drthair.com\\\/guide\\\/#breadcrumb\"},\"inLanguage\":\"it-IT\",\"potentialAction\":[{\"@type\":\"ReadAction\",\"target\":[\"https:\\\/\\\/drthair.com\\\/guide\\\/\"]}]},{\"@type\":\"BreadcrumbList\",\"@id\":\"https:\\\/\\\/drthair.com\\\/guide\\\/#breadcrumb\",\"itemListElement\":[{\"@type\":\"ListItem\",\"position\":1,\"name\":\"Home\",\"item\":\"https:\\\/\\\/drthair.com\\\/it\\\/\"},{\"@type\":\"ListItem\",\"position\":2,\"name\":\"Guida\"}]},{\"@type\":\"WebSite\",\"@id\":\"https:\\\/\\\/drthair.com\\\/#website\",\"url\":\"https:\\\/\\\/drthair.com\\\/\",\"name\":\"DrT Hair\",\"description\":\"Best Hair Transplantation  in Turkey\",\"publisher\":{\"@id\":\"https:\\\/\\\/drthair.com\\\/#organization\"},\"potentialAction\":[{\"@type\":\"SearchAction\",\"target\":{\"@type\":\"EntryPoint\",\"urlTemplate\":\"https:\\\/\\\/drthair.com\\\/?s={search_term_string}\"},\"query-input\":{\"@type\":\"PropertyValueSpecification\",\"valueRequired\":true,\"valueName\":\"search_term_string\"}}],\"inLanguage\":\"it-IT\"},{\"@type\":\"Organization\",\"@id\":\"https:\\\/\\\/drthair.com\\\/#organization\",\"name\":\"DrT Hair\",\"url\":\"https:\\\/\\\/drthair.com\\\/\",\"logo\":{\"@type\":\"ImageObject\",\"inLanguage\":\"it-IT\",\"@id\":\"https:\\\/\\\/drthair.com\\\/#\\\/schema\\\/logo\\\/image\\\/\",\"url\":\"https:\\\/\\\/drthair.com\\\/wp-content\\\/uploads\\\/2020\\\/06\\\/logo-org.png\",\"contentUrl\":\"https:\\\/\\\/drthair.com\\\/wp-content\\\/uploads\\\/2020\\\/06\\\/logo-org.png\",\"width\":620,\"height\":95,\"caption\":\"DrT Hair\"},\"image\":{\"@id\":\"https:\\\/\\\/drthair.com\\\/#\\\/schema\\\/logo\\\/image\\\/\"},\"sameAs\":[\"https:\\\/\\\/www.facebook.com\\\/hairtransplant.drt\",\"https:\\\/\\\/www.instagram.com\\\/drthairtransplant\\\/\",\"https:\\\/\\\/www.youtube.com\\\/channel\\\/UCsQGjJoo4xatb74vRph7rcw\"]}]}<\/script>\n<!-- \/ Yoast SEO plugin. -->","yoast_head_json":{"title":"Guida - DrT Hair","robots":{"index":"index","follow":"follow","max-snippet":"max-snippet:-1","max-image-preview":"max-image-preview:large","max-video-preview":"max-video-preview:-1"},"canonical":"https:\/\/drthair.com\/guide\/","og_locale":"it_IT","og_type":"article","og_title":"Guida - DrT Hair","og_description":"[vc_row full_width=&#8221;stretch_row&#8221; css=&#8221;.vc_custom_1548661485278{padding-top: 100px !important;padding-bottom: 60px !important;}&#8221;][vc_column width=&#8221;1\/2&#8243; css=&#8221;.vc_custom_1548416456616{padding-right: 35px !important;}&#8221;][\/vc_column][vc_column width=&#8221;1\/2&#8243; css=&#8221;.vc_custom_1596189717681{margin-top: -60px !important;}&#8221; el_class=&#8221;guideimage&#8221;][vc_single_image image=&#8221;8951&#8243; img_size=&#8221;full&#8221;][\/vc_column][\/vc_row][vc_row][vc_column width=&#8221;1\/2&#8243;][vc_single_image image=&#8221;8957&#8243; img_size=&#8221;full&#8221;][\/vc_column][vc_column width=&#8221;1\/2&#8243;][\/vc_column][\/vc_row][vc_row css=&#8221;.vc_custom_1594021943961{margin-top: 50px !important;}&#8221;][vc_column][\/vc_column][\/vc_row][vc_row][vc_column width=&#8221;1\/2&#8243; css=&#8221;.vc_custom_1594022014335{margin-top: 80px !important;}&#8221;][\/vc_column][vc_column width=&#8221;1\/2&#8243;][vc_single_image image=&#8221;8960&#8243; img_size=&#8221;full&#8221;][\/vc_column]...","og_url":"https:\/\/drthair.com\/guide\/","og_site_name":"DrT Hair","article_publisher":"https:\/\/www.facebook.com\/hairtransplant.drt","article_modified_time":"2024-01-30T19:09:53+00:00","twitter_misc":{"Tempo di lettura stimato":"4 minuti"},"schema":{"@context":"https:\/\/schema.org","@graph":[{"@type":"WebPage","@id":"https:\/\/drthair.com\/guide\/","url":"https:\/\/drthair.com\/guide\/","name":"Guida - DrT Hair","isPartOf":{"@id":"https:\/\/drthair.com\/#website"},"datePublished":"2019-01-24T12:17:23+00:00","dateModified":"2024-01-30T19:09:53+00:00","breadcrumb":{"@id":"https:\/\/drthair.com\/guide\/#breadcrumb"},"inLanguage":"it-IT","potentialAction":[{"@type":"ReadAction","target":["https:\/\/drthair.com\/guide\/"]}]},{"@type":"BreadcrumbList","@id":"https:\/\/drthair.com\/guide\/#breadcrumb","itemListElement":[{"@type":"ListItem","position":1,"name":"Home","item":"https:\/\/drthair.com\/it\/"},{"@type":"ListItem","position":2,"name":"Guida"}]},{"@type":"WebSite","@id":"https:\/\/drthair.com\/#website","url":"https:\/\/drthair.com\/","name":"DrT Hair","description":"Best Hair Transplantation  in Turkey","publisher":{"@id":"https:\/\/drthair.com\/#organization"},"potentialAction":[{"@type":"SearchAction","target":{"@type":"EntryPoint","urlTemplate":"https:\/\/drthair.com\/?s={search_term_string}"},"query-input":{"@type":"PropertyValueSpecification","valueRequired":true,"valueName":"search_term_string"}}],"inLanguage":"it-IT"},{"@type":"Organization","@id":"https:\/\/drthair.com\/#organization","name":"DrT Hair","url":"https:\/\/drthair.com\/","logo":{"@type":"ImageObject","inLanguage":"it-IT","@id":"https:\/\/drthair.com\/#\/schema\/logo\/image\/","url":"https:\/\/drthair.com\/wp-content\/uploads\/2020\/06\/logo-org.png","contentUrl":"https:\/\/drthair.com\/wp-content\/uploads\/2020\/06\/logo-org.png","width":620,"height":95,"caption":"DrT Hair"},"image":{"@id":"https:\/\/drthair.com\/#\/schema\/logo\/image\/"},"sameAs":["https:\/\/www.facebook.com\/hairtransplant.drt","https:\/\/www.instagram.com\/drthairtransplant\/","https:\/\/www.youtube.com\/channel\/UCsQGjJoo4xatb74vRph7rcw"]}]}},"_links":{"self":[{"href":"https:\/\/drthair.com\/it\/wp-json\/wp\/v2\/pages\/9058","targetHints":{"allow":["GET"]}}],"collection":[{"href":"https:\/\/drthair.com\/it\/wp-json\/wp\/v2\/pages"}],"about":[{"href":"https:\/\/drthair.com\/it\/wp-json\/wp\/v2\/types\/page"}],"author":[{"embeddable":true,"href":"https:\/\/drthair.com\/it\/wp-json\/wp\/v2\/users\/1"}],"replies":[{"embeddable":true,"href":"https:\/\/drthair.com\/it\/wp-json\/wp\/v2\/comments?post=9058"}],"version-history":[{"count":0,"href":"https:\/\/drthair.com\/it\/wp-json\/wp\/v2\/pages\/9058\/revisions"}],"wp:attachment":[{"href":"https:\/\/drthair.com\/it\/wp-json\/wp\/v2\/media?parent=9058"}],"curies":[{"name":"wp","href":"https:\/\/api.w.org\/{rel}","templated":true}]}}